{"id":1832,"date":"2025-12-05T06:06:35","date_gmt":"2025-12-05T06:06:35","guid":{"rendered":"https:\/\/afk-spin.net\/app\/"},"modified":"2026-03-05T09:13:08","modified_gmt":"2026-03-05T09:13:08","slug":"aplicacao","status":"publish","type":"page","link":"https:\/\/afk-spin.net\/pt-pt\/aplicacao\/","title":{"rendered":"Aplica\u00e7\u00e3o"},"content":{"rendered":"<h1>AFKSpin Aplica\u00e7\u00e3o para iOS e Android<\/h1>\n<p>A AFKSpin app \u00e9 o nosso formato m\u00f3vel para jogadores que preferem um layout limpo, ao estilo de um app. Mantemos o lobby organizado e as p\u00e1ginas dos jogos f\u00e1ceis de ler, para que a navega\u00e7\u00e3o seja previs\u00edvel. Muitos jogadores usam-no quando querem uma sess\u00e3o r\u00e1pida e n\u00e3o querem atrito extra entre abrir a plataforma e entrar num jogo.<\/p>\n<div class=\"banner-wrap\" aria-label=\"Banner\"><img src=\"https:\/\/afk-spin.net\/wp-content\/uploads\/2025\/12\/AFK-Spins-banner-carousel-932\u0445400.webp\" class=\"w-100 d-none d-lg-block img-pc main-banner-img\" alt=\"AFKspin desktop banner\" fetchpriority=\"high\" decoding=\"async\"><img src=\"https:\/\/afk-spin.net\/wp-content\/uploads\/2025\/12\/AFKspin-mobile-banner.webp\" class=\"w-100 d-none d-md-block d-lg-none main-banner-img\" alt=\"AFKspin mobile banner\" fetchpriority=\"high\" decoding=\"async\"><img src=\"https:\/\/afk-spin.net\/wp-content\/uploads\/2025\/12\/AFKspin-mobile-banner.webp\" class=\"w-100 d-md-none\" alt=\"AFKspin mobile banner\" fetchpriority=\"high\" decoding=\"async\"><div class=\"banner-description\">\n<div class=\"banner-title\">B\u00f3nus de Boas-Vindas<\/div>\n<p class=\"banner-header-title\">1500 \u20ac<\/p>\n<div class=\"banner-header-AdditionalText\">+ 250 Rodadas Gr\u00e1tis<\/div>\n<button data-item=\"homepage_banner_link\" class=\"goto m-button m-gradient-border m-button--primary m-button--large banner-button btn-orange\">\n            <div class=\"m-button-content\">\n                <span>Registe-se agora<\/span>\n                <span><\/span>\n            <\/div>\n        <\/button>\n<\/div>\n<div class=\"WelcomePack\">\n<p><img loading=\"lazy\" decoding=\"async\" class=\"alignnone size-full wp-image-1338\" src=\"https:\/\/afk-spin.net\/wp-content\/uploads\/2025\/12\/welcome-crown.svg\" alt=\"crown\" width=\"25\" height=\"26\" \/><\/p>\n<div class=\"WelcomePack-Info\">Cashback semanal at\u00e9 25%<\/div>\n<p><img loading=\"lazy\" decoding=\"async\" class=\"alignnone size-full wp-image-1338\" src=\"https:\/\/afk-spin.net\/wp-content\/uploads\/2025\/12\/welcome-crown.svg\" alt=\"crown\" width=\"25\" height=\"26\" \/><\/p>\n<\/div>\n<\/div>\n<h2>Por que escolher a app do casino AFK Spin<\/h2>\n<p>A aplica\u00e7\u00e3o AFK Spin otimiza todos os jogos e funcionalidades do casino para o seu dispositivo m\u00f3vel. A principal diferen\u00e7a entre o software m\u00f3vel e a vers\u00e3o para PC \u00e9 a sua portabilidade. Outra caracter\u00edstica distintiva do software \u00e9 a nossa mec\u00e2nica propriet\u00e1ria \u201csem teclado\u201d (AFK) para ajustar defini\u00e7\u00f5es e iniciar jogos. Assim, \u00e9 um casino m\u00f3vel totalmente otimizado no seu bolso.<\/p>\n<p>A vantagem de um PC \u00e9 o ecr\u00e3 grande, mas todas as funcionalidades s\u00e3o as mesmas tanto no PC como na app m\u00f3vel. O software compensa o ecr\u00e3 pequeno com uma interface t\u00e1til otimizada e notifica\u00e7\u00f5es push. Na nossa aplica\u00e7\u00e3o, pode fazer tudo o que pode fazer num navegador: concluir o processo de verifica\u00e7\u00e3o, realizar transa\u00e7\u00f5es, usar b\u00f3nus, jogar todos os jogos e muito mais.<\/p>\n<table>\n<tbody>\n<tr>\n<td>Funcionalidade<\/td>\n<td>App m\u00f3vel AFK Spin<\/td>\n<td>Vers\u00e3o para PC<\/td>\n<\/tr>\n<tr>\n<td>Portabilidade<\/td>\n<td>Pode jogar em qualquer lugar.<\/td>\n<td>Limitado a um local fixo.<\/td>\n<\/tr>\n<tr>\n<td>Mec\u00e2nicas AFK<\/td>\n<td>Permite recolha passiva de recompensas.<\/td>\n<td>Requer que o jogo esteja a correr ativamente.<\/td>\n<\/tr>\n<tr>\n<td>Interface<\/td>\n<td>Controlos t\u00e1teis otimizados.<\/td>\n<td>Ecr\u00e3 maior e, tradicionalmente, rato\/teclado.<\/td>\n<\/tr>\n<tr>\n<td>Notifica\u00e7\u00f5es<\/td>\n<td>Alertas push para vit\u00f3rias\/promo\u00e7\u00f5es.<\/td>\n<td>Requer monitoriza\u00e7\u00e3o do navegador.<\/td>\n<\/tr>\n<tr>\n<td>Conectividade<\/td>\n<td>Carregamento r\u00e1pido, acesso com um toque.<\/td>\n<td>Depende de abrir um navegador\/software.<\/td>\n<\/tr>\n<\/tbody>\n<\/table>\n<p><div style=\"clear: both\"><\/div><div class=\"d-flex justify-content-center\"><button data-item=\"decouvrez_link\" data-group=\"website_links\" class=\"goto fw-bold rounded-pill btn btn-orange\" aria-label=\"Descarregue a aplica\u00e7\u00e3o AFKspin\" >Descarregue a aplica\u00e7\u00e3o AFKspin<\/button><\/div><div class=\"scrollable-content-wrap my-5\"><div class=\"scrollable-content-inner\"><h2>Aplica\u00e7\u00e3o web AFKSpin para Windows e Mac<\/h2>\n<p>As aplica\u00e7\u00f5es web do casino AFKSpin iniciam o casino diretamente no seu computador sem qualquer instala\u00e7\u00e3o complicada. Tanto utilizadores de Windows como de Mac conseguem aceder rapidamente ao casino AFKSpin sem um processo de instala\u00e7\u00e3o demorado. Basta visitar o nosso website e criar um atalho no seu ambiente de trabalho para um acesso r\u00e1pido com um clique. Este atalho transforma a aplica\u00e7\u00e3o numa aplica\u00e7\u00e3o web separada e funciona como um programa normal. Vai poder iniciar a AFKSpin a partir do ambiente de trabalho do seu PC. As aplica\u00e7\u00f5es para Mac e Windows t\u00eam uma interface otimizada que se ajusta \u00e0 escala do ecr\u00e3 do seu computador.<\/p>\n<p><img loading=\"lazy\" decoding=\"async\" src=\"https:\/\/afk-spin.net\/wp-content\/uploads\/2025\/12\/AFKspin-Desktop.webp\" alt=\"AFKspin Desktop\" width=\"1248\" height=\"536\" \/><\/p>\n<\/div><\/div><div style=\"clear: both\"><\/div><div class=\"d-flex justify-content-center\"><button data-item=\"decouvrez_link\" data-group=\"website_links\" class=\"goto fw-bold rounded-pill btn btn-orange\" aria-label=\"Descarregue AFKspin\" >Descarregue AFKspin<\/button><\/div><div class=\"scrollable-content-wrap my-5\"><div class=\"scrollable-content-inner\"><h2>Instalar uma aplica\u00e7\u00e3o Android<\/h2>\n<p>A forma mais r\u00e1pida de aproveitar todas as vantagens de um casino no seu dispositivo m\u00f3vel \u00e9 usar a AFKSpin para Android. O software AFKSpin para Android \u00e9 uma aplica\u00e7\u00e3o web progressiva (PWA) moderna. Cri\u00e1mos este software para funcionar em qualquer dispositivo m\u00f3vel e fornecer acesso imediato. A nossa aplica\u00e7\u00e3o web progressiva n\u00e3o exige nenhuma instala\u00e7\u00e3o complicada \u2014 sem ficheiros APK nem downloads longos. A PWA \u00e9 r\u00e1pida e integra-se facilmente com o seu telem\u00f3vel.<\/p>\n<h3>Como descarregar o APK<\/h3>\n<p>N\u00e3o precisa de ir \u00e0 Play Store nem de descarregar o ficheiro APK da AFKSpin. Instalar a PWA da AFKSpin \u00e9 simples e demora apenas alguns segundos.<\/p>\n<ol>\n<li>Deslize para baixo na p\u00e1gina principal do website AFKSpin no seu dispositivo Android.<\/li>\n<li>Toque no bot\u00e3o \u201cApp do Casino\u201d.<\/li>\n<li>Selecione \u201cInstalar\u201d.<\/li>\n<\/ol>\n<p>A app AFKSpin ser\u00e1 ent\u00e3o adicionada de imediato ao seu ecr\u00e3 inicial e \u00e0 gaveta de aplica\u00e7\u00f5es, pronta para abrir com um \u00fanico toque.<\/p>\n<p><img loading=\"lazy\" decoding=\"async\" src=\"https:\/\/afk-spin.net\/wp-content\/uploads\/2025\/12\/AFKspin-Android-App.webp\" alt=\"AFKspin Android App\" width=\"1248\" height=\"536\" \/><\/p>\n<\/div><\/div><div style=\"clear: both\"><\/div><div class=\"d-flex justify-content-center\"><button data-item=\"decouvrez_link\" data-group=\"website_links\" class=\"goto fw-bold rounded-pill btn btn-orange\" aria-label=\"Descarregue a aplica\u00e7\u00e3o AFKspin\" >Descarregue a aplica\u00e7\u00e3o AFKspin<\/button><\/div><div class=\"scrollable-content-wrap my-5\"><div class=\"scrollable-content-inner\"><h2>Aplica\u00e7\u00e3o AFK Spin para iOS<\/h2>\n<p>Para utilizadores Apple, a app AFKSpin para iOS est\u00e1 totalmente otimizada. Tem uma interface nativa que funciona atrav\u00e9s do navegador Safari. O nosso software pode ser descarregado para o seu dispositivo m\u00f3vel sem visitar a App Store. N\u00e3o \u00e9 preciso descarregar nem instalar nada. Este m\u00e9todo carrega rapidamente e suporta notifica\u00e7\u00f5es push. Ver\u00e1 um \u00edcone especial no seu ecr\u00e3 inicial com acesso r\u00e1pido aos seus jogos de casino favoritos.<\/p>\n<h3>Instalar a app num dispositivo iOS<\/h3>\n<ol>\n<li>Abra o website AFKSpin no seu navegador Safari.<\/li>\n<li>Toque no \u00edcone \u201cPartilhar\u201d, localizado na parte inferior do ecr\u00e3.<\/li>\n<li>Selecione \u201cAdicionar ao ecr\u00e3 principal\u201d.<\/li>\n<li>Confirme \u201cAdicionar\u201d no canto superior direito.<\/li>\n<\/ol>\n<p>Depois disso, a app AFKSpin est\u00e1 pronta a usar e aparecer\u00e1 no seu ecr\u00e3 inicial. Se tiver alguma quest\u00e3o sobre a instala\u00e7\u00e3o ou sobre qualquer outro tema, contacte a nossa equipa de suporte via chat ao vivo ou e-mail.<\/p>\n<p><img loading=\"lazy\" decoding=\"async\" src=\"https:\/\/afk-spin.net\/wp-content\/uploads\/2025\/12\/AFKspin-iOS-App.webp\" alt=\"AFKspin iOS App\" width=\"1248\" height=\"536\" \/><\/p>\n<\/div><\/div><div style=\"clear: both\"><\/div><div class=\"d-flex justify-content-center\"><button data-item=\"decouvrez_link\" data-group=\"website_links\" class=\"goto fw-bold rounded-pill btn btn-orange\" aria-label=\"Descarregue AFKspin\" >Descarregue AFKspin<\/button><\/div><div class=\"scrollable-content-wrap my-5\"><div class=\"scrollable-content-inner\"><h2>FAQ<\/h2>\n<h3>A app do AFKspin Casino \u00e9 gratuita para descarregar?<\/h3>\n<p>Sim, a app do casino AFKSpin pode ser descarregada e instalada totalmente gr\u00e1tis em dispositivos Android e iOS. O nosso software n\u00e3o exige um pagamento separado nem downloads complicados de ficheiros APK para Android. \u00c9 f\u00e1cil de instalar em dispositivos iOS a partir do nosso website.<\/p>\n<h3>Posso usar Face ID ou impress\u00e3o digital para iniciar sess\u00e3o de forma mais r\u00e1pida e segura?<\/h3>\n<p>Claro. A app AFKSpin suporta m\u00e9todos de in\u00edcio de sess\u00e3o biom\u00e9tricos, como Face ID e impress\u00e3o digital (Touch ID). Esta fun\u00e7\u00e3o est\u00e1 dispon\u00edvel em todos os dispositivos. Pode ativar esta op\u00e7\u00e3o nas defini\u00e7\u00f5es da app. Este m\u00e9todo de iniciar sess\u00e3o na app pode ser uma medida adicional para proteger os seus dados.<\/p>\n<h3>Se j\u00e1 tiver uma conta no website, posso usar o mesmo in\u00edcio de sess\u00e3o na app?<\/h3>\n<p>Sim, a sua conta pode ser ligada a v\u00e1rios dispositivos. Pode iniciar sess\u00e3o na sua conta tanto no navegador como na app. Use o mesmo nome de utilizador e palavra-passe para iniciar sess\u00e3o na app. O seu saldo, progresso, b\u00f3nus e todo o hist\u00f3rico ser\u00e3o sincronizados em todos os dispositivos.<\/p>\n<h3>A app oferece a gama completa de jogos e m\u00e9todos de pagamento?<\/h3>\n<p>Sim, a app AFKSpin suporta as mesmas funcionalidades do casino que o navegador. Oferece a gama completa de jogos dispon\u00edveis no website, como slots online, jogos de mesa e jogos com croupier ao vivo. A app oferece os mesmos m\u00e9todos de pagamento que o navegador.<\/p>\n<\/div><\/div><\/p>\n","protected":false},"excerpt":{"rendered":"<p>AFKSpin Aplica\u00e7\u00e3o para iOS e Android A AFKSpin app \u00e9 o nosso formato m\u00f3vel para jogadores que preferem um layout limpo, ao estilo de um app. Mantemos o lobby organizado e as p\u00e1ginas dos jogos f\u00e1ceis de ler, para que a navega\u00e7\u00e3o seja previs\u00edvel. Muitos jogadores usam-no quando querem uma sess\u00e3o r\u00e1pida e n\u00e3o querem [&hellip;]<\/p>\n","protected":false},"author":1,"featured_media":0,"parent":0,"menu_order":0,"comment_status":"closed","ping_status":"closed","template":"template-builder.php","meta":{"_acf_changed":false,"inline_featured_image":false,"footnotes":""},"class_list":["post-1832","page","type-page","status-publish","hentry"],"acf":[],"yoast_head":"<!-- This site is optimized with the Yoast SEO plugin v27.3 - https:\/\/yoast.com\/product\/yoast-seo-wordpress\/ -->\n<title>AFKSpin App para iOS e Android: PWA Casino App<\/title>\n<meta name=\"description\" content=\"AFKSpin app para iOS e Android \u00e9 um PWA com um lobby intuitivo e acesso com um \u00fanico toque. Instale diretamente do site, sem ficheiros APK, sem Play Store e sem App Store. Utilize o mesmo login em todos os seus dispositivos e receba notifica\u00e7\u00f5es push sobre as suas vit\u00f3rias e promo\u00e7\u00f5es.\" \/>\n<meta name=\"robots\" content=\"index, follow, max-snippet:-1, max-image-preview:large, max-video-preview:-1\" \/>\n<link rel=\"canonical\" href=\"https:\/\/afk-spin.net\/pt-pt\/aplicacao\/\" \/>\n<meta property=\"og:locale\" content=\"pt_PT\" \/>\n<meta property=\"og:type\" content=\"article\" \/>\n<meta property=\"og:title\" content=\"AFKSpin App para iOS e Android: PWA Casino App\" \/>\n<meta property=\"og:description\" content=\"AFKSpin app para iOS e Android \u00e9 um PWA com um lobby intuitivo e acesso com um \u00fanico toque. Instale diretamente do site, sem ficheiros APK, sem Play Store e sem App Store. Utilize o mesmo login em todos os seus dispositivos e receba notifica\u00e7\u00f5es push sobre as suas vit\u00f3rias e promo\u00e7\u00f5es.\" \/>\n<meta property=\"og:url\" content=\"https:\/\/afk-spin.net\/pt-pt\/aplicacao\/\" \/>\n<meta property=\"og:site_name\" content=\"afkspin\" \/>\n<meta property=\"article:modified_time\" content=\"2026-03-05T09:13:08+00:00\" \/>\n<meta name=\"twitter:card\" content=\"summary_large_image\" \/>\n<meta name=\"twitter:label1\" content=\"Est. reading time\" \/>\n\t<meta name=\"twitter:data1\" content=\"2 minutes\" \/>\n<script type=\"application\/ld+json\" class=\"yoast-schema-graph\">{\"@context\":\"https:\\\/\\\/schema.org\",\"@graph\":[{\"@type\":\"WebPage\",\"@id\":\"https:\\\/\\\/afk-spin.net\\\/pt-pt\\\/aplicacao\\\/\",\"url\":\"https:\\\/\\\/afk-spin.net\\\/pt-pt\\\/aplicacao\\\/\",\"name\":\"AFKSpin App para iOS e Android: PWA Casino App\",\"isPartOf\":{\"@id\":\"https:\\\/\\\/afk-spin.net\\\/pt-pt\\\/#website\"},\"datePublished\":\"2025-12-05T06:06:35+00:00\",\"dateModified\":\"2026-03-05T09:13:08+00:00\",\"description\":\"AFKSpin app para iOS e Android \u00e9 um PWA com um lobby intuitivo e acesso com um \u00fanico toque. Instale diretamente do site, sem ficheiros APK, sem Play Store e sem App Store. Utilize o mesmo login em todos os seus dispositivos e receba notifica\u00e7\u00f5es push sobre as suas vit\u00f3rias e promo\u00e7\u00f5es.\",\"breadcrumb\":{\"@id\":\"https:\\\/\\\/afk-spin.net\\\/pt-pt\\\/aplicacao\\\/#breadcrumb\"},\"inLanguage\":\"pt-PT\",\"potentialAction\":[{\"@type\":\"ReadAction\",\"target\":[\"https:\\\/\\\/afk-spin.net\\\/pt-pt\\\/aplicacao\\\/\"]}]},{\"@type\":\"BreadcrumbList\",\"@id\":\"https:\\\/\\\/afk-spin.net\\\/pt-pt\\\/aplicacao\\\/#breadcrumb\",\"itemListElement\":[{\"@type\":\"ListItem\",\"position\":1,\"name\":\"Afkspin\",\"item\":\"https:\\\/\\\/afk-spin.net\\\/pt-pt\\\/\"},{\"@type\":\"ListItem\",\"position\":2,\"name\":\"Aplica\u00e7\u00e3o\"}]},{\"@type\":\"WebSite\",\"@id\":\"https:\\\/\\\/afk-spin.net\\\/pt-pt\\\/#website\",\"url\":\"https:\\\/\\\/afk-spin.net\\\/pt-pt\\\/\",\"name\":\"Afkspin\",\"description\":\"\",\"publisher\":{\"@id\":\"https:\\\/\\\/afk-spin.net\\\/pt-pt\\\/#organization\"},\"potentialAction\":[{\"@type\":\"SearchAction\",\"target\":{\"@type\":\"EntryPoint\",\"urlTemplate\":\"https:\\\/\\\/afk-spin.net\\\/pt-pt\\\/?s={search_term_string}\"},\"query-input\":{\"@type\":\"PropertyValueSpecification\",\"valueRequired\":true,\"valueName\":\"search_term_string\"}}],\"inLanguage\":\"pt-PT\"},{\"@type\":\"Organization\",\"@id\":\"https:\\\/\\\/afk-spin.net\\\/pt-pt\\\/#organization\",\"name\":\"Afkspin\",\"url\":\"https:\\\/\\\/afk-spin.net\\\/pt-pt\\\/\",\"logo\":{\"@type\":\"ImageObject\",\"inLanguage\":\"pt-PT\",\"@id\":\"https:\\\/\\\/afk-spin.net\\\/pt-pt\\\/#\\\/schema\\\/logo\\\/image\\\/\",\"url\":\"https:\\\/\\\/afk-spin.net\\\/wp-content\\\/uploads\\\/2025\\\/12\\\/logo.svg\",\"contentUrl\":\"https:\\\/\\\/afk-spin.net\\\/wp-content\\\/uploads\\\/2025\\\/12\\\/logo.svg\",\"width\":84,\"height\":24,\"caption\":\"Afkspin\"},\"image\":{\"@id\":\"https:\\\/\\\/afk-spin.net\\\/pt-pt\\\/#\\\/schema\\\/logo\\\/image\\\/\"}}]}<\/script>\n<!-- \/ Yoast SEO plugin. -->","yoast_head_json":{"title":"AFKSpin App para iOS e Android: PWA Casino App","description":"AFKSpin app para iOS e Android \u00e9 um PWA com um lobby intuitivo e acesso com um \u00fanico toque. Instale diretamente do site, sem ficheiros APK, sem Play Store e sem App Store. Utilize o mesmo login em todos os seus dispositivos e receba notifica\u00e7\u00f5es push sobre as suas vit\u00f3rias e promo\u00e7\u00f5es.","robots":{"index":"index","follow":"follow","max-snippet":"max-snippet:-1","max-image-preview":"max-image-preview:large","max-video-preview":"max-video-preview:-1"},"canonical":"https:\/\/afk-spin.net\/pt-pt\/aplicacao\/","og_locale":"pt_PT","og_type":"article","og_title":"AFKSpin App para iOS e Android: PWA Casino App","og_description":"AFKSpin app para iOS e Android \u00e9 um PWA com um lobby intuitivo e acesso com um \u00fanico toque. Instale diretamente do site, sem ficheiros APK, sem Play Store e sem App Store. Utilize o mesmo login em todos os seus dispositivos e receba notifica\u00e7\u00f5es push sobre as suas vit\u00f3rias e promo\u00e7\u00f5es.","og_url":"https:\/\/afk-spin.net\/pt-pt\/aplicacao\/","og_site_name":"afkspin","article_modified_time":"2026-03-05T09:13:08+00:00","twitter_card":"summary_large_image","twitter_misc":{"Est. reading time":"2 minutes"},"schema":{"@context":"https:\/\/schema.org","@graph":[{"@type":"WebPage","@id":"https:\/\/afk-spin.net\/pt-pt\/aplicacao\/","url":"https:\/\/afk-spin.net\/pt-pt\/aplicacao\/","name":"AFKSpin App para iOS e Android: PWA Casino App","isPartOf":{"@id":"https:\/\/afk-spin.net\/pt-pt\/#website"},"datePublished":"2025-12-05T06:06:35+00:00","dateModified":"2026-03-05T09:13:08+00:00","description":"AFKSpin app para iOS e Android \u00e9 um PWA com um lobby intuitivo e acesso com um \u00fanico toque. Instale diretamente do site, sem ficheiros APK, sem Play Store e sem App Store. Utilize o mesmo login em todos os seus dispositivos e receba notifica\u00e7\u00f5es push sobre as suas vit\u00f3rias e promo\u00e7\u00f5es.","breadcrumb":{"@id":"https:\/\/afk-spin.net\/pt-pt\/aplicacao\/#breadcrumb"},"inLanguage":"pt-PT","potentialAction":[{"@type":"ReadAction","target":["https:\/\/afk-spin.net\/pt-pt\/aplicacao\/"]}]},{"@type":"BreadcrumbList","@id":"https:\/\/afk-spin.net\/pt-pt\/aplicacao\/#breadcrumb","itemListElement":[{"@type":"ListItem","position":1,"name":"Afkspin","item":"https:\/\/afk-spin.net\/pt-pt\/"},{"@type":"ListItem","position":2,"name":"Aplica\u00e7\u00e3o"}]},{"@type":"WebSite","@id":"https:\/\/afk-spin.net\/pt-pt\/#website","url":"https:\/\/afk-spin.net\/pt-pt\/","name":"Afkspin","description":"","publisher":{"@id":"https:\/\/afk-spin.net\/pt-pt\/#organization"},"potentialAction":[{"@type":"SearchAction","target":{"@type":"EntryPoint","urlTemplate":"https:\/\/afk-spin.net\/pt-pt\/?s={search_term_string}"},"query-input":{"@type":"PropertyValueSpecification","valueRequired":true,"valueName":"search_term_string"}}],"inLanguage":"pt-PT"},{"@type":"Organization","@id":"https:\/\/afk-spin.net\/pt-pt\/#organization","name":"Afkspin","url":"https:\/\/afk-spin.net\/pt-pt\/","logo":{"@type":"ImageObject","inLanguage":"pt-PT","@id":"https:\/\/afk-spin.net\/pt-pt\/#\/schema\/logo\/image\/","url":"https:\/\/afk-spin.net\/wp-content\/uploads\/2025\/12\/logo.svg","contentUrl":"https:\/\/afk-spin.net\/wp-content\/uploads\/2025\/12\/logo.svg","width":84,"height":24,"caption":"Afkspin"},"image":{"@id":"https:\/\/afk-spin.net\/pt-pt\/#\/schema\/logo\/image\/"}}]}},"_links":{"self":[{"href":"https:\/\/afk-spin.net\/pt-pt\/wp-json\/wp\/v2\/pages\/1832","targetHints":{"allow":["GET"]}}],"collection":[{"href":"https:\/\/afk-spin.net\/pt-pt\/wp-json\/wp\/v2\/pages"}],"about":[{"href":"https:\/\/afk-spin.net\/pt-pt\/wp-json\/wp\/v2\/types\/page"}],"author":[{"embeddable":true,"href":"https:\/\/afk-spin.net\/pt-pt\/wp-json\/wp\/v2\/users\/1"}],"replies":[{"embeddable":true,"href":"https:\/\/afk-spin.net\/pt-pt\/wp-json\/wp\/v2\/comments?post=1832"}],"version-history":[{"count":2,"href":"https:\/\/afk-spin.net\/pt-pt\/wp-json\/wp\/v2\/pages\/1832\/revisions"}],"predecessor-version":[{"id":1921,"href":"https:\/\/afk-spin.net\/pt-pt\/wp-json\/wp\/v2\/pages\/1832\/revisions\/1921"}],"wp:attachment":[{"href":"https:\/\/afk-spin.net\/pt-pt\/wp-json\/wp\/v2\/media?parent=1832"}],"curies":[{"name":"wp","href":"https:\/\/api.w.org\/{rel}","templated":true}]}}