{"id":1465,"date":"2025-12-05T06:14:39","date_gmt":"2025-12-05T06:14:39","guid":{"rendered":"https:\/\/afk-spin.net\/login-and-registration\/"},"modified":"2026-03-05T09:31:42","modified_gmt":"2026-03-05T09:31:42","slug":"logowanie-i-rejestracja","status":"publish","type":"page","link":"https:\/\/afk-spin.net\/pl\/logowanie-i-rejestracja\/","title":{"rendered":"Logowanie i rejestracja"},"content":{"rendered":"<h1>Logowanie do AFKSpin i rejestracja konta<\/h1>\n<p>AFKSpin Login to miejsce, w kt\u00f3rym logujesz si\u0119 na swoje konto w kasynie online i wracasz dok\u0142adnie tam, gdzie sko\u0144czy\u0142e\u015b. U\u017cyj go, aby uzyska\u0107 dost\u0119p do portfela i aktywnych ofert albo wr\u00f3ci\u0107 do holu gier w kilka klikni\u0119\u0107.<\/p>\n<p>Jeste\u015b tu nowy? Mo\u017cesz utworzy\u0107 konto w tej samej sekcji. Je\u015bli nie mo\u017cesz si\u0119 zalogowa\u0107, opcja resetowania has\u0142a pomo\u017ce Ci szybko odzyska\u0107 dost\u0119p.<\/p>\n<p><div class=\"banner-wrap\" aria-label=\"Banner\"><img src=\"https:\/\/afk-spin.net\/wp-content\/uploads\/2025\/12\/AFK-Spins-banner-carousel-932\u0445400.webp\" class=\"w-100 d-none d-lg-block img-pc main-banner-img\" alt=\"AFKspin desktop banner\" fetchpriority=\"high\" decoding=\"async\"><img src=\"https:\/\/afk-spin.net\/wp-content\/uploads\/2025\/12\/AFKspin-mobile-banner.webp\" class=\"w-100 d-none d-md-block d-lg-none main-banner-img\" alt=\"AFKspin mobile banner\" fetchpriority=\"high\" decoding=\"async\"><img src=\"https:\/\/afk-spin.net\/wp-content\/uploads\/2025\/12\/AFKspin-mobile-banner.webp\" class=\"w-100 d-md-none\" alt=\"AFKspin mobile banner\" fetchpriority=\"high\" decoding=\"async\"><div class=\"banner-description\">\n<div class=\"banner-title\">Bonusy powitalne<\/div>\n<p class=\"banner-header-title\">1500 \u20ac<\/p>\n<div class=\"banner-header-AdditionalText\">+ 250 Darmowe spiny<\/div>\n<button data-item=\"homepage_banner_link\" class=\"goto m-button m-gradient-border m-button--primary m-button--large banner-button btn-orange\">\n            <div class=\"m-button-content\">\n                <span>Zarejestruj si\u0119 teraz<\/span>\n                <span><\/span>\n            <\/div>\n        <\/button>\n<\/div>\n<div class=\"WelcomePack\">\n<p><img loading=\"lazy\" decoding=\"async\" class=\"alignnone size-full wp-image-1338\" src=\"https:\/\/afk-spin.net\/wp-content\/uploads\/2025\/12\/welcome-crown.svg\" alt=\"crown\" width=\"25\" height=\"26\" \/><\/p>\n<div class=\"WelcomePack-Info\">Cotygodniowy zwrot got\u00f3wki do 25%<\/div>\n<p><img loading=\"lazy\" decoding=\"async\" class=\"alignnone size-full wp-image-1338\" src=\"https:\/\/afk-spin.net\/wp-content\/uploads\/2025\/12\/welcome-crown.svg\" alt=\"crown\" width=\"25\" height=\"26\" \/><\/p>\n<\/div>\n<\/div><div class=\"scrollable-content-wrap my-5\"><div class=\"scrollable-content-inner\"><h2>Jak zarejestrowa\u0107 konto w AFK Spin<\/h2>\n<p>Aby do\u0142\u0105czy\u0107 do spo\u0142eczno\u015bci graczy AFK Spin Casino, musisz zarejestrowa\u0107 konto. Rejestracja zapewnia natychmiastowy dost\u0119p do wszystkich funkcji platformy. Tylko zarejestrowani u\u017cytkownicy mog\u0105 gra\u0107 na prawdziwe pieni\u0105dze lub w trybie demo, otrzymywa\u0107 bonusy, wp\u0142aca\u0107 \u015brodki i wyp\u0142aca\u0107 wygrane. Twoje konto AFKSpin \u0142\u0105czy Twoje post\u0119py, saldo i ustawienia bezpiecze\u0144stwa na wszystkich urz\u0105dzeniach, na kt\u00f3rych jeste\u015b zalogowany. Na przyk\u0142ad na urz\u0105dzeniach mobilnych i komputerach, w aplikacji lub w przegl\u0105darce.<\/p>\n<h3>Konfiguracja konta<\/h3>\n<p>Za\u0142o\u017cenie konta w serwisie AFKSpin jest proste i mo\u017cna to \u0142atwo zrobi\u0107 samodzielnie. Aby nie pozostawi\u0107 \u017cadnych w\u0105tpliwo\u015bci, opisujemy ten proces. Aby za\u0142o\u017cy\u0107 konto, post\u0119puj zgodnie z naszymi instrukcjami:<\/p>\n<ol>\n<li>Kliknij przycisk \u201eZarejestruj si\u0119\u201d. Znajduje si\u0119 on w prawym g\u00f3rnym rogu strony g\u0142\u00f3wnej AFKSpin.<\/li>\n<li>Pojawi si\u0119 okno formularza rejestracyjnego.<\/li>\n<li>Wpisz sw\u00f3j adres e-mail i ustaw has\u0142o.<\/li>\n<li>Je\u015bli posiadasz specjalny kod promocyjny, wprowad\u017a go na tym etapie.<\/li>\n<li>Potwierd\u017a, \u017ce akceptujesz nasze Warunki i Polityk\u0119 prywatno\u015bci.<\/li>\n<li>Potwierd\u017a, \u017ce masz uko\u0144czone 18 lat.<\/li>\n<li>Kliknij \u201eZapisz\u201d.<\/li>\n<li>Kliknij link w wiadomo\u015bci e-mail od AFK Spin.<\/li>\n<\/ol>\n<p>Twoje konto jest gotowe do u\u017cycia. Uko\u0144czy\u0142e\u015b proces logowania do serwisu AFKSpin.<\/p>\n<p><img loading=\"lazy\" decoding=\"async\" class=\"alignnone size-full wp-image-1942\" src=\"https:\/\/afk-spin.net\/wp-content\/uploads\/2026\/03\/Login-page-AFKspin.webp\" alt=\"Login page AFKspin\" width=\"1248\" height=\"536\" srcset=\"https:\/\/afk-spin.net\/wp-content\/uploads\/2026\/03\/Login-page-AFKspin.webp 1248w, https:\/\/afk-spin.net\/wp-content\/uploads\/2026\/03\/Login-page-AFKspin-300x129.webp 300w, https:\/\/afk-spin.net\/wp-content\/uploads\/2026\/03\/Login-page-AFKspin-1024x440.webp 1024w, https:\/\/afk-spin.net\/wp-content\/uploads\/2026\/03\/Login-page-AFKspin-768x330.webp 768w\" sizes=\"auto, (max-width: 1248px) 100vw, 1248px\" \/><\/p>\n<h2>Jak zalogowa\u0107 si\u0119 za pomoc\u0105 AFKSpin Login<\/h2>\n<p>Proces logowania do serwisu AFKSpin jest prosty i szybki. Po zalogowaniu si\u0119 uzyskasz pe\u0142n\u0105 kontrol\u0119 nad swoim profilem, p\u0142atno\u015bciami, bonusami i histori\u0105 aktywno\u015bci. Opisujemy proces logowania do serwisu AFKSpin specjalnie dla Ciebie.<\/p>\n<ol>\n<li>Kliknij przycisk \u201eZaloguj si\u0119\u201d. Znajduje si\u0119 on w prawym g\u00f3rnym rogu naszej strony internetowej.<\/li>\n<li>Wpisz sw\u00f3j adres e-mail i has\u0142o.<\/li>\n<li>Kliknij \u201eZaloguj si\u0119\u201d, aby potwierdzi\u0107.<\/li>\n<\/ol>\n<p>Tylko zarejestrowani u\u017cytkownicy maj\u0105 dost\u0119p do wszystkich funkcji kasyna. Po zalogowaniu si\u0119 na swoje konto mo\u017cesz nie tylko gra\u0107 w gry, korzysta\u0107 z bonus\u00f3w i wyp\u0142aca\u0107 wygrane, ale tak\u017ce zarz\u0105dza\u0107 swoimi ustawieniami. Oto niekt\u00f3re z dost\u0119pnych funkcji ustawie\u0144:<\/p>\n<table>\n<tbody>\n<tr>\n<td>Funkcja<\/td>\n<td>Co pozwala Ci to zrobi\u0107<\/td>\n<\/tr>\n<tr>\n<td>Ustawienia konta<\/td>\n<td>Zaktualizuj dane osobowe, dostosuj interfejs lub ustawienia j\u0119zykowe, a tak\u017ce preferencje dotycz\u0105ce bezpiecze\u0144stwa.<\/td>\n<\/tr>\n<tr>\n<td>Portfel i p\u0142atno\u015bci<\/td>\n<td>Zarz\u0105dzaj wp\u0142atami i wyp\u0142atami, przegl\u0105daj wszystkie transakcje finansowe i bezpiecznie przechowuj metody p\u0142atno\u015bci.<\/td>\n<\/tr>\n<tr>\n<td>Nagrody i premie<\/td>\n<td>Uzyskaj dost\u0119p do dost\u0119pnych bonus\u00f3w, monitoruj post\u0119py w obstawianiu i aktywuj nowe nagrody promocyjne.<\/td>\n<\/tr>\n<tr>\n<td>Przegl\u0105d dzia\u0142a\u0144<\/td>\n<td>\u015aled\u017a statystyki rozgrywki, przegl\u0105daj dane sesji i analizuj swoje wyniki w r\u00f3\u017cnych grach.<\/td>\n<\/tr>\n<tr>\n<td>Narz\u0119dzia odpowiedzialnej gry<\/td>\n<td>Ustaw limity wp\u0142at, liczniki czasu sesji, okresy karencji i inne mechanizmy kontroli maj\u0105ce na celu zapewnienie bezpiecznej i odpowiedzialnej gry.<\/td>\n<\/tr>\n<\/tbody>\n<\/table>\n<h3>Odzyskiwanie has\u0142a<\/h3>\n<p>W serwisie AFKSpin Casino odzyskanie loginu lub has\u0142a jest bardzo proste \u2013 mo\u017cna to zrobi\u0107 samodzielnie w ci\u0105gu zaledwie kilku minut. Je\u015bli zapomnia\u0142e\u015b loginu lub has\u0142a, skorzystaj z naszej procedury resetowania has\u0142a:<\/p>\n<ol>\n<li>Kliknij przycisk \u201eZaloguj si\u0119\u201d w prawym g\u00f3rnym rogu naszej strony internetowej.<\/li>\n<li>Wybierz opcj\u0119 \u201eNie pami\u0119tasz has\u0142a?\u201d poni\u017cej formularza logowania.<\/li>\n<li>Wprowad\u017a adres e-mail u\u017cyty do rejestracji konta AFKSpin.<\/li>\n<li>Otw\u00f3rz wiadomo\u015b\u0107 e-mail od AFKSpin i kliknij link, aby zresetowa\u0107 has\u0142o.<\/li>\n<li>Utw\u00f3rz nowe has\u0142o i zaloguj si\u0119 ponownie na swoje konto.<\/li>\n<\/ol>\n<p>Je\u015bli masz jakiekolwiek problemy z odzyskaniem has\u0142a, logowaniem, dost\u0119pem do konta itp., skontaktuj si\u0119 z naszym zespo\u0142em pomocy technicznej za po\u015brednictwem czatu na \u017cywo lub poczty elektronicznej.<\/p>\n<h2>Weryfikacja konta w kasynie AFK Spin<\/h2>\n<p>Chronimy wszystkich naszych graczy za pomoc\u0105 najbardziej zaawansowanych procedur ochrony danych. W AFKSpin wszyscy gracze musz\u0105 przej\u015b\u0107 weryfikacj\u0119 Know Your Customer (KYC), aby zapobiec nieautoryzowanemu dost\u0119powi. Proces ten jest regulowany przez standardy licencyjne kasyn. Proces weryfikacji potwierdza to\u017csamo\u015b\u0107, adres i wa\u017cno\u015b\u0107 instrument\u00f3w p\u0142atniczych. Wymagane dokumenty to zazwyczaj dow\u00f3d osobisty lub paszport, dane bankowe, potwierdzenie adresu (np. rachunek za media), a czasami prawo jazdy.<\/p>\n<p>Wszystkie dane przesy\u0142ane na naszej platformie s\u0105 chronione 256-bitowym szyfrowaniem SSL. Wdro\u017cyli\u015bmy ten \u015brodek bezpiecze\u0144stwa, aby zapewni\u0107 ca\u0142kowite bezpiecze\u0144stwo Twoich danych osobowych. Wyp\u0142aty s\u0105 zawsze przetwarzane r\u0119cznie przez naszych specjalist\u00f3w w celu potwierdzenia poprawno\u015bci transferu \u015brodk\u00f3w. Tworzymy ca\u0142kowicie bezpieczne \u015brodowisko gry dla naszych u\u017cytkownik\u00f3w.<\/p>\n<h2>Cz\u0119sto zadawane pytania<\/h2>\n<h3>Czy moje dane osobowe s\u0105 bezpieczne podczas procesu rejestracji?<\/h3>\n<p>Tak, Twoje dane osobowe s\u0105 ca\u0142kowicie bezpieczne w AFKSpin Casino. U\u017cywamy 256-bitowego szyfrowania SSL, \u017ceby chroni\u0107 wszystkie dane przesy\u0142ane podczas rejestracji. Mamy polityk\u0119 prywatno\u015bci. Nasze systemy s\u0105 regularnie aktualizowane, \u017ceby utrzyma\u0107 najwy\u017csze standardy bezpiecze\u0144stwa i chroni\u0107 Twoje dane.<\/p>\n<h3>Co mam zrobi\u0107, je\u015bli nie otrzyma\u0142em wiadomo\u015bci e-mail z linkiem do weryfikacji konta?<\/h3>\n<p>Najpierw sprawd\u017a foldery ze spamem lub wiadomo\u015bciami-\u015bmieciami, poniewa\u017c wiadomo\u015b\u0107 mog\u0142a zosta\u0107 przefiltrowana. Je\u015bli jej tam nie ma, upewnij si\u0119, \u017ce zarejestrowa\u0142e\u015b si\u0119 przy u\u017cyciu prawid\u0142owego adresu e-mail. Mo\u017cesz poprosi\u0107 o wys\u0142anie kolejnej wiadomo\u015bci e-mail z potwierdzeniem. Je\u015bli \u017cadne z tych rozwi\u0105za\u0144 nie zadzia\u0142a, skontaktuj si\u0119 z ca\u0142odobow\u0105 obs\u0142ug\u0105 klienta AFK Spin Casino.<\/p>\n<h3>Co musz\u0119 zrobi\u0107, aby zapewni\u0107 bezpiecze\u0144stwo mojego konta?<\/h3>\n<p>Zadbali\u015bmy ju\u017c o bezpiecze\u0144stwo Twojego konta. Wszystkie mechanizmy bezpiecze\u0144stwa s\u0105 w\u0142\u0105czone dla wszystkich zarejestrowanych u\u017cytkownik\u00f3w. Aby jednak zapewni\u0107 bezpiecze\u0144stwo swojego konta, zawsze nale\u017cy wybiera\u0107 silne, unikalne has\u0142o. Uko\u0144cz weryfikacj\u0119 Know Your Customer (KYC) i w\u0142\u0105cz wszystkie funkcje ochronne. Nie ujawniaj nikomu swoich danych logowania i korzystaj wy\u0142\u0105cznie z urz\u0105dze\u0144, kt\u00f3re uznajesz za godne zaufania, aby zalogowa\u0107 si\u0119 na swoje konto.<\/p>\n<\/div><\/div><\/p>\n","protected":false},"excerpt":{"rendered":"<p>Logowanie do AFKSpin i rejestracja konta AFKSpin Login to miejsce, w kt\u00f3rym logujesz si\u0119 na swoje konto w kasynie online i wracasz dok\u0142adnie tam, gdzie sko\u0144czy\u0142e\u015b. U\u017cyj go, aby uzyska\u0107 dost\u0119p do portfela i aktywnych ofert albo wr\u00f3ci\u0107 do holu gier w kilka klikni\u0119\u0107. Jeste\u015b tu nowy? Mo\u017cesz utworzy\u0107 konto w tej samej sekcji. Je\u015bli [&hellip;]<\/p>\n","protected":false},"author":1,"featured_media":0,"parent":0,"menu_order":0,"comment_status":"closed","ping_status":"closed","template":"template-builder.php","meta":{"_acf_changed":false,"inline_featured_image":false,"footnotes":""},"class_list":["post-1465","page","type-page","status-publish","hentry"],"acf":[],"yoast_head":"<!-- This site is optimized with the Yoast SEO plugin v27.3 - https:\/\/yoast.com\/product\/yoast-seo-wordpress\/ -->\n<title>AFKSpin Login: Szybka rejestracja i zarz\u0105dzanie kontem<\/title>\n<meta name=\"description\" content=\"AFKSpin login pozwala szybko si\u0119 zalogowa\u0107, uzyska\u0107 dost\u0119p do portfela i wr\u00f3ci\u0107 do lobby kasyna za pomoc\u0105 kilku klikni\u0119\u0107. Za\u0142\u00f3\u017c konto na tej samej stronie, u\u017cyj opcji \u201eNie pami\u0119tasz has\u0142a?\u201d, aby odzyska\u0107 dost\u0119p, i zarz\u0105dzaj bonusami, p\u0142atno\u015bciami i narz\u0119dziami odpowiedzialnej gry na r\u00f3\u017cnych urz\u0105dzeniach.\" \/>\n<meta name=\"robots\" content=\"index, follow, max-snippet:-1, max-image-preview:large, max-video-preview:-1\" \/>\n<link rel=\"canonical\" href=\"https:\/\/afk-spin.net\/pl\/logowanie-i-rejestracja\/\" \/>\n<meta property=\"og:locale\" content=\"pl_PL\" \/>\n<meta property=\"og:type\" content=\"article\" \/>\n<meta property=\"og:title\" content=\"AFKSpin Login: Szybka rejestracja i zarz\u0105dzanie kontem\" \/>\n<meta property=\"og:description\" content=\"AFKSpin login pozwala szybko si\u0119 zalogowa\u0107, uzyska\u0107 dost\u0119p do portfela i wr\u00f3ci\u0107 do lobby kasyna za pomoc\u0105 kilku klikni\u0119\u0107. Za\u0142\u00f3\u017c konto na tej samej stronie, u\u017cyj opcji \u201eNie pami\u0119tasz has\u0142a?\u201d, aby odzyska\u0107 dost\u0119p, i zarz\u0105dzaj bonusami, p\u0142atno\u015bciami i narz\u0119dziami odpowiedzialnej gry na r\u00f3\u017cnych urz\u0105dzeniach.\" \/>\n<meta property=\"og:url\" content=\"https:\/\/afk-spin.net\/pl\/logowanie-i-rejestracja\/\" \/>\n<meta property=\"og:site_name\" content=\"afkspin\" \/>\n<meta property=\"article:modified_time\" content=\"2026-03-05T09:31:42+00:00\" \/>\n<meta name=\"twitter:card\" content=\"summary_large_image\" \/>\n<meta name=\"twitter:label1\" content=\"Est. reading time\" \/>\n\t<meta name=\"twitter:data1\" content=\"1 minute\" \/>\n<script type=\"application\/ld+json\" class=\"yoast-schema-graph\">{\"@context\":\"https:\\\/\\\/schema.org\",\"@graph\":[{\"@type\":\"WebPage\",\"@id\":\"https:\\\/\\\/afk-spin.net\\\/pl\\\/logowanie-i-rejestracja\\\/\",\"url\":\"https:\\\/\\\/afk-spin.net\\\/pl\\\/logowanie-i-rejestracja\\\/\",\"name\":\"AFKSpin Login: Szybka rejestracja i zarz\u0105dzanie kontem\",\"isPartOf\":{\"@id\":\"https:\\\/\\\/afk-spin.net\\\/pl\\\/#website\"},\"datePublished\":\"2025-12-05T06:14:39+00:00\",\"dateModified\":\"2026-03-05T09:31:42+00:00\",\"description\":\"AFKSpin login pozwala szybko si\u0119 zalogowa\u0107, uzyska\u0107 dost\u0119p do portfela i wr\u00f3ci\u0107 do lobby kasyna za pomoc\u0105 kilku klikni\u0119\u0107. Za\u0142\u00f3\u017c konto na tej samej stronie, u\u017cyj opcji \u201eNie pami\u0119tasz has\u0142a?\u201d, aby odzyska\u0107 dost\u0119p, i zarz\u0105dzaj bonusami, p\u0142atno\u015bciami i narz\u0119dziami odpowiedzialnej gry na r\u00f3\u017cnych urz\u0105dzeniach.\",\"breadcrumb\":{\"@id\":\"https:\\\/\\\/afk-spin.net\\\/pl\\\/logowanie-i-rejestracja\\\/#breadcrumb\"},\"inLanguage\":\"pl-PL\",\"potentialAction\":[{\"@type\":\"ReadAction\",\"target\":[\"https:\\\/\\\/afk-spin.net\\\/pl\\\/logowanie-i-rejestracja\\\/\"]}]},{\"@type\":\"BreadcrumbList\",\"@id\":\"https:\\\/\\\/afk-spin.net\\\/pl\\\/logowanie-i-rejestracja\\\/#breadcrumb\",\"itemListElement\":[{\"@type\":\"ListItem\",\"position\":1,\"name\":\"Afkspin\",\"item\":\"https:\\\/\\\/afk-spin.net\\\/pl\\\/\"},{\"@type\":\"ListItem\",\"position\":2,\"name\":\"Logowanie i rejestracja\"}]},{\"@type\":\"WebSite\",\"@id\":\"https:\\\/\\\/afk-spin.net\\\/pl\\\/#website\",\"url\":\"https:\\\/\\\/afk-spin.net\\\/pl\\\/\",\"name\":\"Afkspin\",\"description\":\"\",\"publisher\":{\"@id\":\"https:\\\/\\\/afk-spin.net\\\/pl\\\/#organization\"},\"potentialAction\":[{\"@type\":\"SearchAction\",\"target\":{\"@type\":\"EntryPoint\",\"urlTemplate\":\"https:\\\/\\\/afk-spin.net\\\/pl\\\/?s={search_term_string}\"},\"query-input\":{\"@type\":\"PropertyValueSpecification\",\"valueRequired\":true,\"valueName\":\"search_term_string\"}}],\"inLanguage\":\"pl-PL\"},{\"@type\":\"Organization\",\"@id\":\"https:\\\/\\\/afk-spin.net\\\/pl\\\/#organization\",\"name\":\"Afkspin\",\"url\":\"https:\\\/\\\/afk-spin.net\\\/pl\\\/\",\"logo\":{\"@type\":\"ImageObject\",\"inLanguage\":\"pl-PL\",\"@id\":\"https:\\\/\\\/afk-spin.net\\\/pl\\\/#\\\/schema\\\/logo\\\/image\\\/\",\"url\":\"https:\\\/\\\/afk-spin.net\\\/wp-content\\\/uploads\\\/2025\\\/12\\\/logo.svg\",\"contentUrl\":\"https:\\\/\\\/afk-spin.net\\\/wp-content\\\/uploads\\\/2025\\\/12\\\/logo.svg\",\"width\":84,\"height\":24,\"caption\":\"Afkspin\"},\"image\":{\"@id\":\"https:\\\/\\\/afk-spin.net\\\/pl\\\/#\\\/schema\\\/logo\\\/image\\\/\"}}]}<\/script>\n<!-- \/ Yoast SEO plugin. -->","yoast_head_json":{"title":"AFKSpin Login: Szybka rejestracja i zarz\u0105dzanie kontem","description":"AFKSpin login pozwala szybko si\u0119 zalogowa\u0107, uzyska\u0107 dost\u0119p do portfela i wr\u00f3ci\u0107 do lobby kasyna za pomoc\u0105 kilku klikni\u0119\u0107. Za\u0142\u00f3\u017c konto na tej samej stronie, u\u017cyj opcji \u201eNie pami\u0119tasz has\u0142a?\u201d, aby odzyska\u0107 dost\u0119p, i zarz\u0105dzaj bonusami, p\u0142atno\u015bciami i narz\u0119dziami odpowiedzialnej gry na r\u00f3\u017cnych urz\u0105dzeniach.","robots":{"index":"index","follow":"follow","max-snippet":"max-snippet:-1","max-image-preview":"max-image-preview:large","max-video-preview":"max-video-preview:-1"},"canonical":"https:\/\/afk-spin.net\/pl\/logowanie-i-rejestracja\/","og_locale":"pl_PL","og_type":"article","og_title":"AFKSpin Login: Szybka rejestracja i zarz\u0105dzanie kontem","og_description":"AFKSpin login pozwala szybko si\u0119 zalogowa\u0107, uzyska\u0107 dost\u0119p do portfela i wr\u00f3ci\u0107 do lobby kasyna za pomoc\u0105 kilku klikni\u0119\u0107. Za\u0142\u00f3\u017c konto na tej samej stronie, u\u017cyj opcji \u201eNie pami\u0119tasz has\u0142a?\u201d, aby odzyska\u0107 dost\u0119p, i zarz\u0105dzaj bonusami, p\u0142atno\u015bciami i narz\u0119dziami odpowiedzialnej gry na r\u00f3\u017cnych urz\u0105dzeniach.","og_url":"https:\/\/afk-spin.net\/pl\/logowanie-i-rejestracja\/","og_site_name":"afkspin","article_modified_time":"2026-03-05T09:31:42+00:00","twitter_card":"summary_large_image","twitter_misc":{"Est. reading time":"1 minute"},"schema":{"@context":"https:\/\/schema.org","@graph":[{"@type":"WebPage","@id":"https:\/\/afk-spin.net\/pl\/logowanie-i-rejestracja\/","url":"https:\/\/afk-spin.net\/pl\/logowanie-i-rejestracja\/","name":"AFKSpin Login: Szybka rejestracja i zarz\u0105dzanie kontem","isPartOf":{"@id":"https:\/\/afk-spin.net\/pl\/#website"},"datePublished":"2025-12-05T06:14:39+00:00","dateModified":"2026-03-05T09:31:42+00:00","description":"AFKSpin login pozwala szybko si\u0119 zalogowa\u0107, uzyska\u0107 dost\u0119p do portfela i wr\u00f3ci\u0107 do lobby kasyna za pomoc\u0105 kilku klikni\u0119\u0107. Za\u0142\u00f3\u017c konto na tej samej stronie, u\u017cyj opcji \u201eNie pami\u0119tasz has\u0142a?\u201d, aby odzyska\u0107 dost\u0119p, i zarz\u0105dzaj bonusami, p\u0142atno\u015bciami i narz\u0119dziami odpowiedzialnej gry na r\u00f3\u017cnych urz\u0105dzeniach.","breadcrumb":{"@id":"https:\/\/afk-spin.net\/pl\/logowanie-i-rejestracja\/#breadcrumb"},"inLanguage":"pl-PL","potentialAction":[{"@type":"ReadAction","target":["https:\/\/afk-spin.net\/pl\/logowanie-i-rejestracja\/"]}]},{"@type":"BreadcrumbList","@id":"https:\/\/afk-spin.net\/pl\/logowanie-i-rejestracja\/#breadcrumb","itemListElement":[{"@type":"ListItem","position":1,"name":"Afkspin","item":"https:\/\/afk-spin.net\/pl\/"},{"@type":"ListItem","position":2,"name":"Logowanie i rejestracja"}]},{"@type":"WebSite","@id":"https:\/\/afk-spin.net\/pl\/#website","url":"https:\/\/afk-spin.net\/pl\/","name":"Afkspin","description":"","publisher":{"@id":"https:\/\/afk-spin.net\/pl\/#organization"},"potentialAction":[{"@type":"SearchAction","target":{"@type":"EntryPoint","urlTemplate":"https:\/\/afk-spin.net\/pl\/?s={search_term_string}"},"query-input":{"@type":"PropertyValueSpecification","valueRequired":true,"valueName":"search_term_string"}}],"inLanguage":"pl-PL"},{"@type":"Organization","@id":"https:\/\/afk-spin.net\/pl\/#organization","name":"Afkspin","url":"https:\/\/afk-spin.net\/pl\/","logo":{"@type":"ImageObject","inLanguage":"pl-PL","@id":"https:\/\/afk-spin.net\/pl\/#\/schema\/logo\/image\/","url":"https:\/\/afk-spin.net\/wp-content\/uploads\/2025\/12\/logo.svg","contentUrl":"https:\/\/afk-spin.net\/wp-content\/uploads\/2025\/12\/logo.svg","width":84,"height":24,"caption":"Afkspin"},"image":{"@id":"https:\/\/afk-spin.net\/pl\/#\/schema\/logo\/image\/"}}]}},"_links":{"self":[{"href":"https:\/\/afk-spin.net\/pl\/wp-json\/wp\/v2\/pages\/1465","targetHints":{"allow":["GET"]}}],"collection":[{"href":"https:\/\/afk-spin.net\/pl\/wp-json\/wp\/v2\/pages"}],"about":[{"href":"https:\/\/afk-spin.net\/pl\/wp-json\/wp\/v2\/types\/page"}],"author":[{"embeddable":true,"href":"https:\/\/afk-spin.net\/pl\/wp-json\/wp\/v2\/users\/1"}],"replies":[{"embeddable":true,"href":"https:\/\/afk-spin.net\/pl\/wp-json\/wp\/v2\/comments?post=1465"}],"version-history":[{"count":3,"href":"https:\/\/afk-spin.net\/pl\/wp-json\/wp\/v2\/pages\/1465\/revisions"}],"predecessor-version":[{"id":1951,"href":"https:\/\/afk-spin.net\/pl\/wp-json\/wp\/v2\/pages\/1465\/revisions\/1951"}],"wp:attachment":[{"href":"https:\/\/afk-spin.net\/pl\/wp-json\/wp\/v2\/media?parent=1465"}],"curies":[{"name":"wp","href":"https:\/\/api.w.org\/{rel}","templated":true}]}}