{"id":1419,"date":"2025-12-05T06:06:35","date_gmt":"2025-12-05T06:06:35","guid":{"rendered":"https:\/\/afk-spin.net\/app\/"},"modified":"2026-03-05T08:58:45","modified_gmt":"2026-03-05T08:58:45","slug":"aplikacja","status":"publish","type":"page","link":"https:\/\/afk-spin.net\/pl\/aplikacja\/","title":{"rendered":"Aplikacja"},"content":{"rendered":"<h1>Aplikacja AFKSpin na iOS i Androida<\/h1>\n<p>AFKSpin App to nasz format mobilny dla graczy, kt\u00f3rzy wol\u0105 przejrzysty uk\u0142ad w stylu aplikacji. Utrzymujemy ekran g\u0142\u00f3wny uporz\u0105dkowany, a strony gier \u0142atwe do szybkiego przejrzenia, dzi\u0119ki czemu nawigacja pozostaje przewidywalna. Wielu graczy wybiera t\u0119 opcj\u0119, gdy chce kr\u00f3tkiej sesji i nie potrzebuje dodatkowych utrudnie\u0144 mi\u0119dzy uruchomieniem platformy a rozpocz\u0119ciem gry.<\/p>\n<div class=\"banner-wrap\" aria-label=\"Banner\"><img src=\"https:\/\/afk-spin.net\/wp-content\/uploads\/2025\/12\/AFK-Spins-banner-carousel-932\u0445400.webp\" class=\"w-100 d-none d-lg-block img-pc main-banner-img\" alt=\"AFKspin desktop banner\" fetchpriority=\"high\" decoding=\"async\"><img src=\"https:\/\/afk-spin.net\/wp-content\/uploads\/2025\/12\/AFKspin-mobile-banner.webp\" class=\"w-100 d-none d-md-block d-lg-none main-banner-img\" alt=\"AFKspin mobile banner\" fetchpriority=\"high\" decoding=\"async\"><img src=\"https:\/\/afk-spin.net\/wp-content\/uploads\/2025\/12\/AFKspin-mobile-banner.webp\" class=\"w-100 d-md-none\" alt=\"AFKspin mobile banner\" fetchpriority=\"high\" decoding=\"async\"><div class=\"banner-description\">\n<div class=\"banner-title\">Bonusy powitalne<\/div>\n<p class=\"banner-header-title\">1500 \u20ac<\/p>\n<div class=\"banner-header-AdditionalText\">+ 250 Darmowe spiny<\/div>\n<button data-item=\"homepage_banner_link\" class=\"goto m-button m-gradient-border m-button--primary m-button--large banner-button btn-orange\">\n            <div class=\"m-button-content\">\n                <span>Zarejestruj si\u0119 teraz<\/span>\n                <span><\/span>\n            <\/div>\n        <\/button>\n<\/div>\n<div class=\"WelcomePack\">\n<p><img loading=\"lazy\" decoding=\"async\" class=\"alignnone size-full wp-image-1338\" src=\"https:\/\/afk-spin.net\/wp-content\/uploads\/2025\/12\/welcome-crown.svg\" alt=\"crown\" width=\"25\" height=\"26\" \/><\/p>\n<div class=\"WelcomePack-Info\">Cotygodniowy zwrot got\u00f3wki do 25%<\/div>\n<p><img loading=\"lazy\" decoding=\"async\" class=\"alignnone size-full wp-image-1338\" src=\"https:\/\/afk-spin.net\/wp-content\/uploads\/2025\/12\/welcome-crown.svg\" alt=\"crown\" width=\"25\" height=\"26\" \/><\/p>\n<\/div>\n<\/div>\n<h2>Dlaczego warto wybra\u0107 aplikacj\u0119 AFK Spin Casino?<\/h2>\n<p>Aplikacja AFK Spin optymalizuje wszystkie gry kasynowe i funkcje pod k\u0105tem urz\u0105dze\u0144 mobilnych. G\u0142\u00f3wn\u0105 r\u00f3\u017cnic\u0105 mi\u0119dzy oprogramowaniem mobilnym a wersj\u0105 na komputery PC jest jego przeno\u015bno\u015b\u0107. Kolejn\u0105 charakterystyczn\u0105 cech\u0105 oprogramowania jest nasza autorska mechanika \u201ebez klawiatury\u201d (AFK) s\u0142u\u017c\u0105ca do dostosowywania ustawie\u0144 i uruchamiania gier. Jest to wi\u0119c w pe\u0142ni zoptymalizowane kasyno mobilne w Twojej kieszeni.<\/p>\n<p>Zalet\u0105 komputera jest du\u017cy ekran, ale wszystkie funkcje s\u0105 takie same zar\u00f3wno na komputerze, jak i w aplikacji mobilnej. Oprogramowanie rekompensuje ma\u0142y ekran zoptymalizowanym interfejsem dotykowym i powiadomieniami push. W naszej aplikacji mo\u017cna zrobi\u0107 wszystko to, co w przegl\u0105darce: przej\u015b\u0107 proces weryfikacji, przeprowadza\u0107 transakcje, korzysta\u0107 z bonus\u00f3w, gra\u0107 we wszystkie gry i wiele wi\u0119cej.<\/p>\n<table>\n<tbody>\n<tr>\n<td>Funkcja<\/td>\n<td>Mobilna aplikacja AFK Spin<\/td>\n<td>Wersja na komputery PC<\/td>\n<\/tr>\n<tr>\n<td>Przeno\u015bno\u015b\u0107<\/td>\n<td>Mo\u017cesz gra\u0107 gdziekolwiek.<\/td>\n<td>Ograniczone do stacjonarnej lokalizacji.<\/td>\n<\/tr>\n<tr>\n<td>Mechanika AFK<\/td>\n<td>Umo\u017cliwia pasywne zbieranie nagr\u00f3d.<\/td>\n<td>Wymaga, aby gra by\u0142a aktywnie uruchomiona.<\/td>\n<\/tr>\n<tr>\n<td>Interfejs<\/td>\n<td>Zoptymalizowane sterowanie dotykowe.<\/td>\n<td>Wi\u0119kszy ekran, tradycyjnie mysz\/klawiatura.<\/td>\n<\/tr>\n<tr>\n<td>Powiadomienia<\/td>\n<td>Powiadomienia push o wygranych\/promocjach.<\/td>\n<td>Wymaga monitorowania przegl\u0105darki.<\/td>\n<\/tr>\n<tr>\n<td>\u0141\u0105czno\u015b\u0107<\/td>\n<td>Szybkie \u0142adowanie, dost\u0119p jednym klikni\u0119ciem.<\/td>\n<td>Zale\u017cne od uruchomienia przegl\u0105darki\/oprogramowania.<\/td>\n<\/tr>\n<\/tbody>\n<\/table>\n<p><div style=\"clear: both\"><\/div><div class=\"d-flex justify-content-center\"><button data-item=\"decouvrez_link\" data-group=\"website_links\" class=\"goto fw-bold rounded-pill btn btn-orange\" aria-label=\"Pobierz aplikacj\u0119 AFKspin\" >Pobierz aplikacj\u0119 AFKspin<\/button><\/div><div class=\"scrollable-content-wrap my-5\"><div class=\"scrollable-content-inner\"><h2>Aplikacja internetowa AFKSpin dla system\u00f3w Windows i Mac<\/h2>\n<p>Aplikacje internetowe AFKSpin Casino uruchamiaj\u0105 kasyno bezpo\u015brednio na pulpicie bez konieczno\u015bci wykonywania skomplikowanej instalacji. Zar\u00f3wno u\u017cytkownicy system\u00f3w Windows, jak i Mac mog\u0105 szybko uzyska\u0107 dost\u0119p do AFKSpin Casino bez konieczno\u015bci wykonywania d\u0142ugotrwa\u0142ej instalacji. Wystarczy odwiedzi\u0107 nasz\u0105 stron\u0119 internetow\u0105 i utworzy\u0107 skr\u00f3t na pulpicie, aby uzyska\u0107 szybki dost\u0119p za pomoc\u0105 jednego klikni\u0119cia. Skr\u00f3t ten przekszta\u0142ca aplikacj\u0119 w oddzieln\u0105 aplikacj\u0119 internetow\u0105, kt\u00f3ra dzia\u0142a jak zwyk\u0142y program. B\u0119dziesz m\u00f3g\u0142 uruchomi\u0107 AFKSpin z pulpitu komputera PC. Aplikacje dla system\u00f3w Mac i Windows maj\u0105 zoptymalizowany interfejs, kt\u00f3ry dopasowuje si\u0119 do rozmiaru ekranu komputera.<\/p>\n<p><img loading=\"lazy\" decoding=\"async\" src=\"https:\/\/afk-spin.net\/wp-content\/uploads\/2025\/12\/AFKspin-Desktop.webp\" alt=\"AFKspin Desktop\" width=\"1248\" height=\"536\" \/><\/p>\n<\/div><\/div><div style=\"clear: both\"><\/div><div class=\"d-flex justify-content-center\"><button data-item=\"decouvrez_link\" data-group=\"website_links\" class=\"goto fw-bold rounded-pill btn btn-orange\" aria-label=\"Pobierz AFKspin\" >Pobierz AFKspin<\/button><\/div><div class=\"scrollable-content-wrap my-5\"><div class=\"scrollable-content-inner\"><h2>Zainstaluj aplikacj\u0119 na Androida<\/h2>\n<p>Najszybszym sposobem, aby cieszy\u0107 si\u0119 wszystkimi zaletami kasyna na urz\u0105dzeniu mobilnym, jest skorzystanie z AFKSpin dla systemu Android. Oprogramowanie AFKSpin dla systemu Android to nowoczesna, progresywna aplikacja internetowa (PWA). Stworzyli\u015bmy to oprogramowanie, aby dzia\u0142a\u0142o na ka\u017cdym urz\u0105dzeniu mobilnym i zapewnia\u0142o natychmiastowy dost\u0119p. Nasza progresywna aplikacja internetowa nie wymaga \u017cadnej skomplikowanej instalacji \u2014 \u017cadnych plik\u00f3w APK ani d\u0142ugiego pobierania. PWA jest szybka i \u0142atwo integruje si\u0119 z telefonem.<\/p>\n<h3>Jak pobra\u0107 plik APK<\/h3>\n<p>Nie ma potrzeby odwiedzania sklepu Play Store ani pobierania pliku AFKSpin APK. Instalacja aplikacji AFKSpin PWA jest prosta i zajmuje tylko kilka sekund.<\/p>\n<ol>\n<li>Przewi\u0144 w d\u00f3\u0142 stron\u0119 g\u0142\u00f3wn\u0105 witryny AFKSpin na swoim urz\u0105dzeniu z systemem Android.<\/li>\n<li>Naci\u015bnij przycisk \u201eAplikacja kasyna\u201d.<\/li>\n<li>Wybierz \u201eZainstaluj\u201d.<\/li>\n<\/ol>\n<p>Aplikacja AFKSpin zostanie natychmiast dodana do ekranu g\u0142\u00f3wnego i szuflady aplikacji, gotowa do uruchomienia za pomoc\u0105 jednego dotkni\u0119cia.<\/p>\n<p><img loading=\"lazy\" decoding=\"async\" src=\"https:\/\/afk-spin.net\/wp-content\/uploads\/2025\/12\/AFKspin-Android-App.webp\" alt=\"AFKspin Android App\" width=\"1248\" height=\"536\" \/><\/p>\n<\/div><\/div><div style=\"clear: both\"><\/div><div class=\"d-flex justify-content-center\"><button data-item=\"decouvrez_link\" data-group=\"website_links\" class=\"goto fw-bold rounded-pill btn btn-orange\" aria-label=\"Pobierz aplikacj\u0119 AFKspin\" >Pobierz aplikacj\u0119 AFKspin<\/button><\/div><div class=\"scrollable-content-wrap my-5\"><div class=\"scrollable-content-inner\"><h2>Aplikacja AFK Spin dla systemu iOS<\/h2>\n<p>Dla u\u017cytkownik\u00f3w Apple aplikacja AFKSpin na iOS jest w pe\u0142ni zoptymalizowana. Posiada natywny interfejs, kt\u00f3ry dzia\u0142a poprzez przegl\u0105dark\u0119 Safari. Nasze oprogramowanie mo\u017cna pobra\u0107 na urz\u0105dzenie mobilne bez konieczno\u015bci odwiedzania App Store. Nie trzeba niczego pobiera\u0107 ani instalowa\u0107. Ta metoda \u0142aduje si\u0119 szybko i obs\u0142uguje powiadomienia push. Na ekranie g\u0142\u00f3wnym pojawi si\u0119 specjalna ikona umo\u017cliwiaj\u0105ca szybki dost\u0119p do ulubionych gier kasynowych.<\/p>\n<h3>Zainstaluj aplikacj\u0119 na urz\u0105dzeniu z systemem iOS<\/h3>\n<ol>\n<li>Otw\u00f3rz stron\u0119 internetow\u0105 AFKSpin w przegl\u0105darce Safari.<\/li>\n<li>Naci\u015bnij ikon\u0119 \u201eUdost\u0119pnij\u201d znajduj\u0105c\u0105 si\u0119 na dole ekranu.<\/li>\n<li>Wybierz \u201eDodaj do ekranu g\u0142\u00f3wnego\u201d.<\/li>\n<li>Potwierd\u017a \u201eDodaj\u201d w prawym g\u00f3rnym rogu.<\/li>\n<\/ol>\n<p>Nast\u0119pnie aplikacja AFKSpin b\u0119dzie gotowa do u\u017cycia i pojawi si\u0119 na ekranie g\u0142\u00f3wnym. Je\u015bli masz jakiekolwiek pytania dotycz\u0105ce instalacji lub innych kwestii, skontaktuj si\u0119 z naszym zespo\u0142em pomocy technicznej za po\u015brednictwem czatu na \u017cywo lub poczty elektronicznej.<\/p>\n<p><img loading=\"lazy\" decoding=\"async\" src=\"https:\/\/afk-spin.net\/wp-content\/uploads\/2025\/12\/AFKspin-iOS-App.webp\" alt=\"AFKspin iOS App\" width=\"1248\" height=\"536\" \/><\/p>\n<\/div><\/div><div style=\"clear: both\"><\/div><div class=\"d-flex justify-content-center\"><button data-item=\"decouvrez_link\" data-group=\"website_links\" class=\"goto fw-bold rounded-pill btn btn-orange\" aria-label=\"Pobierz AFKspin\" >Pobierz AFKspin<\/button><\/div><div class=\"scrollable-content-wrap my-5\"><div class=\"scrollable-content-inner\"><h2>Cz\u0119sto zadawane pytania<\/h2>\n<h3>Czy aplikacja AFKspin Casino jest dost\u0119pna do pobrania za darmo?<\/h3>\n<p>Tak, aplikacj\u0119 AFKSpin Casino mo\u017cna pobra\u0107 i zainstalowa\u0107 ca\u0142kowicie bezp\u0142atnie na urz\u0105dzeniach z systemem Android i iOS. Nasze oprogramowanie nie wymaga oddzielnej p\u0142atno\u015bci ani skomplikowanego pobierania plik\u00f3w APK dla systemu Android. Mo\u017cna je \u0142atwo zainstalowa\u0107 na urz\u0105dzeniach z systemem iOS z naszej strony internetowej.<\/p>\n<h3>Czy mog\u0119 u\u017cywa\u0107 funkcji Face ID lub odcisku palca do logowania, aby uzyska\u0107 szybszy i bezpieczniejszy dost\u0119p?<\/h3>\n<p>Oczywi\u015bcie. Aplikacja AFKSpin obs\u0142uguje biometryczne metody logowania, takie jak Face ID i odcisk palca (Touch ID). Funkcja ta jest dost\u0119pna na wszystkich urz\u0105dzeniach. Mo\u017cna j\u0105 w\u0142\u0105czy\u0107 w ustawieniach aplikacji. Ta metoda logowania do aplikacji mo\u017ce stanowi\u0107 dodatkowe zabezpieczenie danych u\u017cytkownika.<\/p>\n<h3>Je\u015bli mam ju\u017c konto na stronie internetowej, czy mog\u0119 u\u017cywa\u0107 tych samych danych logowania w aplikacji?<\/h3>\n<p>Tak, Twoje konto mo\u017ce by\u0107 powi\u0105zane z wieloma urz\u0105dzeniami. Mo\u017cesz zalogowa\u0107 si\u0119 na swoje konto zar\u00f3wno w przegl\u0105darce, jak i w aplikacji. Aby zalogowa\u0107 si\u0119 do aplikacji, u\u017cyj tej samej nazwy u\u017cytkownika i has\u0142a. Twoje saldo, post\u0119py, bonusy i ca\u0142a historia zostan\u0105 zsynchronizowane na wszystkich urz\u0105dzeniach.<\/p>\n<h3>Czy aplikacja oferuje pe\u0142en zakres gier i opcji p\u0142atno\u015bci?<\/h3>\n<p>Tak, aplikacja AFKSpin obs\u0142uguje wszystkie te same funkcje kasyna, co przegl\u0105darka. Oferuje pe\u0142en zakres gier dost\u0119pnych na stronie internetowej, takich jak automaty online, gry sto\u0142owe i gry z krupierem na \u017cywo. Aplikacja oferuje te same metody p\u0142atno\u015bci, co przegl\u0105darka.<\/p>\n<\/div><\/div><\/p>\n","protected":false},"excerpt":{"rendered":"<p>Aplikacja AFKSpin na iOS i Androida AFKSpin App to nasz format mobilny dla graczy, kt\u00f3rzy wol\u0105 przejrzysty uk\u0142ad w stylu aplikacji. Utrzymujemy ekran g\u0142\u00f3wny uporz\u0105dkowany, a strony gier \u0142atwe do szybkiego przejrzenia, dzi\u0119ki czemu nawigacja pozostaje przewidywalna. Wielu graczy wybiera t\u0119 opcj\u0119, gdy chce kr\u00f3tkiej sesji i nie potrzebuje dodatkowych utrudnie\u0144 mi\u0119dzy uruchomieniem platformy a [&hellip;]<\/p>\n","protected":false},"author":1,"featured_media":0,"parent":0,"menu_order":0,"comment_status":"closed","ping_status":"closed","template":"template-builder.php","meta":{"_acf_changed":false,"inline_featured_image":false,"footnotes":""},"class_list":["post-1419","page","type-page","status-publish","hentry"],"acf":[],"yoast_head":"<!-- This site is optimized with the Yoast SEO plugin v27.3 - https:\/\/yoast.com\/product\/yoast-seo-wordpress\/ -->\n<title>AFKSpin App na iOS i Androida: aplikacja kasynowa PWA<\/title>\n<meta name=\"description\" content=\"AFKSpin app na iOS i Androida to aplikacja PWA z przejrzystym lobby i dost\u0119pem jednym dotkni\u0119ciem. Zainstaluj j\u0105 ze strony internetowej bez plik\u00f3w APK, bez Sklepu Play ani App Store. U\u017cywaj tego samego loginu na wszystkich urz\u0105dzeniach i otrzymuj powiadomienia push o wygranych i promocjach.\" \/>\n<meta name=\"robots\" content=\"index, follow, max-snippet:-1, max-image-preview:large, max-video-preview:-1\" \/>\n<link rel=\"canonical\" href=\"https:\/\/afk-spin.net\/pl\/aplikacja\/\" \/>\n<meta property=\"og:locale\" content=\"pl_PL\" \/>\n<meta property=\"og:type\" content=\"article\" \/>\n<meta property=\"og:title\" content=\"AFKSpin App na iOS i Androida: aplikacja kasynowa PWA\" \/>\n<meta property=\"og:description\" content=\"AFKSpin app na iOS i Androida to aplikacja PWA z przejrzystym lobby i dost\u0119pem jednym dotkni\u0119ciem. Zainstaluj j\u0105 ze strony internetowej bez plik\u00f3w APK, bez Sklepu Play ani App Store. U\u017cywaj tego samego loginu na wszystkich urz\u0105dzeniach i otrzymuj powiadomienia push o wygranych i promocjach.\" \/>\n<meta property=\"og:url\" content=\"https:\/\/afk-spin.net\/pl\/aplikacja\/\" \/>\n<meta property=\"og:site_name\" content=\"afkspin\" \/>\n<meta property=\"article:modified_time\" content=\"2026-03-05T08:58:45+00:00\" \/>\n<meta name=\"twitter:card\" content=\"summary_large_image\" \/>\n<meta name=\"twitter:label1\" content=\"Est. reading time\" \/>\n\t<meta name=\"twitter:data1\" content=\"2 minutes\" \/>\n<script type=\"application\/ld+json\" class=\"yoast-schema-graph\">{\"@context\":\"https:\\\/\\\/schema.org\",\"@graph\":[{\"@type\":\"WebPage\",\"@id\":\"https:\\\/\\\/afk-spin.net\\\/pl\\\/aplikacja\\\/\",\"url\":\"https:\\\/\\\/afk-spin.net\\\/pl\\\/aplikacja\\\/\",\"name\":\"AFKSpin App na iOS i Androida: aplikacja kasynowa PWA\",\"isPartOf\":{\"@id\":\"https:\\\/\\\/afk-spin.net\\\/pl\\\/#website\"},\"datePublished\":\"2025-12-05T06:06:35+00:00\",\"dateModified\":\"2026-03-05T08:58:45+00:00\",\"description\":\"AFKSpin app na iOS i Androida to aplikacja PWA z przejrzystym lobby i dost\u0119pem jednym dotkni\u0119ciem. Zainstaluj j\u0105 ze strony internetowej bez plik\u00f3w APK, bez Sklepu Play ani App Store. U\u017cywaj tego samego loginu na wszystkich urz\u0105dzeniach i otrzymuj powiadomienia push o wygranych i promocjach.\",\"breadcrumb\":{\"@id\":\"https:\\\/\\\/afk-spin.net\\\/pl\\\/aplikacja\\\/#breadcrumb\"},\"inLanguage\":\"pl-PL\",\"potentialAction\":[{\"@type\":\"ReadAction\",\"target\":[\"https:\\\/\\\/afk-spin.net\\\/pl\\\/aplikacja\\\/\"]}]},{\"@type\":\"BreadcrumbList\",\"@id\":\"https:\\\/\\\/afk-spin.net\\\/pl\\\/aplikacja\\\/#breadcrumb\",\"itemListElement\":[{\"@type\":\"ListItem\",\"position\":1,\"name\":\"Afkspin\",\"item\":\"https:\\\/\\\/afk-spin.net\\\/pl\\\/\"},{\"@type\":\"ListItem\",\"position\":2,\"name\":\"Aplikacja\"}]},{\"@type\":\"WebSite\",\"@id\":\"https:\\\/\\\/afk-spin.net\\\/pl\\\/#website\",\"url\":\"https:\\\/\\\/afk-spin.net\\\/pl\\\/\",\"name\":\"Afkspin\",\"description\":\"\",\"publisher\":{\"@id\":\"https:\\\/\\\/afk-spin.net\\\/pl\\\/#organization\"},\"potentialAction\":[{\"@type\":\"SearchAction\",\"target\":{\"@type\":\"EntryPoint\",\"urlTemplate\":\"https:\\\/\\\/afk-spin.net\\\/pl\\\/?s={search_term_string}\"},\"query-input\":{\"@type\":\"PropertyValueSpecification\",\"valueRequired\":true,\"valueName\":\"search_term_string\"}}],\"inLanguage\":\"pl-PL\"},{\"@type\":\"Organization\",\"@id\":\"https:\\\/\\\/afk-spin.net\\\/pl\\\/#organization\",\"name\":\"Afkspin\",\"url\":\"https:\\\/\\\/afk-spin.net\\\/pl\\\/\",\"logo\":{\"@type\":\"ImageObject\",\"inLanguage\":\"pl-PL\",\"@id\":\"https:\\\/\\\/afk-spin.net\\\/pl\\\/#\\\/schema\\\/logo\\\/image\\\/\",\"url\":\"https:\\\/\\\/afk-spin.net\\\/wp-content\\\/uploads\\\/2025\\\/12\\\/logo.svg\",\"contentUrl\":\"https:\\\/\\\/afk-spin.net\\\/wp-content\\\/uploads\\\/2025\\\/12\\\/logo.svg\",\"width\":84,\"height\":24,\"caption\":\"Afkspin\"},\"image\":{\"@id\":\"https:\\\/\\\/afk-spin.net\\\/pl\\\/#\\\/schema\\\/logo\\\/image\\\/\"}}]}<\/script>\n<!-- \/ Yoast SEO plugin. -->","yoast_head_json":{"title":"AFKSpin App na iOS i Androida: aplikacja kasynowa PWA","description":"AFKSpin app na iOS i Androida to aplikacja PWA z przejrzystym lobby i dost\u0119pem jednym dotkni\u0119ciem. Zainstaluj j\u0105 ze strony internetowej bez plik\u00f3w APK, bez Sklepu Play ani App Store. U\u017cywaj tego samego loginu na wszystkich urz\u0105dzeniach i otrzymuj powiadomienia push o wygranych i promocjach.","robots":{"index":"index","follow":"follow","max-snippet":"max-snippet:-1","max-image-preview":"max-image-preview:large","max-video-preview":"max-video-preview:-1"},"canonical":"https:\/\/afk-spin.net\/pl\/aplikacja\/","og_locale":"pl_PL","og_type":"article","og_title":"AFKSpin App na iOS i Androida: aplikacja kasynowa PWA","og_description":"AFKSpin app na iOS i Androida to aplikacja PWA z przejrzystym lobby i dost\u0119pem jednym dotkni\u0119ciem. Zainstaluj j\u0105 ze strony internetowej bez plik\u00f3w APK, bez Sklepu Play ani App Store. U\u017cywaj tego samego loginu na wszystkich urz\u0105dzeniach i otrzymuj powiadomienia push o wygranych i promocjach.","og_url":"https:\/\/afk-spin.net\/pl\/aplikacja\/","og_site_name":"afkspin","article_modified_time":"2026-03-05T08:58:45+00:00","twitter_card":"summary_large_image","twitter_misc":{"Est. reading time":"2 minutes"},"schema":{"@context":"https:\/\/schema.org","@graph":[{"@type":"WebPage","@id":"https:\/\/afk-spin.net\/pl\/aplikacja\/","url":"https:\/\/afk-spin.net\/pl\/aplikacja\/","name":"AFKSpin App na iOS i Androida: aplikacja kasynowa PWA","isPartOf":{"@id":"https:\/\/afk-spin.net\/pl\/#website"},"datePublished":"2025-12-05T06:06:35+00:00","dateModified":"2026-03-05T08:58:45+00:00","description":"AFKSpin app na iOS i Androida to aplikacja PWA z przejrzystym lobby i dost\u0119pem jednym dotkni\u0119ciem. Zainstaluj j\u0105 ze strony internetowej bez plik\u00f3w APK, bez Sklepu Play ani App Store. U\u017cywaj tego samego loginu na wszystkich urz\u0105dzeniach i otrzymuj powiadomienia push o wygranych i promocjach.","breadcrumb":{"@id":"https:\/\/afk-spin.net\/pl\/aplikacja\/#breadcrumb"},"inLanguage":"pl-PL","potentialAction":[{"@type":"ReadAction","target":["https:\/\/afk-spin.net\/pl\/aplikacja\/"]}]},{"@type":"BreadcrumbList","@id":"https:\/\/afk-spin.net\/pl\/aplikacja\/#breadcrumb","itemListElement":[{"@type":"ListItem","position":1,"name":"Afkspin","item":"https:\/\/afk-spin.net\/pl\/"},{"@type":"ListItem","position":2,"name":"Aplikacja"}]},{"@type":"WebSite","@id":"https:\/\/afk-spin.net\/pl\/#website","url":"https:\/\/afk-spin.net\/pl\/","name":"Afkspin","description":"","publisher":{"@id":"https:\/\/afk-spin.net\/pl\/#organization"},"potentialAction":[{"@type":"SearchAction","target":{"@type":"EntryPoint","urlTemplate":"https:\/\/afk-spin.net\/pl\/?s={search_term_string}"},"query-input":{"@type":"PropertyValueSpecification","valueRequired":true,"valueName":"search_term_string"}}],"inLanguage":"pl-PL"},{"@type":"Organization","@id":"https:\/\/afk-spin.net\/pl\/#organization","name":"Afkspin","url":"https:\/\/afk-spin.net\/pl\/","logo":{"@type":"ImageObject","inLanguage":"pl-PL","@id":"https:\/\/afk-spin.net\/pl\/#\/schema\/logo\/image\/","url":"https:\/\/afk-spin.net\/wp-content\/uploads\/2025\/12\/logo.svg","contentUrl":"https:\/\/afk-spin.net\/wp-content\/uploads\/2025\/12\/logo.svg","width":84,"height":24,"caption":"Afkspin"},"image":{"@id":"https:\/\/afk-spin.net\/pl\/#\/schema\/logo\/image\/"}}]}},"_links":{"self":[{"href":"https:\/\/afk-spin.net\/pl\/wp-json\/wp\/v2\/pages\/1419","targetHints":{"allow":["GET"]}}],"collection":[{"href":"https:\/\/afk-spin.net\/pl\/wp-json\/wp\/v2\/pages"}],"about":[{"href":"https:\/\/afk-spin.net\/pl\/wp-json\/wp\/v2\/types\/page"}],"author":[{"embeddable":true,"href":"https:\/\/afk-spin.net\/pl\/wp-json\/wp\/v2\/users\/1"}],"replies":[{"embeddable":true,"href":"https:\/\/afk-spin.net\/pl\/wp-json\/wp\/v2\/comments?post=1419"}],"version-history":[{"count":3,"href":"https:\/\/afk-spin.net\/pl\/wp-json\/wp\/v2\/pages\/1419\/revisions"}],"predecessor-version":[{"id":1868,"href":"https:\/\/afk-spin.net\/pl\/wp-json\/wp\/v2\/pages\/1419\/revisions\/1868"}],"wp:attachment":[{"href":"https:\/\/afk-spin.net\/pl\/wp-json\/wp\/v2\/media?parent=1419"}],"curies":[{"name":"wp","href":"https:\/\/api.w.org\/{rel}","templated":true}]}}