{"id":1464,"date":"2025-12-05T06:14:39","date_gmt":"2025-12-05T06:14:39","guid":{"rendered":"https:\/\/afk-spin.net\/login-and-registration\/"},"modified":"2026-03-05T09:31:21","modified_gmt":"2026-03-05T09:31:21","slug":"accesso-e-registrazione","status":"publish","type":"page","link":"https:\/\/afk-spin.net\/it\/accesso-e-registrazione\/","title":{"rendered":"Accesso e registrazione"},"content":{"rendered":"<h1>Accesso e registrazione account AFKSpin<\/h1>\n<p>AFKSpin Login \u00e8 dove accedi al tuo conto del casin\u00f2 online e riprendi esattamente da dove ti eri lasciato. Usalo per entrare nel tuo portafoglio e nelle offerte attive, oppure per tornare nell\u2019area giochi con un paio di clic.<\/p>\n<p>Sei nuovo qui? Puoi creare un account dalla stessa sezione. Se non riesci ad accedere, l\u2019opzione di reimpostazione della password ti aiuta a ripristinare l\u2019accesso rapidamente.<\/p>\n<p><div class=\"banner-wrap\" aria-label=\"Banner\"><img src=\"https:\/\/afk-spin.net\/wp-content\/uploads\/2025\/12\/AFK-Spins-banner-carousel-932\u0445400.webp\" class=\"w-100 d-none d-lg-block img-pc main-banner-img\" alt=\"AFKspin desktop banner\" fetchpriority=\"high\" decoding=\"async\"><img src=\"https:\/\/afk-spin.net\/wp-content\/uploads\/2025\/12\/AFKspin-mobile-banner.webp\" class=\"w-100 d-none d-md-block d-lg-none main-banner-img\" alt=\"AFKspin mobile banner\" fetchpriority=\"high\" decoding=\"async\"><img src=\"https:\/\/afk-spin.net\/wp-content\/uploads\/2025\/12\/AFKspin-mobile-banner.webp\" class=\"w-100 d-md-none\" alt=\"AFKspin mobile banner\" fetchpriority=\"high\" decoding=\"async\"><div class=\"banner-description\">\n<div class=\"banner-title\">Bonus di benvenuto<\/div>\n<p class=\"banner-header-title\">1500 \u20ac<\/p>\n<div class=\"banner-header-AdditionalText\">+ 250 Giri gratuiti<\/div>\n<button data-item=\"homepage_banner_link\" class=\"goto m-button m-gradient-border m-button--primary m-button--large banner-button btn-orange\">\n            <div class=\"m-button-content\">\n                <span>Iscriviti ora<\/span>\n                <span><\/span>\n            <\/div>\n        <\/button>\n<\/div>\n<div class=\"WelcomePack\">\n<p><img loading=\"lazy\" decoding=\"async\" class=\"alignnone size-full wp-image-1338\" src=\"https:\/\/afk-spin.net\/wp-content\/uploads\/2025\/12\/welcome-crown.svg\" alt=\"crown\" width=\"25\" height=\"26\" \/><\/p>\n<div class=\"WelcomePack-Info\">Cashback settimanale fino al 25%<\/div>\n<p><img loading=\"lazy\" decoding=\"async\" class=\"alignnone size-full wp-image-1338\" src=\"https:\/\/afk-spin.net\/wp-content\/uploads\/2025\/12\/welcome-crown.svg\" alt=\"crown\" width=\"25\" height=\"26\" \/><\/p>\n<\/div>\n<\/div><div class=\"scrollable-content-wrap my-5\"><div class=\"scrollable-content-inner\"><h2>Come registrare un account con AFK Spin<\/h2>\n<p>Per entrare a far parte della comunit\u00e0 di gioco AFK Spin Casino, \u00e8 necessario registrare un account. La registrazione ti d\u00e0 accesso immediato a tutte le funzionalit\u00e0 della piattaforma. Solo gli utenti registrati possono giocare con denaro reale o in modalit\u00e0 demo, ricevere bonus, depositare fondi e prelevare le vincite. Il tuo account AFKSpin combina i tuoi progressi, il tuo saldo e le tue impostazioni di sicurezza su tutti i dispositivi su cui hai effettuato l&#8217;accesso. Ad esempio, dispositivi mobili e computer, nell&#8217;app o nel browser.<\/p>\n<h3>Configurazione dell&#8217;account<\/h3>\n<p>Creare un account con AFKSpin \u00e8 semplice e puoi farlo facilmente da solo. Per assicurarci che tu non abbia dubbi, ti descriveremo la procedura. Per creare un account, segui le nostre istruzioni:<\/p>\n<ol>\n<li>Clicca sul pulsante &#8220;Registrati&#8221;. Si trova nell&#8217;angolo in alto a destra della home page di AFKSpin.<\/li>\n<li>Verr\u00e0 visualizzata una finestra con il modulo di registrazione.<\/li>\n<li>Inserisci il tuo indirizzo e-mail e imposta una password.<\/li>\n<li>Se disponi di un codice promozionale speciale, inseriscilo in questa fase.<\/li>\n<li>Conferma di accettare i nostri Termini e condizioni e l&#8217;Informativa sulla privacy.<\/li>\n<li>Conferma di avere pi\u00f9 di 18 anni.<\/li>\n<li>Clicca su &#8220;Salva&#8221;.<\/li>\n<li>Segui il link contenuto nell&#8217;e-mail inviata da AFK Spin.<\/li>\n<\/ol>\n<p>Il tuo account \u00e8 pronto per l&#8217;uso. Hai completato la procedura di accesso ad AFKSpin.<\/p>\n<p><img loading=\"lazy\" decoding=\"async\" class=\"alignnone size-full wp-image-1941\" src=\"https:\/\/afk-spin.net\/wp-content\/uploads\/2026\/03\/Login-page-AFKspin.webp\" alt=\"Login page AFKspin\" width=\"1248\" height=\"536\" srcset=\"https:\/\/afk-spin.net\/wp-content\/uploads\/2026\/03\/Login-page-AFKspin.webp 1248w, https:\/\/afk-spin.net\/wp-content\/uploads\/2026\/03\/Login-page-AFKspin-300x129.webp 300w, https:\/\/afk-spin.net\/wp-content\/uploads\/2026\/03\/Login-page-AFKspin-1024x440.webp 1024w, https:\/\/afk-spin.net\/wp-content\/uploads\/2026\/03\/Login-page-AFKspin-768x330.webp 768w\" sizes=\"auto, (max-width: 1248px) 100vw, 1248px\" \/><\/p>\n<h2>Come accedere con AFKSpin Login<\/h2>\n<p>Il processo di login su AFKSpin \u00e8 semplice e veloce. Dopo aver effettuato l&#8217;accesso, avrai il pieno controllo del tuo profilo, dei pagamenti, dei bonus e della cronologia delle attivit\u00e0. Descriviamo il processo di login su AFKSpin appositamente per te.<\/p>\n<ol>\n<li>Clicca sul pulsante &#8220;Accedi&#8221;. Si trova nell&#8217;angolo in alto a destra del nostro sito web.<\/li>\n<li>Inserisci il tuo indirizzo e-mail e la password.<\/li>\n<li>Clicca su &#8220;Accedi&#8221; per confermare.<\/li>\n<\/ol>\n<p>Solo gli utenti registrati hanno accesso a tutte le funzionalit\u00e0 del casin\u00f2. Oltre ai giochi, ai bonus e al prelievo delle vincite, una volta effettuato l&#8217;accesso al tuo account potrai gestire le tue impostazioni. Ecco alcune delle impostazioni che avrai a disposizione:<\/p>\n<table>\n<tbody>\n<tr>\n<td>Caratteristica<\/td>\n<td>Cosa ti permette di fare<\/td>\n<\/tr>\n<tr>\n<td>Impostazioni account<\/td>\n<td>Aggiorna i dati personali, personalizza l&#8217;interfaccia o le impostazioni della lingua, nonch\u00e9 le preferenze di sicurezza.<\/td>\n<\/tr>\n<tr>\n<td>Portafoglio e pagamenti<\/td>\n<td>Gestisci depositi e prelievi, controlla tutte le transazioni finanziarie e archivia in modo sicuro i metodi di pagamento.<\/td>\n<\/tr>\n<tr>\n<td>Premi e bonus<\/td>\n<td>Accedi ai bonus disponibili, monitora i progressi delle scommesse e attiva nuovi premi promozionali.<\/td>\n<\/tr>\n<tr>\n<td>Panoramica delle attivit\u00e0<\/td>\n<td>Tieni traccia delle statistiche di gioco, esamina i dati delle sessioni e analizza le tue prestazioni nei diversi giochi.<\/td>\n<\/tr>\n<tr>\n<td>Strumenti per il gioco responsabile<\/td>\n<td>Imposta limiti di deposito, timer di sessione, periodi di riflessione e altri controlli pensati per favorire un gioco sicuro e responsabile.<\/td>\n<\/tr>\n<\/tbody>\n<\/table>\n<h3>Recupero password<\/h3>\n<p>Recuperare il tuo nome utente o la tua password su AFKSpin Casino \u00e8 facile: puoi farlo da solo in pochi minuti. Se hai dimenticato il tuo nome utente o la tua password, utilizza la nostra procedura di reimpostazione della password:<\/p>\n<ol>\n<li>Clicca sul pulsante &#8220;Accedi&#8221; nell&#8217;angolo in alto a destra del nostro sito web.<\/li>\n<li>Seleziona &#8220;Hai dimenticato la password?&#8221; sotto il modulo di accesso.<\/li>\n<li>Inserisci l&#8217;indirizzo e-mail che hai utilizzato per registrare il tuo account AFKSpin.<\/li>\n<li>Apri l&#8217;e-mail inviata da AFKSpin e segui il link per reimpostare la tua password.<\/li>\n<li>Crea una nuova password e accedi nuovamente al tuo account.<\/li>\n<\/ol>\n<p>In caso di problemi con il recupero della password, l&#8217;accesso, l&#8217;account, ecc., contatta il nostro team di assistenza tramite live chat o e-mail.<\/p>\n<h2>Verifica dell&#8217;account AFK Spin Casino<\/h2>\n<p>Proteggiamo tutti i nostri giocatori con le procedure di protezione dei dati pi\u00f9 avanzate. Su AFKSpin, tutti i giocatori devono sottoporsi alla verifica Know Your Customer (KYC) per impedire accessi non autorizzati. Questo processo \u00e8 regolato dagli standard di licenza dei casin\u00f2. Il processo di verifica conferma la tua identit\u00e0, il tuo indirizzo e la validit\u00e0 dei tuoi strumenti di pagamento. I documenti richiesti sono solitamente una carta d&#8217;identit\u00e0 o un passaporto, le coordinate bancarie, un documento che attesti il tuo indirizzo (ad esempio una bolletta) e, talvolta, la patente di guida.<\/p>\n<p>Tutti i dati trasmessi sulla nostra piattaforma sono protetti da crittografia SSL a 256 bit. Abbiamo implementato questa misura di sicurezza per garantire la completa sicurezza dei tuoi dati personali. I prelievi vengono sempre elaborati manualmente dai nostri specialisti per confermare la correttezza del trasferimento di fondi. Creiamo un ambiente di gioco completamente sicuro per i nostri utenti.<\/p>\n<h2>Domande frequenti<\/h2>\n<h3>Le mie informazioni personali sono al sicuro durante il processo di registrazione?<\/h3>\n<p>S\u00ec, le tue informazioni personali sono completamente al sicuro su AFKSpin Casino. Utilizziamo la crittografia SSL a 256 bit per proteggere tutti i dati trasmessi durante la registrazione. Abbiamo una politica sulla privacy in vigore. I nostri sistemi vengono aggiornati regolarmente per mantenere i pi\u00f9 elevati standard di sicurezza e proteggere i tuoi dati.<\/p>\n<h3>Cosa devo fare se non ho ricevuto l&#8217;e-mail di verifica dell&#8217;account?<\/h3>\n<p>Per prima cosa, controlla la cartella dello spam o della posta indesiderata, poich\u00e9 l&#8217;e-mail potrebbe essere stata filtrata. Se non \u00e8 l\u00ec, assicurati di esserti registrato con l&#8217;indirizzo e-mail corretto. Puoi richiedere un&#8217;altra e-mail di conferma. Se nessuno di questi metodi funziona, contatta il servizio clienti 24 ore su 24 di AFK Spin Casino.<\/p>\n<h3>Cosa devo fare per garantire la sicurezza del mio account?<\/h3>\n<p>Ci siamo gi\u00e0 occupati della sicurezza del tuo account. Tutti i meccanismi di sicurezza sono abilitati per tutti gli utenti registrati. Tuttavia, per mantenere il tuo account al sicuro, dovresti sempre scegliere una password forte e unica. Completa la verifica Know Your Customer (KYC) e attiva tutte le funzioni di protezione. Non rivelare a nessuno le tue informazioni di accesso e utilizza solo dispositivi di cui ti fidi per accedere al tuo account.<\/p>\n<\/div><\/div><\/p>\n","protected":false},"excerpt":{"rendered":"<p>Accesso e registrazione account AFKSpin AFKSpin Login \u00e8 dove accedi al tuo conto del casin\u00f2 online e riprendi esattamente da dove ti eri lasciato. Usalo per entrare nel tuo portafoglio e nelle offerte attive, oppure per tornare nell\u2019area giochi con un paio di clic. Sei nuovo qui? Puoi creare un account dalla stessa sezione. Se [&hellip;]<\/p>\n","protected":false},"author":1,"featured_media":0,"parent":0,"menu_order":0,"comment_status":"closed","ping_status":"closed","template":"template-builder.php","meta":{"_acf_changed":false,"inline_featured_image":false,"footnotes":""},"class_list":["post-1464","page","type-page","status-publish","hentry"],"acf":[],"yoast_head":"<!-- This site is optimized with the Yoast SEO plugin v27.3 - https:\/\/yoast.com\/product\/yoast-seo-wordpress\/ -->\n<title>AFKSpin Login: Registrati velocemente e gestisci il tuo account<\/title>\n<meta name=\"description\" content=\"Con AFKSpin Login puoi accedere rapidamente, accedere al tuo portafoglio e tornare alla lobby del casin\u00f2 in un paio di clic. Crea un account dalla stessa pagina, usa &quot;Password dimenticata?&quot; per ripristinare l&#039;accesso e gestisci bonus, pagamenti e strumenti di gioco responsabile su tutti i dispositivi.\" \/>\n<meta name=\"robots\" content=\"index, follow, max-snippet:-1, max-image-preview:large, max-video-preview:-1\" \/>\n<link rel=\"canonical\" href=\"https:\/\/afk-spin.net\/it\/accesso-e-registrazione\/\" \/>\n<meta property=\"og:locale\" content=\"it_IT\" \/>\n<meta property=\"og:type\" content=\"article\" \/>\n<meta property=\"og:title\" content=\"AFKSpin Login: Registrati velocemente e gestisci il tuo account\" \/>\n<meta property=\"og:description\" content=\"Con AFKSpin Login puoi accedere rapidamente, accedere al tuo portafoglio e tornare alla lobby del casin\u00f2 in un paio di clic. Crea un account dalla stessa pagina, usa &quot;Password dimenticata?&quot; per ripristinare l&#039;accesso e gestisci bonus, pagamenti e strumenti di gioco responsabile su tutti i dispositivi.\" \/>\n<meta property=\"og:url\" content=\"https:\/\/afk-spin.net\/it\/accesso-e-registrazione\/\" \/>\n<meta property=\"og:site_name\" content=\"afkspin\" \/>\n<meta property=\"article:modified_time\" content=\"2026-03-05T09:31:21+00:00\" \/>\n<meta name=\"twitter:card\" content=\"summary_large_image\" \/>\n<meta name=\"twitter:label1\" content=\"Est. reading time\" \/>\n\t<meta name=\"twitter:data1\" content=\"1 minute\" \/>\n<script type=\"application\/ld+json\" class=\"yoast-schema-graph\">{\"@context\":\"https:\\\/\\\/schema.org\",\"@graph\":[{\"@type\":\"WebPage\",\"@id\":\"https:\\\/\\\/afk-spin.net\\\/it\\\/accesso-e-registrazione\\\/\",\"url\":\"https:\\\/\\\/afk-spin.net\\\/it\\\/accesso-e-registrazione\\\/\",\"name\":\"AFKSpin Login: Registrati velocemente e gestisci il tuo account\",\"isPartOf\":{\"@id\":\"https:\\\/\\\/afk-spin.net\\\/it\\\/#website\"},\"datePublished\":\"2025-12-05T06:14:39+00:00\",\"dateModified\":\"2026-03-05T09:31:21+00:00\",\"description\":\"Con AFKSpin Login puoi accedere rapidamente, accedere al tuo portafoglio e tornare alla lobby del casin\u00f2 in un paio di clic. Crea un account dalla stessa pagina, usa \\\"Password dimenticata?\\\" per ripristinare l'accesso e gestisci bonus, pagamenti e strumenti di gioco responsabile su tutti i dispositivi.\",\"breadcrumb\":{\"@id\":\"https:\\\/\\\/afk-spin.net\\\/it\\\/accesso-e-registrazione\\\/#breadcrumb\"},\"inLanguage\":\"it-IT\",\"potentialAction\":[{\"@type\":\"ReadAction\",\"target\":[\"https:\\\/\\\/afk-spin.net\\\/it\\\/accesso-e-registrazione\\\/\"]}]},{\"@type\":\"BreadcrumbList\",\"@id\":\"https:\\\/\\\/afk-spin.net\\\/it\\\/accesso-e-registrazione\\\/#breadcrumb\",\"itemListElement\":[{\"@type\":\"ListItem\",\"position\":1,\"name\":\"Afkspin\",\"item\":\"https:\\\/\\\/afk-spin.net\\\/it\\\/\"},{\"@type\":\"ListItem\",\"position\":2,\"name\":\"Accesso e registrazione\"}]},{\"@type\":\"WebSite\",\"@id\":\"https:\\\/\\\/afk-spin.net\\\/it\\\/#website\",\"url\":\"https:\\\/\\\/afk-spin.net\\\/it\\\/\",\"name\":\"Afkspin\",\"description\":\"\",\"publisher\":{\"@id\":\"https:\\\/\\\/afk-spin.net\\\/it\\\/#organization\"},\"potentialAction\":[{\"@type\":\"SearchAction\",\"target\":{\"@type\":\"EntryPoint\",\"urlTemplate\":\"https:\\\/\\\/afk-spin.net\\\/it\\\/?s={search_term_string}\"},\"query-input\":{\"@type\":\"PropertyValueSpecification\",\"valueRequired\":true,\"valueName\":\"search_term_string\"}}],\"inLanguage\":\"it-IT\"},{\"@type\":\"Organization\",\"@id\":\"https:\\\/\\\/afk-spin.net\\\/it\\\/#organization\",\"name\":\"Afkspin\",\"url\":\"https:\\\/\\\/afk-spin.net\\\/it\\\/\",\"logo\":{\"@type\":\"ImageObject\",\"inLanguage\":\"it-IT\",\"@id\":\"https:\\\/\\\/afk-spin.net\\\/it\\\/#\\\/schema\\\/logo\\\/image\\\/\",\"url\":\"https:\\\/\\\/afk-spin.net\\\/wp-content\\\/uploads\\\/2025\\\/12\\\/logo.svg\",\"contentUrl\":\"https:\\\/\\\/afk-spin.net\\\/wp-content\\\/uploads\\\/2025\\\/12\\\/logo.svg\",\"width\":84,\"height\":24,\"caption\":\"Afkspin\"},\"image\":{\"@id\":\"https:\\\/\\\/afk-spin.net\\\/it\\\/#\\\/schema\\\/logo\\\/image\\\/\"}}]}<\/script>\n<!-- \/ Yoast SEO plugin. -->","yoast_head_json":{"title":"AFKSpin Login: Registrati velocemente e gestisci il tuo account","description":"Con AFKSpin Login puoi accedere rapidamente, accedere al tuo portafoglio e tornare alla lobby del casin\u00f2 in un paio di clic. Crea un account dalla stessa pagina, usa \"Password dimenticata?\" per ripristinare l'accesso e gestisci bonus, pagamenti e strumenti di gioco responsabile su tutti i dispositivi.","robots":{"index":"index","follow":"follow","max-snippet":"max-snippet:-1","max-image-preview":"max-image-preview:large","max-video-preview":"max-video-preview:-1"},"canonical":"https:\/\/afk-spin.net\/it\/accesso-e-registrazione\/","og_locale":"it_IT","og_type":"article","og_title":"AFKSpin Login: Registrati velocemente e gestisci il tuo account","og_description":"Con AFKSpin Login puoi accedere rapidamente, accedere al tuo portafoglio e tornare alla lobby del casin\u00f2 in un paio di clic. Crea un account dalla stessa pagina, usa \"Password dimenticata?\" per ripristinare l'accesso e gestisci bonus, pagamenti e strumenti di gioco responsabile su tutti i dispositivi.","og_url":"https:\/\/afk-spin.net\/it\/accesso-e-registrazione\/","og_site_name":"afkspin","article_modified_time":"2026-03-05T09:31:21+00:00","twitter_card":"summary_large_image","twitter_misc":{"Est. reading time":"1 minute"},"schema":{"@context":"https:\/\/schema.org","@graph":[{"@type":"WebPage","@id":"https:\/\/afk-spin.net\/it\/accesso-e-registrazione\/","url":"https:\/\/afk-spin.net\/it\/accesso-e-registrazione\/","name":"AFKSpin Login: Registrati velocemente e gestisci il tuo account","isPartOf":{"@id":"https:\/\/afk-spin.net\/it\/#website"},"datePublished":"2025-12-05T06:14:39+00:00","dateModified":"2026-03-05T09:31:21+00:00","description":"Con AFKSpin Login puoi accedere rapidamente, accedere al tuo portafoglio e tornare alla lobby del casin\u00f2 in un paio di clic. Crea un account dalla stessa pagina, usa \"Password dimenticata?\" per ripristinare l'accesso e gestisci bonus, pagamenti e strumenti di gioco responsabile su tutti i dispositivi.","breadcrumb":{"@id":"https:\/\/afk-spin.net\/it\/accesso-e-registrazione\/#breadcrumb"},"inLanguage":"it-IT","potentialAction":[{"@type":"ReadAction","target":["https:\/\/afk-spin.net\/it\/accesso-e-registrazione\/"]}]},{"@type":"BreadcrumbList","@id":"https:\/\/afk-spin.net\/it\/accesso-e-registrazione\/#breadcrumb","itemListElement":[{"@type":"ListItem","position":1,"name":"Afkspin","item":"https:\/\/afk-spin.net\/it\/"},{"@type":"ListItem","position":2,"name":"Accesso e registrazione"}]},{"@type":"WebSite","@id":"https:\/\/afk-spin.net\/it\/#website","url":"https:\/\/afk-spin.net\/it\/","name":"Afkspin","description":"","publisher":{"@id":"https:\/\/afk-spin.net\/it\/#organization"},"potentialAction":[{"@type":"SearchAction","target":{"@type":"EntryPoint","urlTemplate":"https:\/\/afk-spin.net\/it\/?s={search_term_string}"},"query-input":{"@type":"PropertyValueSpecification","valueRequired":true,"valueName":"search_term_string"}}],"inLanguage":"it-IT"},{"@type":"Organization","@id":"https:\/\/afk-spin.net\/it\/#organization","name":"Afkspin","url":"https:\/\/afk-spin.net\/it\/","logo":{"@type":"ImageObject","inLanguage":"it-IT","@id":"https:\/\/afk-spin.net\/it\/#\/schema\/logo\/image\/","url":"https:\/\/afk-spin.net\/wp-content\/uploads\/2025\/12\/logo.svg","contentUrl":"https:\/\/afk-spin.net\/wp-content\/uploads\/2025\/12\/logo.svg","width":84,"height":24,"caption":"Afkspin"},"image":{"@id":"https:\/\/afk-spin.net\/it\/#\/schema\/logo\/image\/"}}]}},"_links":{"self":[{"href":"https:\/\/afk-spin.net\/it\/wp-json\/wp\/v2\/pages\/1464","targetHints":{"allow":["GET"]}}],"collection":[{"href":"https:\/\/afk-spin.net\/it\/wp-json\/wp\/v2\/pages"}],"about":[{"href":"https:\/\/afk-spin.net\/it\/wp-json\/wp\/v2\/types\/page"}],"author":[{"embeddable":true,"href":"https:\/\/afk-spin.net\/it\/wp-json\/wp\/v2\/users\/1"}],"replies":[{"embeddable":true,"href":"https:\/\/afk-spin.net\/it\/wp-json\/wp\/v2\/comments?post=1464"}],"version-history":[{"count":3,"href":"https:\/\/afk-spin.net\/it\/wp-json\/wp\/v2\/pages\/1464\/revisions"}],"predecessor-version":[{"id":1950,"href":"https:\/\/afk-spin.net\/it\/wp-json\/wp\/v2\/pages\/1464\/revisions\/1950"}],"wp:attachment":[{"href":"https:\/\/afk-spin.net\/it\/wp-json\/wp\/v2\/media?parent=1464"}],"curies":[{"name":"wp","href":"https:\/\/api.w.org\/{rel}","templated":true}]}}