{"id":1417,"date":"2025-12-05T06:06:35","date_gmt":"2025-12-05T06:06:35","guid":{"rendered":"https:\/\/afk-spin.net\/app\/"},"modified":"2026-03-05T08:55:11","modified_gmt":"2026-03-05T08:55:11","slug":"app","status":"publish","type":"page","link":"https:\/\/afk-spin.net\/it\/app\/","title":{"rendered":"App"},"content":{"rendered":"<h1>App AFKSpin per iOS e Android<\/h1>\n<p>AFKSpin App \u00e8 il nostro formato mobile per i giocatori che preferiscono un\u2019interfaccia pulita, in stile app. Manteniamo la lobby ordinata e le pagine dei giochi facili da scorrere, cos\u00ec la navigazione resta prevedibile. Molti giocatori la usano quando vogliono una sessione rapida e non vogliono passaggi inutili tra l\u2019apertura della piattaforma e l\u2019avvio di un gioco.<\/p>\n<div class=\"banner-wrap\" aria-label=\"Banner\"><img src=\"https:\/\/afk-spin.net\/wp-content\/uploads\/2025\/12\/AFK-Spins-banner-carousel-932\u0445400.webp\" class=\"w-100 d-none d-lg-block img-pc main-banner-img\" alt=\"AFKspin desktop banner\" fetchpriority=\"high\" decoding=\"async\"><img src=\"https:\/\/afk-spin.net\/wp-content\/uploads\/2025\/12\/AFKspin-mobile-banner.webp\" class=\"w-100 d-none d-md-block d-lg-none main-banner-img\" alt=\"AFKspin mobile banner\" fetchpriority=\"high\" decoding=\"async\"><img src=\"https:\/\/afk-spin.net\/wp-content\/uploads\/2025\/12\/AFKspin-mobile-banner.webp\" class=\"w-100 d-md-none\" alt=\"AFKspin mobile banner\" fetchpriority=\"high\" decoding=\"async\"><div class=\"banner-description\">\n<div class=\"banner-title\">Bonus di benvenuto<\/div>\n<p class=\"banner-header-title\">1500 \u20ac<\/p>\n<div class=\"banner-header-AdditionalText\">+ 250 Giri gratuiti<\/div>\n<button data-item=\"homepage_banner_link\" class=\"goto m-button m-gradient-border m-button--primary m-button--large banner-button btn-orange\">\n            <div class=\"m-button-content\">\n                <span>Iscriviti ora<\/span>\n                <span><\/span>\n            <\/div>\n        <\/button>\n<\/div>\n<div class=\"WelcomePack\">\n<p><img loading=\"lazy\" decoding=\"async\" class=\"alignnone size-full wp-image-1338\" src=\"https:\/\/afk-spin.net\/wp-content\/uploads\/2025\/12\/welcome-crown.svg\" alt=\"crown\" width=\"25\" height=\"26\" \/><\/p>\n<div class=\"WelcomePack-Info\">Cashback settimanale fino al 25%<\/div>\n<p><img loading=\"lazy\" decoding=\"async\" class=\"alignnone size-full wp-image-1338\" src=\"https:\/\/afk-spin.net\/wp-content\/uploads\/2025\/12\/welcome-crown.svg\" alt=\"crown\" width=\"25\" height=\"26\" \/><\/p>\n<\/div>\n<\/div>\n<h2>Perch\u00e9 scegliere l&#8217;app AFK Spin Casino<\/h2>\n<p>L&#8217;app AFK Spin ottimizza tutti i giochi e le funzionalit\u00e0 del casin\u00f2 per il tuo dispositivo mobile. La differenza principale tra il software mobile e la versione per PC \u00e8 la sua portabilit\u00e0. Un&#8217;altra caratteristica distintiva del software \u00e8 il nostro meccanismo proprietario &#8220;no keyboard&#8221; (AFK) per la regolazione delle impostazioni e l&#8217;avvio dei giochi. Si tratta quindi di un casin\u00f2 mobile completamente ottimizzato che puoi portare sempre con te.<\/p>\n<p>Il vantaggio di un PC \u00e8 il suo schermo grande, ma tutte le funzionalit\u00e0 sono le stesse sia sul PC che sull&#8217;app mobile. Il software compensa lo schermo piccolo con un&#8217;interfaccia touch ottimizzata e notifiche push. Nella nostra applicazione, puoi fare tutto ci\u00f2 che puoi fare in un browser: completare il processo di verifica, effettuare transazioni, utilizzare bonus, giocare a tutti i giochi e molto altro ancora.<\/p>\n<table>\n<tbody>\n<tr>\n<td>Caratteristica<\/td>\n<td>App mobile AFK Spin<\/td>\n<td>Versione per PC<\/td>\n<\/tr>\n<tr>\n<td>Portabilit\u00e0<\/td>\n<td>Puoi giocare ovunque.<\/td>\n<td>Limitato a una posizione fissa.<\/td>\n<\/tr>\n<tr>\n<td>Meccanica AFK<\/td>\n<td>Consente la raccolta passiva di ricompense.<\/td>\n<td>Richiede che il gioco sia attivamente in esecuzione.<\/td>\n<\/tr>\n<tr>\n<td>Interfaccia<\/td>\n<td>Comandi touch ottimizzati.<\/td>\n<td>Schermo pi\u00f9 grande, tradizionalmente, mouse\/tastiera.<\/td>\n<\/tr>\n<tr>\n<td>Notifiche<\/td>\n<td>Notifiche push per vittorie\/promozioni.<\/td>\n<td>Richiede il monitoraggio del browser.<\/td>\n<\/tr>\n<tr>\n<td>Connettivit\u00e0<\/td>\n<td>Caricamento rapido, accesso con un solo tocco.<\/td>\n<td>Dipende dall&#8217;avvio di un browser\/software.<\/td>\n<\/tr>\n<\/tbody>\n<\/table>\n<p><div style=\"clear: both\"><\/div><div class=\"d-flex justify-content-center\"><button data-item=\"decouvrez_link\" data-group=\"website_links\" class=\"goto fw-bold rounded-pill btn btn-orange\" aria-label=\"Scarica l&#039;app AFKspin\" >Scarica l&#039;app AFKspin<\/button><\/div><div class=\"scrollable-content-wrap my-5\"><div class=\"scrollable-content-inner\"><h2>App Web AFKSpin per Windows e Mac<\/h2>\n<p>Le applicazioni web AFKSpin Casino avviano il casin\u00f2 direttamente sul tuo desktop senza alcuna installazione complicata. Sia gli utenti Windows che quelli Mac possono accedere rapidamente a AFKSpin Casino senza un lungo processo di installazione. Basta visitare il nostro sito web e creare un collegamento sul desktop per un accesso rapido con un solo clic. Questo collegamento converte l&#8217;applicazione in un&#8217;applicazione web separata e funziona come un normale programma. Sarai in grado di avviare AFKSpin dal desktop del tuo PC. Le applicazioni Mac e Windows hanno un&#8217;interfaccia ottimizzata che si adatta alle dimensioni dello schermo del tuo computer.<\/p>\n<p><img loading=\"lazy\" decoding=\"async\" src=\"https:\/\/afk-spin.net\/wp-content\/uploads\/2025\/12\/AFKspin-Desktop.webp\" alt=\"AFKspin Desktop\" width=\"1248\" height=\"536\" \/><\/p>\n<\/div><\/div><div style=\"clear: both\"><\/div><div class=\"d-flex justify-content-center\"><button data-item=\"decouvrez_link\" data-group=\"website_links\" class=\"goto fw-bold rounded-pill btn btn-orange\" aria-label=\"Scarica AFKspin\" >Scarica AFKspin<\/button><\/div><div class=\"scrollable-content-wrap my-5\"><div class=\"scrollable-content-inner\"><h2>Installare un&#8217;applicazione Android<\/h2>\n<p>Il modo pi\u00f9 veloce per godere di tutti i vantaggi di un casin\u00f2 sul tuo dispositivo mobile \u00e8 utilizzare AFKSpin per Android. Il software AFKSpin per Android \u00e8 una moderna applicazione web progressiva (PWA). Abbiamo creato questo software per funzionare su qualsiasi dispositivo mobile e fornire un accesso immediato. La nostra app web progressiva non richiede alcuna installazione complicata, n\u00e9 file APK o lunghi download. La PWA \u00e8 veloce e si integra facilmente con il tuo telefono.<\/p>\n<h3>Come scaricare l&#8217;APK<\/h3>\n<p>Non \u00e8 necessario andare sul Play Store o scaricare il file AFKSpin APK. Installare la PWA AFKSpin \u00e8 semplice e richiede solo pochi secondi.<\/p>\n<ol>\n<li>Scorri verso il basso la pagina principale del sito web AFKSpin sul tuo dispositivo Android.<\/li>\n<li>Tocca il pulsante &#8220;App Casin\u00f2&#8221;.<\/li>\n<li>Seleziona &#8220;Installa&#8221;.<\/li>\n<\/ol>\n<p>L&#8217;app AFKSpin verr\u00e0 immediatamente aggiunta alla schermata iniziale e al cassetto delle app, pronta per essere avviata con un solo tocco.<\/p>\n<p><img loading=\"lazy\" decoding=\"async\" src=\"https:\/\/afk-spin.net\/wp-content\/uploads\/2025\/12\/AFKspin-Android-App.webp\" alt=\"AFKspin Android App\" width=\"1248\" height=\"536\" \/><\/p>\n<\/div><\/div><div style=\"clear: both\"><\/div><div class=\"d-flex justify-content-center\"><button data-item=\"decouvrez_link\" data-group=\"website_links\" class=\"goto fw-bold rounded-pill btn btn-orange\" aria-label=\"Scarica l&#039;app AFKspin\" >Scarica l&#039;app AFKspin<\/button><\/div><div class=\"scrollable-content-wrap my-5\"><div class=\"scrollable-content-inner\"><h2>Applicazione AFK Spin per iOS<\/h2>\n<p>Per gli utenti Apple, l&#8217;app AFKSpin per iOS \u00e8 completamente ottimizzata. Ha un&#8217;interfaccia nativa che funziona tramite il browser Safari. Il nostro software pu\u00f2 essere scaricato sul tuo dispositivo mobile senza visitare l&#8217;App Store. Non \u00e8 necessario scaricare o installare nulla. Questo metodo si carica rapidamente e supporta le notifiche push. Vedrai un&#8217;icona speciale sulla schermata iniziale con accesso rapido ai tuoi giochi da casin\u00f2 preferiti.<\/p>\n<h3>Installa l&#8217;app sul dispositivo iOS<\/h3>\n<ol>\n<li>Apri il sito web AFKSpin nel tuo browser Safari.<\/li>\n<li>Tocca l&#8217;icona &#8220;Condividi&#8221; situata nella parte inferiore dello schermo.<\/li>\n<li>Seleziona &#8220;Aggiungi alla schermata Home&#8221;.<\/li>\n<li>Conferma &#8220;Aggiungi&#8221; nell&#8217;angolo in alto a destra.<\/li>\n<\/ol>\n<p>A questo punto, l&#8217;app AFKSpin \u00e8 pronta per l&#8217;uso e apparir\u00e0 sulla schermata iniziale. Per qualsiasi domanda sull&#8217;installazione o su qualsiasi altro argomento, contatta il nostro team di assistenza tramite live chat o e-mail.<\/p>\n<p><img loading=\"lazy\" decoding=\"async\" src=\"https:\/\/afk-spin.net\/wp-content\/uploads\/2025\/12\/AFKspin-iOS-App.webp\" alt=\"AFKspin iOS App\" width=\"1248\" height=\"536\" \/><\/p>\n<\/div><\/div><div style=\"clear: both\"><\/div><div class=\"d-flex justify-content-center\"><button data-item=\"decouvrez_link\" data-group=\"website_links\" class=\"goto fw-bold rounded-pill btn btn-orange\" aria-label=\"Scarica AFKspin\" >Scarica AFKspin<\/button><\/div><div class=\"scrollable-content-wrap my-5\"><div class=\"scrollable-content-inner\"><h2>Domande frequenti<\/h2>\n<h3>L&#8217;app AFKspin Casino \u00e8 scaricabile gratuitamente?<\/h3>\n<p>S\u00ec, l&#8217;app AFKSpin Casino pu\u00f2 essere scaricata e installata gratuitamente su dispositivi Android e iOS. Il nostro software non richiede pagamenti separati n\u00e9 complicati download di file APK per Android. \u00c8 facile da installare sui dispositivi iOS dal nostro sito web.<\/p>\n<h3>Posso usare Face ID o l&#8217;impronta digitale per accedere in modo pi\u00f9 veloce e sicuro?<\/h3>\n<p>Certo. L&#8217;app AFKSpin supporta metodi di accesso biometrici come Face ID e impronta digitale (Touch ID). Questa funzione \u00e8 disponibile su tutti i dispositivi. Puoi abilitare questa funzione nelle impostazioni dell&#8217;app. Questo metodo di accesso all&#8217;app pu\u00f2 essere una misura aggiuntiva per proteggere i tuoi dati.<\/p>\n<h3>Se ho gi\u00e0 un account sul sito web, posso utilizzare lo stesso login per l&#8217;app?<\/h3>\n<p>S\u00ec, il tuo account pu\u00f2 essere collegato a pi\u00f9 dispositivi. Puoi accedere al tuo account sia dal browser che dall&#8217;app. Utilizza lo stesso nome utente e password per accedere all&#8217;app. Il tuo saldo, i tuoi progressi, i bonus e l&#8217;intera cronologia saranno sincronizzati su tutti i dispositivi.<\/p>\n<h3>L&#8217;app offre una gamma completa di giochi e opzioni di pagamento?<\/h3>\n<p>S\u00ec, l&#8217;app AFKSpin supporta tutte le stesse funzionalit\u00e0 del casin\u00f2 disponibili sul browser. Offre l&#8217;intera gamma di giochi disponibili sul sito web, come slot online, giochi da tavolo e giochi con croupier dal vivo. L&#8217;app offre gli stessi metodi di pagamento disponibili sul browser.<\/p>\n<\/div><\/div><\/p>\n","protected":false},"excerpt":{"rendered":"<p>App AFKSpin per iOS e Android AFKSpin App \u00e8 il nostro formato mobile per i giocatori che preferiscono un\u2019interfaccia pulita, in stile app. Manteniamo la lobby ordinata e le pagine dei giochi facili da scorrere, cos\u00ec la navigazione resta prevedibile. Molti giocatori la usano quando vogliono una sessione rapida e non vogliono passaggi inutili tra [&hellip;]<\/p>\n","protected":false},"author":1,"featured_media":0,"parent":0,"menu_order":0,"comment_status":"closed","ping_status":"closed","template":"template-builder.php","meta":{"_acf_changed":false,"inline_featured_image":false,"footnotes":""},"class_list":["post-1417","page","type-page","status-publish","hentry"],"acf":[],"yoast_head":"<!-- This site is optimized with the Yoast SEO plugin v27.3 - https:\/\/yoast.com\/product\/yoast-seo-wordpress\/ -->\n<title>App AFKSpin per iOS e Android: app per casin\u00f2 PWA<\/title>\n<meta name=\"description\" content=\"AFKSpin app per iOS e Android \u00e8 una PWA con una lobby pulita e accesso con un solo tocco. Installala dal sito web, senza file APK, senza Play Store n\u00e9 App Store. Utilizza le stesse credenziali di accesso su tutti i dispositivi e ricevi notifiche push per le vincite e le promozioni.\" \/>\n<meta name=\"robots\" content=\"index, follow, max-snippet:-1, max-image-preview:large, max-video-preview:-1\" \/>\n<link rel=\"canonical\" href=\"https:\/\/afk-spin.net\/it\/app\/\" \/>\n<meta property=\"og:locale\" content=\"it_IT\" \/>\n<meta property=\"og:type\" content=\"article\" \/>\n<meta property=\"og:title\" content=\"App AFKSpin per iOS e Android: app per casin\u00f2 PWA\" \/>\n<meta property=\"og:description\" content=\"AFKSpin app per iOS e Android \u00e8 una PWA con una lobby pulita e accesso con un solo tocco. Installala dal sito web, senza file APK, senza Play Store n\u00e9 App Store. Utilizza le stesse credenziali di accesso su tutti i dispositivi e ricevi notifiche push per le vincite e le promozioni.\" \/>\n<meta property=\"og:url\" content=\"https:\/\/afk-spin.net\/it\/app\/\" \/>\n<meta property=\"og:site_name\" content=\"afkspin\" \/>\n<meta property=\"article:modified_time\" content=\"2026-03-05T08:55:11+00:00\" \/>\n<meta name=\"twitter:card\" content=\"summary_large_image\" \/>\n<meta name=\"twitter:label1\" content=\"Est. reading time\" \/>\n\t<meta name=\"twitter:data1\" content=\"2 minutes\" \/>\n<script type=\"application\/ld+json\" class=\"yoast-schema-graph\">{\"@context\":\"https:\\\/\\\/schema.org\",\"@graph\":[{\"@type\":\"WebPage\",\"@id\":\"https:\\\/\\\/afk-spin.net\\\/it\\\/app\\\/\",\"url\":\"https:\\\/\\\/afk-spin.net\\\/it\\\/app\\\/\",\"name\":\"App AFKSpin per iOS e Android: app per casin\u00f2 PWA\",\"isPartOf\":{\"@id\":\"https:\\\/\\\/afk-spin.net\\\/it\\\/#website\"},\"datePublished\":\"2025-12-05T06:06:35+00:00\",\"dateModified\":\"2026-03-05T08:55:11+00:00\",\"description\":\"AFKSpin app per iOS e Android \u00e8 una PWA con una lobby pulita e accesso con un solo tocco. Installala dal sito web, senza file APK, senza Play Store n\u00e9 App Store. Utilizza le stesse credenziali di accesso su tutti i dispositivi e ricevi notifiche push per le vincite e le promozioni.\",\"breadcrumb\":{\"@id\":\"https:\\\/\\\/afk-spin.net\\\/it\\\/app\\\/#breadcrumb\"},\"inLanguage\":\"it-IT\",\"potentialAction\":[{\"@type\":\"ReadAction\",\"target\":[\"https:\\\/\\\/afk-spin.net\\\/it\\\/app\\\/\"]}]},{\"@type\":\"BreadcrumbList\",\"@id\":\"https:\\\/\\\/afk-spin.net\\\/it\\\/app\\\/#breadcrumb\",\"itemListElement\":[{\"@type\":\"ListItem\",\"position\":1,\"name\":\"Afkspin\",\"item\":\"https:\\\/\\\/afk-spin.net\\\/it\\\/\"},{\"@type\":\"ListItem\",\"position\":2,\"name\":\"App\"}]},{\"@type\":\"WebSite\",\"@id\":\"https:\\\/\\\/afk-spin.net\\\/it\\\/#website\",\"url\":\"https:\\\/\\\/afk-spin.net\\\/it\\\/\",\"name\":\"Afkspin\",\"description\":\"\",\"publisher\":{\"@id\":\"https:\\\/\\\/afk-spin.net\\\/it\\\/#organization\"},\"potentialAction\":[{\"@type\":\"SearchAction\",\"target\":{\"@type\":\"EntryPoint\",\"urlTemplate\":\"https:\\\/\\\/afk-spin.net\\\/it\\\/?s={search_term_string}\"},\"query-input\":{\"@type\":\"PropertyValueSpecification\",\"valueRequired\":true,\"valueName\":\"search_term_string\"}}],\"inLanguage\":\"it-IT\"},{\"@type\":\"Organization\",\"@id\":\"https:\\\/\\\/afk-spin.net\\\/it\\\/#organization\",\"name\":\"Afkspin\",\"url\":\"https:\\\/\\\/afk-spin.net\\\/it\\\/\",\"logo\":{\"@type\":\"ImageObject\",\"inLanguage\":\"it-IT\",\"@id\":\"https:\\\/\\\/afk-spin.net\\\/it\\\/#\\\/schema\\\/logo\\\/image\\\/\",\"url\":\"https:\\\/\\\/afk-spin.net\\\/wp-content\\\/uploads\\\/2025\\\/12\\\/logo.svg\",\"contentUrl\":\"https:\\\/\\\/afk-spin.net\\\/wp-content\\\/uploads\\\/2025\\\/12\\\/logo.svg\",\"width\":84,\"height\":24,\"caption\":\"Afkspin\"},\"image\":{\"@id\":\"https:\\\/\\\/afk-spin.net\\\/it\\\/#\\\/schema\\\/logo\\\/image\\\/\"}}]}<\/script>\n<!-- \/ Yoast SEO plugin. -->","yoast_head_json":{"title":"App AFKSpin per iOS e Android: app per casin\u00f2 PWA","description":"AFKSpin app per iOS e Android \u00e8 una PWA con una lobby pulita e accesso con un solo tocco. Installala dal sito web, senza file APK, senza Play Store n\u00e9 App Store. Utilizza le stesse credenziali di accesso su tutti i dispositivi e ricevi notifiche push per le vincite e le promozioni.","robots":{"index":"index","follow":"follow","max-snippet":"max-snippet:-1","max-image-preview":"max-image-preview:large","max-video-preview":"max-video-preview:-1"},"canonical":"https:\/\/afk-spin.net\/it\/app\/","og_locale":"it_IT","og_type":"article","og_title":"App AFKSpin per iOS e Android: app per casin\u00f2 PWA","og_description":"AFKSpin app per iOS e Android \u00e8 una PWA con una lobby pulita e accesso con un solo tocco. Installala dal sito web, senza file APK, senza Play Store n\u00e9 App Store. Utilizza le stesse credenziali di accesso su tutti i dispositivi e ricevi notifiche push per le vincite e le promozioni.","og_url":"https:\/\/afk-spin.net\/it\/app\/","og_site_name":"afkspin","article_modified_time":"2026-03-05T08:55:11+00:00","twitter_card":"summary_large_image","twitter_misc":{"Est. reading time":"2 minutes"},"schema":{"@context":"https:\/\/schema.org","@graph":[{"@type":"WebPage","@id":"https:\/\/afk-spin.net\/it\/app\/","url":"https:\/\/afk-spin.net\/it\/app\/","name":"App AFKSpin per iOS e Android: app per casin\u00f2 PWA","isPartOf":{"@id":"https:\/\/afk-spin.net\/it\/#website"},"datePublished":"2025-12-05T06:06:35+00:00","dateModified":"2026-03-05T08:55:11+00:00","description":"AFKSpin app per iOS e Android \u00e8 una PWA con una lobby pulita e accesso con un solo tocco. Installala dal sito web, senza file APK, senza Play Store n\u00e9 App Store. Utilizza le stesse credenziali di accesso su tutti i dispositivi e ricevi notifiche push per le vincite e le promozioni.","breadcrumb":{"@id":"https:\/\/afk-spin.net\/it\/app\/#breadcrumb"},"inLanguage":"it-IT","potentialAction":[{"@type":"ReadAction","target":["https:\/\/afk-spin.net\/it\/app\/"]}]},{"@type":"BreadcrumbList","@id":"https:\/\/afk-spin.net\/it\/app\/#breadcrumb","itemListElement":[{"@type":"ListItem","position":1,"name":"Afkspin","item":"https:\/\/afk-spin.net\/it\/"},{"@type":"ListItem","position":2,"name":"App"}]},{"@type":"WebSite","@id":"https:\/\/afk-spin.net\/it\/#website","url":"https:\/\/afk-spin.net\/it\/","name":"Afkspin","description":"","publisher":{"@id":"https:\/\/afk-spin.net\/it\/#organization"},"potentialAction":[{"@type":"SearchAction","target":{"@type":"EntryPoint","urlTemplate":"https:\/\/afk-spin.net\/it\/?s={search_term_string}"},"query-input":{"@type":"PropertyValueSpecification","valueRequired":true,"valueName":"search_term_string"}}],"inLanguage":"it-IT"},{"@type":"Organization","@id":"https:\/\/afk-spin.net\/it\/#organization","name":"Afkspin","url":"https:\/\/afk-spin.net\/it\/","logo":{"@type":"ImageObject","inLanguage":"it-IT","@id":"https:\/\/afk-spin.net\/it\/#\/schema\/logo\/image\/","url":"https:\/\/afk-spin.net\/wp-content\/uploads\/2025\/12\/logo.svg","contentUrl":"https:\/\/afk-spin.net\/wp-content\/uploads\/2025\/12\/logo.svg","width":84,"height":24,"caption":"Afkspin"},"image":{"@id":"https:\/\/afk-spin.net\/it\/#\/schema\/logo\/image\/"}}]}},"_links":{"self":[{"href":"https:\/\/afk-spin.net\/it\/wp-json\/wp\/v2\/pages\/1417","targetHints":{"allow":["GET"]}}],"collection":[{"href":"https:\/\/afk-spin.net\/it\/wp-json\/wp\/v2\/pages"}],"about":[{"href":"https:\/\/afk-spin.net\/it\/wp-json\/wp\/v2\/types\/page"}],"author":[{"embeddable":true,"href":"https:\/\/afk-spin.net\/it\/wp-json\/wp\/v2\/users\/1"}],"replies":[{"embeddable":true,"href":"https:\/\/afk-spin.net\/it\/wp-json\/wp\/v2\/comments?post=1417"}],"version-history":[{"count":2,"href":"https:\/\/afk-spin.net\/it\/wp-json\/wp\/v2\/pages\/1417\/revisions"}],"predecessor-version":[{"id":1864,"href":"https:\/\/afk-spin.net\/it\/wp-json\/wp\/v2\/pages\/1417\/revisions\/1864"}],"wp:attachment":[{"href":"https:\/\/afk-spin.net\/it\/wp-json\/wp\/v2\/media?parent=1417"}],"curies":[{"name":"wp","href":"https:\/\/api.w.org\/{rel}","templated":true}]}}