{"id":1461,"date":"2025-12-05T06:14:39","date_gmt":"2025-12-05T06:14:39","guid":{"rendered":"https:\/\/afk-spin.net\/login-and-registration\/"},"modified":"2026-03-06T06:59:13","modified_gmt":"2026-03-06T06:59:13","slug":"connexion-et-inscription","status":"publish","type":"page","link":"https:\/\/afk-spin.net\/fr\/connexion-et-inscription\/","title":{"rendered":"Connexion et inscription"},"content":{"rendered":"<h1>Connexion et inscription \u00e0 AFKSpin<\/h1>\n<p>AFKSpin Login est l\u2019endroit o\u00f9 vous vous connectez \u00e0 votre compte de casino en ligne et reprenez exactement l\u00e0 o\u00f9 vous vous \u00eates arr\u00eat\u00e9. Utilisez-le pour acc\u00e9der \u00e0 votre portefeuille et \u00e0 vos offres actives, ou pour retourner au hall en quelques clics.<\/p>\n<p>Nouveau ici ? Vous pouvez cr\u00e9er un compte depuis la m\u00eame section. Si vous n\u2019arrivez pas \u00e0 vous connecter, l\u2019option de r\u00e9initialisation du mot de passe vous aide \u00e0 r\u00e9tablir l\u2019acc\u00e8s rapidement.<\/p>\n<p><div class=\"banner-wrap\" aria-label=\"Banner\"><img src=\"https:\/\/afk-spin.net\/wp-content\/uploads\/2025\/12\/AFK-Spins-banner-carousel-932\u0445400.webp\" class=\"w-100 d-none d-lg-block img-pc main-banner-img\" alt=\"AFKspin desktop banner\" fetchpriority=\"high\" decoding=\"async\"><img src=\"https:\/\/afk-spin.net\/wp-content\/uploads\/2025\/12\/AFKspin-mobile-banner.webp\" class=\"w-100 d-none d-md-block d-lg-none main-banner-img\" alt=\"AFKspin mobile banner\" fetchpriority=\"high\" decoding=\"async\"><img src=\"https:\/\/afk-spin.net\/wp-content\/uploads\/2025\/12\/AFKspin-mobile-banner.webp\" class=\"w-100 d-md-none\" alt=\"AFKspin mobile banner\" fetchpriority=\"high\" decoding=\"async\"><div class=\"banner-description\">\n<div class=\"banner-title\">Bonus de bienvenue<\/div>\n<p class=\"banner-header-title\">1500 \u20ac<\/p>\n<div class=\"banner-header-AdditionalText\">+ 250 Tours gratuits<\/div>\n<button data-item=\"homepage_banner_link\" class=\"goto m-button m-gradient-border m-button--primary m-button--large banner-button btn-orange\">\n            <div class=\"m-button-content\">\n                <span>Inscrivez-vous d\u00e8s maintenant<\/span>\n                <span><\/span>\n            <\/div>\n        <\/button>\n<\/div>\n<div class=\"WelcomePack\">\n<p><img loading=\"lazy\" decoding=\"async\" class=\"alignnone size-full wp-image-1338\" src=\"https:\/\/afk-spin.net\/wp-content\/uploads\/2025\/12\/welcome-crown.svg\" alt=\"crown\" width=\"25\" height=\"26\" \/><\/p>\n<div class=\"WelcomePack-Info\">Cashback hebdomadaire jusqu&rsquo;\u00e0 25 %<\/div>\n<p><img loading=\"lazy\" decoding=\"async\" class=\"alignnone size-full wp-image-1338\" src=\"https:\/\/afk-spin.net\/wp-content\/uploads\/2025\/12\/welcome-crown.svg\" alt=\"crown\" width=\"25\" height=\"26\" \/><\/p>\n<\/div>\n<\/div><div class=\"scrollable-content-wrap my-5\"><div class=\"scrollable-content-inner\"><h2>Comment cr\u00e9er un compte sur AFK Spin<\/h2>\n<p>Pour rejoindre la communaut\u00e9 de joueurs AFK Spin Casino, vous devez cr\u00e9er un compte. L&rsquo;inscription vous donne un acc\u00e8s instantan\u00e9 \u00e0 toutes les fonctionnalit\u00e9s de la plateforme. Seuls les utilisateurs inscrits peuvent jouer avec de l&rsquo;argent r\u00e9el ou en mode d\u00e9mo, recevoir des bonus, d\u00e9poser des fonds et retirer leurs gains. Votre compte AFKSpin regroupe votre progression, votre solde et vos param\u00e8tres de s\u00e9curit\u00e9 sur tous les appareils sur lesquels vous \u00eates connect\u00e9. Par exemple, les appareils mobiles et les ordinateurs, dans l&rsquo;application ou dans le navigateur.<\/p>\n<h3>Cr\u00e9ation d&rsquo;un compte<\/h3>\n<p>Cr\u00e9er un compte sur AFKSpin est simple, et vous pouvez facilement le faire vous-m\u00eame. Pour vous \u00e9viter tout doute, nous allons vous d\u00e9crire la proc\u00e9dure. Pour cr\u00e9er un compte, suivez nos instructions :<\/p>\n<ol>\n<li>Cliquez sur le bouton \u00ab S&rsquo;inscrire \u00bb. Il se trouve dans le coin sup\u00e9rieur droit de la page d&rsquo;accueil d&rsquo;AFKSpin.<\/li>\n<li>Une fen\u00eatre contenant un formulaire d&rsquo;inscription s&rsquo;affichera.<\/li>\n<li>Entrez votre adresse e-mail et d\u00e9finissez un mot de passe.<\/li>\n<li>Si vous disposez d&rsquo;un code promotionnel sp\u00e9cial, saisissez-le \u00e0 ce stade.<\/li>\n<li>Confirmez que vous acceptez nos conditions g\u00e9n\u00e9rales et notre politique de confidentialit\u00e9.<\/li>\n<li>Confirmez que vous avez plus de 18 ans.<\/li>\n<li>Cliquez sur \u00ab Enregistrer \u00bb.<\/li>\n<li>Suivez le lien dans l&rsquo;e-mail envoy\u00e9 par AFK Spin.<\/li>\n<\/ol>\n<p>Votre compte est pr\u00eat \u00e0 \u00eatre utilis\u00e9. Vous avez termin\u00e9 le processus de connexion \u00e0 AFKSpin.<\/p>\n<p><img loading=\"lazy\" decoding=\"async\" class=\"alignnone size-full wp-image-1938\" src=\"https:\/\/afk-spin.net\/wp-content\/uploads\/2026\/03\/Login-page-AFKspin.webp\" alt=\"Login page AFKspin\" width=\"1248\" height=\"536\" srcset=\"https:\/\/afk-spin.net\/wp-content\/uploads\/2026\/03\/Login-page-AFKspin.webp 1248w, https:\/\/afk-spin.net\/wp-content\/uploads\/2026\/03\/Login-page-AFKspin-300x129.webp 300w, https:\/\/afk-spin.net\/wp-content\/uploads\/2026\/03\/Login-page-AFKspin-1024x440.webp 1024w, https:\/\/afk-spin.net\/wp-content\/uploads\/2026\/03\/Login-page-AFKspin-768x330.webp 768w\" sizes=\"auto, (max-width: 1248px) 100vw, 1248px\" \/><\/p>\n<h2>Comment se connecter avec AFKSpin Login<\/h2>\n<p>La proc\u00e9dure de connexion \u00e0 AFKSpin est simple et rapide. Une fois connect\u00e9, vous aurez un contr\u00f4le total sur votre profil, vos paiements, vos bonus et l&rsquo;historique de vos activit\u00e9s. Nous vous d\u00e9crivons ici la proc\u00e9dure de connexion \u00e0 AFKSpin.<\/p>\n<ol>\n<li>Cliquez sur le bouton \u00ab Connexion \u00bb. Il se trouve dans le coin sup\u00e9rieur droit de notre site Web.<\/li>\n<li>Entrez votre adresse e-mail et votre mot de passe.<\/li>\n<li>Cliquez sur \u00ab Connexion \u00bb pour confirmer.<\/li>\n<\/ol>\n<p>Seuls les utilisateurs enregistr\u00e9s ont acc\u00e8s \u00e0 toutes les fonctionnalit\u00e9s du casino. En plus des jeux, des bonus et du retrait des gains, vous pouvez g\u00e9rer vos param\u00e8tres une fois connect\u00e9 \u00e0 votre compte. Voici quelques-unes des fonctionnalit\u00e9s de param\u00e9trage qui seront \u00e0 votre disposition :<\/p>\n<table>\n<tbody>\n<tr>\n<td>Fonctionnalit\u00e9<\/td>\n<td>Ce que cela vous permet de faire<\/td>\n<\/tr>\n<tr>\n<td>Param\u00e8tres du compte<\/td>\n<td>Mettez \u00e0 jour vos informations personnelles, personnalisez l&rsquo;interface ou les param\u00e8tres linguistiques, ainsi que les pr\u00e9f\u00e9rences de s\u00e9curit\u00e9.<\/td>\n<\/tr>\n<tr>\n<td>Portefeuille et paiements<\/td>\n<td>G\u00e9rez les d\u00e9p\u00f4ts et les retraits, consultez toutes les transactions financi\u00e8res et stockez en toute s\u00e9curit\u00e9 les m\u00e9thodes de paiement.<\/td>\n<\/tr>\n<tr>\n<td>R\u00e9compenses et bonus<\/td>\n<td>Acc\u00e9dez aux bonus disponibles, suivez la progression de vos paris et activez de nouvelles r\u00e9compenses promotionnelles.<\/td>\n<\/tr>\n<tr>\n<td>Aper\u00e7u des activit\u00e9s<\/td>\n<td>Suivez les statistiques de jeu, consultez les donn\u00e9es de session et analysez vos performances dans diff\u00e9rents jeux.<\/td>\n<\/tr>\n<tr>\n<td>Outils de jeu responsable<\/td>\n<td>D\u00e9finissez des limites de d\u00e9p\u00f4t, des minuteries de session, des p\u00e9riodes de r\u00e9flexion et d&rsquo;autres contr\u00f4les con\u00e7us pour favoriser un jeu s\u00fbr et responsable.<\/td>\n<\/tr>\n<\/tbody>\n<\/table>\n<h3>R\u00e9cup\u00e9ration du mot de passe<\/h3>\n<p>Il est facile de r\u00e9cup\u00e9rer votre identifiant ou votre mot de passe sur AFKSpin Casino ; vous pouvez le faire vous-m\u00eame en quelques minutes seulement. Si vous avez oubli\u00e9 votre identifiant ou votre mot de passe, veuillez suivre notre proc\u00e9dure de r\u00e9initialisation du mot de passe :<\/p>\n<ol>\n<li>Cliquez sur le bouton \u00ab Connexion \u00bb dans le coin sup\u00e9rieur droit de notre site Web.<\/li>\n<li>S\u00e9lectionnez \u00ab Mot de passe oubli\u00e9 ? \u00bb sous le formulaire de connexion.<\/li>\n<li>Entrez l&rsquo;adresse e-mail que vous avez utilis\u00e9e pour cr\u00e9er votre compte AFKSpin.<\/li>\n<li>Ouvrez l&rsquo;e-mail envoy\u00e9 par AFKSpin et suivez le lien pour r\u00e9initialiser votre mot de passe.<\/li>\n<li>Cr\u00e9ez un nouveau mot de passe et reconnectez-vous \u00e0 votre compte.<\/li>\n<\/ol>\n<p>Si vous rencontrez des probl\u00e8mes avec la r\u00e9cup\u00e9ration de votre mot de passe, la connexion, l&rsquo;acc\u00e8s \u00e0 votre compte, etc., contactez notre \u00e9quipe d&rsquo;assistance via le chat en direct ou par e-mail.<\/p>\n<h2>V\u00e9rification du compte AFK Spin Casino<\/h2>\n<p>Nous prot\u00e9geons tous nos joueurs gr\u00e2ce aux proc\u00e9dures de protection des donn\u00e9es les plus avanc\u00e9es. Chez AFKSpin, tous les joueurs doivent se soumettre \u00e0 une v\u00e9rification \u00ab Know Your Customer \u00bb (KYC) afin d&#8217;emp\u00eacher tout acc\u00e8s non autoris\u00e9. Ce processus est r\u00e9glement\u00e9 par les normes d&rsquo;octroi de licence des casinos. Le processus de v\u00e9rification confirme votre identit\u00e9, votre adresse et la validit\u00e9 de vos moyens de paiement. Les documents requis sont g\u00e9n\u00e9ralement une carte d&rsquo;identit\u00e9 ou un passeport, vos coordonn\u00e9es bancaires, un justificatif de domicile (par exemple, une facture d&rsquo;\u00e9lectricit\u00e9) et parfois un permis de conduire.<\/p>\n<p>Toutes les donn\u00e9es transmises sur notre plateforme sont prot\u00e9g\u00e9es par un cryptage SSL 256 bits. Nous avons mis en place cette mesure de s\u00e9curit\u00e9 afin de garantir la s\u00e9curit\u00e9 totale de vos donn\u00e9es personnelles. Les retraits sont toujours trait\u00e9s manuellement par nos sp\u00e9cialistes afin de confirmer l&rsquo;exactitude du transfert de fonds. Nous cr\u00e9ons un environnement de jeu totalement s\u00e9curis\u00e9 pour nos utilisateurs.<\/p>\n<h2>FAQ<\/h2>\n<h3>Mes informations personnelles sont-elles s\u00e9curis\u00e9es pendant le processus d&rsquo;inscription ?<\/h3>\n<p>Oui, vos informations personnelles sont totalement s\u00e9curis\u00e9es chez AFKSpin Casino. Nous utilisons un cryptage SSL 256 bits pour prot\u00e9ger toutes les donn\u00e9es transmises lors de l&rsquo;inscription. Nous avons mis en place une politique de confidentialit\u00e9. Nos syst\u00e8mes sont r\u00e9guli\u00e8rement mis \u00e0 jour afin de maintenir les normes de s\u00e9curit\u00e9 les plus \u00e9lev\u00e9es pour prot\u00e9ger vos donn\u00e9es.<\/p>\n<h3>Que dois-je faire si je n&rsquo;ai pas re\u00e7u l&rsquo;e-mail de v\u00e9rification de compte ?<\/h3>\n<p>Commencez par v\u00e9rifier vos dossiers spam ou courrier ind\u00e9sirable, car l&rsquo;e-mail a pu \u00eatre filtr\u00e9. S&rsquo;il ne s&rsquo;y trouve pas, assurez-vous que vous vous \u00eates inscrit avec la bonne adresse e-mail. Vous pouvez demander un autre e-mail de confirmation. Si aucune de ces solutions ne fonctionne, contactez le service client\u00e8le 24h\/24 de AFK Spin Casino.<\/p>\n<h3>Que dois-je faire pour m&rsquo;assurer que mon compte est s\u00e9curis\u00e9 ?<\/h3>\n<p>Nous avons d\u00e9j\u00e0 pris soin de la s\u00e9curit\u00e9 de votre compte. Tous les m\u00e9canismes de s\u00e9curit\u00e9 sont activ\u00e9s pour tous les utilisateurs enregistr\u00e9s. Cependant, pour assurer la s\u00e9curit\u00e9 de votre compte, vous devez toujours choisir un mot de passe fort et unique. Effectuez la v\u00e9rification \u00ab Know Your Customer \u00bb (KYC) et activez toutes les fonctionnalit\u00e9s de protection. Ne communiquez vos informations de connexion \u00e0 personne et utilisez uniquement des appareils fiables pour vous connecter \u00e0 votre compte.<\/p>\n<\/div><\/div><\/p>\n","protected":false},"excerpt":{"rendered":"<p>Connexion et inscription \u00e0 AFKSpin AFKSpin Login est l\u2019endroit o\u00f9 vous vous connectez \u00e0 votre compte de casino en ligne et reprenez exactement l\u00e0 o\u00f9 vous vous \u00eates arr\u00eat\u00e9. Utilisez-le pour acc\u00e9der \u00e0 votre portefeuille et \u00e0 vos offres actives, ou pour retourner au hall en quelques clics. Nouveau ici ? Vous pouvez cr\u00e9er un [&hellip;]<\/p>\n","protected":false},"author":1,"featured_media":0,"parent":0,"menu_order":0,"comment_status":"closed","ping_status":"closed","template":"template-builder.php","meta":{"_acf_changed":false,"inline_featured_image":false,"footnotes":""},"class_list":["post-1461","page","type-page","status-publish","hentry"],"acf":[],"yoast_head":"<!-- This site is optimized with the Yoast SEO plugin v27.3 - https:\/\/yoast.com\/product\/yoast-seo-wordpress\/ -->\n<title>AFKSpin Login : Inscrivez-vous rapidement et g\u00e9rez votre compte<\/title>\n<meta name=\"description\" content=\"AFKSpin Login vous permet de vous connecter rapidement, d&#039;acc\u00e9der \u00e0 votre portefeuille et de retourner au lobby du casino en quelques clics. Cr\u00e9ez un compte depuis la m\u00eame page, utilisez \u00ab Mot de passe oubli\u00e9 ?\u00bb pour r\u00e9cup\u00e9rer votre acc\u00e8s et g\u00e9rez vos bonus, vos paiements et vos outils de jeu responsable sur tous vos appareils.\" \/>\n<meta name=\"robots\" content=\"index, follow, max-snippet:-1, max-image-preview:large, max-video-preview:-1\" \/>\n<link rel=\"canonical\" href=\"https:\/\/afk-spin.net\/fr\/connexion-et-inscription\/\" \/>\n<meta property=\"og:locale\" content=\"fr_FR\" \/>\n<meta property=\"og:type\" content=\"article\" \/>\n<meta property=\"og:title\" content=\"AFKSpin Login : Inscrivez-vous rapidement et g\u00e9rez votre compte\" \/>\n<meta property=\"og:description\" content=\"AFKSpin Login vous permet de vous connecter rapidement, d&#039;acc\u00e9der \u00e0 votre portefeuille et de retourner au lobby du casino en quelques clics. Cr\u00e9ez un compte depuis la m\u00eame page, utilisez \u00ab Mot de passe oubli\u00e9 ?\u00bb pour r\u00e9cup\u00e9rer votre acc\u00e8s et g\u00e9rez vos bonus, vos paiements et vos outils de jeu responsable sur tous vos appareils.\" \/>\n<meta property=\"og:url\" content=\"https:\/\/afk-spin.net\/fr\/connexion-et-inscription\/\" \/>\n<meta property=\"og:site_name\" content=\"afkspin\" \/>\n<meta property=\"article:modified_time\" content=\"2026-03-06T06:59:13+00:00\" \/>\n<meta name=\"twitter:card\" content=\"summary_large_image\" \/>\n<meta name=\"twitter:label1\" content=\"Dur\u00e9e de lecture estim\u00e9e\" \/>\n\t<meta name=\"twitter:data1\" content=\"1 minute\" \/>\n<script type=\"application\/ld+json\" class=\"yoast-schema-graph\">{\"@context\":\"https:\\\/\\\/schema.org\",\"@graph\":[{\"@type\":\"WebPage\",\"@id\":\"https:\\\/\\\/afk-spin.net\\\/fr\\\/connexion-et-inscription\\\/\",\"url\":\"https:\\\/\\\/afk-spin.net\\\/fr\\\/connexion-et-inscription\\\/\",\"name\":\"AFKSpin Login : Inscrivez-vous rapidement et g\u00e9rez votre compte\",\"isPartOf\":{\"@id\":\"https:\\\/\\\/afk-spin.net\\\/fr\\\/#website\"},\"datePublished\":\"2025-12-05T06:14:39+00:00\",\"dateModified\":\"2026-03-06T06:59:13+00:00\",\"description\":\"AFKSpin Login vous permet de vous connecter rapidement, d'acc\u00e9der \u00e0 votre portefeuille et de retourner au lobby du casino en quelques clics. Cr\u00e9ez un compte depuis la m\u00eame page, utilisez \u00ab Mot de passe oubli\u00e9 ?\u00bb pour r\u00e9cup\u00e9rer votre acc\u00e8s et g\u00e9rez vos bonus, vos paiements et vos outils de jeu responsable sur tous vos appareils.\",\"breadcrumb\":{\"@id\":\"https:\\\/\\\/afk-spin.net\\\/fr\\\/connexion-et-inscription\\\/#breadcrumb\"},\"inLanguage\":\"fr-FR\",\"potentialAction\":[{\"@type\":\"ReadAction\",\"target\":[\"https:\\\/\\\/afk-spin.net\\\/fr\\\/connexion-et-inscription\\\/\"]}]},{\"@type\":\"BreadcrumbList\",\"@id\":\"https:\\\/\\\/afk-spin.net\\\/fr\\\/connexion-et-inscription\\\/#breadcrumb\",\"itemListElement\":[{\"@type\":\"ListItem\",\"position\":1,\"name\":\"Afkspin\",\"item\":\"https:\\\/\\\/afk-spin.net\\\/fr\\\/\"},{\"@type\":\"ListItem\",\"position\":2,\"name\":\"Connexion et inscription\"}]},{\"@type\":\"WebSite\",\"@id\":\"https:\\\/\\\/afk-spin.net\\\/fr\\\/#website\",\"url\":\"https:\\\/\\\/afk-spin.net\\\/fr\\\/\",\"name\":\"Afkspin\",\"description\":\"\",\"publisher\":{\"@id\":\"https:\\\/\\\/afk-spin.net\\\/fr\\\/#organization\"},\"potentialAction\":[{\"@type\":\"SearchAction\",\"target\":{\"@type\":\"EntryPoint\",\"urlTemplate\":\"https:\\\/\\\/afk-spin.net\\\/fr\\\/?s={search_term_string}\"},\"query-input\":{\"@type\":\"PropertyValueSpecification\",\"valueRequired\":true,\"valueName\":\"search_term_string\"}}],\"inLanguage\":\"fr-FR\"},{\"@type\":\"Organization\",\"@id\":\"https:\\\/\\\/afk-spin.net\\\/fr\\\/#organization\",\"name\":\"Afkspin\",\"url\":\"https:\\\/\\\/afk-spin.net\\\/fr\\\/\",\"logo\":{\"@type\":\"ImageObject\",\"inLanguage\":\"fr-FR\",\"@id\":\"https:\\\/\\\/afk-spin.net\\\/fr\\\/#\\\/schema\\\/logo\\\/image\\\/\",\"url\":\"https:\\\/\\\/afk-spin.net\\\/wp-content\\\/uploads\\\/2025\\\/12\\\/logo.svg\",\"contentUrl\":\"https:\\\/\\\/afk-spin.net\\\/wp-content\\\/uploads\\\/2025\\\/12\\\/logo.svg\",\"width\":84,\"height\":24,\"caption\":\"Afkspin\"},\"image\":{\"@id\":\"https:\\\/\\\/afk-spin.net\\\/fr\\\/#\\\/schema\\\/logo\\\/image\\\/\"}}]}<\/script>\n<!-- \/ Yoast SEO plugin. -->","yoast_head_json":{"title":"AFKSpin Login : Inscrivez-vous rapidement et g\u00e9rez votre compte","description":"AFKSpin Login vous permet de vous connecter rapidement, d'acc\u00e9der \u00e0 votre portefeuille et de retourner au lobby du casino en quelques clics. Cr\u00e9ez un compte depuis la m\u00eame page, utilisez \u00ab Mot de passe oubli\u00e9 ?\u00bb pour r\u00e9cup\u00e9rer votre acc\u00e8s et g\u00e9rez vos bonus, vos paiements et vos outils de jeu responsable sur tous vos appareils.","robots":{"index":"index","follow":"follow","max-snippet":"max-snippet:-1","max-image-preview":"max-image-preview:large","max-video-preview":"max-video-preview:-1"},"canonical":"https:\/\/afk-spin.net\/fr\/connexion-et-inscription\/","og_locale":"fr_FR","og_type":"article","og_title":"AFKSpin Login : Inscrivez-vous rapidement et g\u00e9rez votre compte","og_description":"AFKSpin Login vous permet de vous connecter rapidement, d'acc\u00e9der \u00e0 votre portefeuille et de retourner au lobby du casino en quelques clics. Cr\u00e9ez un compte depuis la m\u00eame page, utilisez \u00ab Mot de passe oubli\u00e9 ?\u00bb pour r\u00e9cup\u00e9rer votre acc\u00e8s et g\u00e9rez vos bonus, vos paiements et vos outils de jeu responsable sur tous vos appareils.","og_url":"https:\/\/afk-spin.net\/fr\/connexion-et-inscription\/","og_site_name":"afkspin","article_modified_time":"2026-03-06T06:59:13+00:00","twitter_card":"summary_large_image","twitter_misc":{"Dur\u00e9e de lecture estim\u00e9e":"1 minute"},"schema":{"@context":"https:\/\/schema.org","@graph":[{"@type":"WebPage","@id":"https:\/\/afk-spin.net\/fr\/connexion-et-inscription\/","url":"https:\/\/afk-spin.net\/fr\/connexion-et-inscription\/","name":"AFKSpin Login : Inscrivez-vous rapidement et g\u00e9rez votre compte","isPartOf":{"@id":"https:\/\/afk-spin.net\/fr\/#website"},"datePublished":"2025-12-05T06:14:39+00:00","dateModified":"2026-03-06T06:59:13+00:00","description":"AFKSpin Login vous permet de vous connecter rapidement, d'acc\u00e9der \u00e0 votre portefeuille et de retourner au lobby du casino en quelques clics. Cr\u00e9ez un compte depuis la m\u00eame page, utilisez \u00ab Mot de passe oubli\u00e9 ?\u00bb pour r\u00e9cup\u00e9rer votre acc\u00e8s et g\u00e9rez vos bonus, vos paiements et vos outils de jeu responsable sur tous vos appareils.","breadcrumb":{"@id":"https:\/\/afk-spin.net\/fr\/connexion-et-inscription\/#breadcrumb"},"inLanguage":"fr-FR","potentialAction":[{"@type":"ReadAction","target":["https:\/\/afk-spin.net\/fr\/connexion-et-inscription\/"]}]},{"@type":"BreadcrumbList","@id":"https:\/\/afk-spin.net\/fr\/connexion-et-inscription\/#breadcrumb","itemListElement":[{"@type":"ListItem","position":1,"name":"Afkspin","item":"https:\/\/afk-spin.net\/fr\/"},{"@type":"ListItem","position":2,"name":"Connexion et inscription"}]},{"@type":"WebSite","@id":"https:\/\/afk-spin.net\/fr\/#website","url":"https:\/\/afk-spin.net\/fr\/","name":"Afkspin","description":"","publisher":{"@id":"https:\/\/afk-spin.net\/fr\/#organization"},"potentialAction":[{"@type":"SearchAction","target":{"@type":"EntryPoint","urlTemplate":"https:\/\/afk-spin.net\/fr\/?s={search_term_string}"},"query-input":{"@type":"PropertyValueSpecification","valueRequired":true,"valueName":"search_term_string"}}],"inLanguage":"fr-FR"},{"@type":"Organization","@id":"https:\/\/afk-spin.net\/fr\/#organization","name":"Afkspin","url":"https:\/\/afk-spin.net\/fr\/","logo":{"@type":"ImageObject","inLanguage":"fr-FR","@id":"https:\/\/afk-spin.net\/fr\/#\/schema\/logo\/image\/","url":"https:\/\/afk-spin.net\/wp-content\/uploads\/2025\/12\/logo.svg","contentUrl":"https:\/\/afk-spin.net\/wp-content\/uploads\/2025\/12\/logo.svg","width":84,"height":24,"caption":"Afkspin"},"image":{"@id":"https:\/\/afk-spin.net\/fr\/#\/schema\/logo\/image\/"}}]}},"_links":{"self":[{"href":"https:\/\/afk-spin.net\/fr\/wp-json\/wp\/v2\/pages\/1461","targetHints":{"allow":["GET"]}}],"collection":[{"href":"https:\/\/afk-spin.net\/fr\/wp-json\/wp\/v2\/pages"}],"about":[{"href":"https:\/\/afk-spin.net\/fr\/wp-json\/wp\/v2\/types\/page"}],"author":[{"embeddable":true,"href":"https:\/\/afk-spin.net\/fr\/wp-json\/wp\/v2\/users\/1"}],"replies":[{"embeddable":true,"href":"https:\/\/afk-spin.net\/fr\/wp-json\/wp\/v2\/comments?post=1461"}],"version-history":[{"count":5,"href":"https:\/\/afk-spin.net\/fr\/wp-json\/wp\/v2\/pages\/1461\/revisions"}],"predecessor-version":[{"id":1975,"href":"https:\/\/afk-spin.net\/fr\/wp-json\/wp\/v2\/pages\/1461\/revisions\/1975"}],"wp:attachment":[{"href":"https:\/\/afk-spin.net\/fr\/wp-json\/wp\/v2\/media?parent=1461"}],"curies":[{"name":"wp","href":"https:\/\/api.w.org\/{rel}","templated":true}]}}