{"id":1412,"date":"2025-12-05T06:06:35","date_gmt":"2025-12-05T06:06:35","guid":{"rendered":"https:\/\/afk-spin.net\/app\/"},"modified":"2026-03-06T06:58:53","modified_gmt":"2026-03-06T06:58:53","slug":"app","status":"publish","type":"page","link":"https:\/\/afk-spin.net\/fr\/app\/","title":{"rendered":"App"},"content":{"rendered":"<h1>Application AFKSpin pour iOS et Android<\/h1>\n<p>AFKSpin App est notre version mobile pour les joueurs qui pr\u00e9f\u00e8rent une interface claire, proche d\u2019une application. Nous gardons l\u2019accueil structur\u00e9 et les pages de jeux faciles \u00e0 parcourir, afin que la navigation reste pr\u00e9visible. Beaucoup de joueurs l\u2019utilisent lorsqu\u2019ils veulent une partie rapide et ne veulent pas d\u2019\u00e9tapes inutiles entre l\u2019ouverture de la plateforme et le lancement d\u2019un jeu.<\/p>\n<div class=\"banner-wrap\" aria-label=\"Banner\"><img src=\"https:\/\/afk-spin.net\/wp-content\/uploads\/2025\/12\/AFK-Spins-banner-carousel-932\u0445400.webp\" class=\"w-100 d-none d-lg-block img-pc main-banner-img\" alt=\"AFKspin desktop banner\" fetchpriority=\"high\" decoding=\"async\"><img src=\"https:\/\/afk-spin.net\/wp-content\/uploads\/2025\/12\/AFKspin-mobile-banner.webp\" class=\"w-100 d-none d-md-block d-lg-none main-banner-img\" alt=\"AFKspin mobile banner\" fetchpriority=\"high\" decoding=\"async\"><img src=\"https:\/\/afk-spin.net\/wp-content\/uploads\/2025\/12\/AFKspin-mobile-banner.webp\" class=\"w-100 d-md-none\" alt=\"AFKspin mobile banner\" fetchpriority=\"high\" decoding=\"async\"><div class=\"banner-description\">\n<div class=\"banner-title\">Bonus de bienvenue<\/div>\n<p class=\"banner-header-title\">1500 \u20ac<\/p>\n<div class=\"banner-header-AdditionalText\">+ 250 Tours gratuits<\/div>\n<button data-item=\"homepage_banner_link\" class=\"goto m-button m-gradient-border m-button--primary m-button--large banner-button btn-orange\">\n            <div class=\"m-button-content\">\n                <span>Inscrivez-vous d\u00e8s maintenant<\/span>\n                <span><\/span>\n            <\/div>\n        <\/button>\n<\/div>\n<div class=\"WelcomePack\">\n<p><img loading=\"lazy\" decoding=\"async\" class=\"alignnone size-full wp-image-1338\" src=\"https:\/\/afk-spin.net\/wp-content\/uploads\/2025\/12\/welcome-crown.svg\" alt=\"crown\" width=\"25\" height=\"26\" \/><\/p>\n<div class=\"WelcomePack-Info\">Cashback hebdomadaire jusqu&rsquo;\u00e0 25 %<\/div>\n<p><img loading=\"lazy\" decoding=\"async\" class=\"alignnone size-full wp-image-1338\" src=\"https:\/\/afk-spin.net\/wp-content\/uploads\/2025\/12\/welcome-crown.svg\" alt=\"crown\" width=\"25\" height=\"26\" \/><\/p>\n<\/div>\n<\/div>\n<h2>Pourquoi choisir l&rsquo;application AFK Spin Casino ?<\/h2>\n<p>L&rsquo;application AFK Spin optimise tous les jeux et fonctionnalit\u00e9s de casino pour votre appareil mobile. La principale diff\u00e9rence entre le logiciel mobile et la version PC r\u00e9side dans sa portabilit\u00e9. Une autre caract\u00e9ristique distinctive du logiciel est notre m\u00e9canisme exclusif \u00ab sans clavier \u00bb (AFK) permettant de r\u00e9gler les param\u00e8tres et de lancer les jeux. Il s&rsquo;agit donc d&rsquo;un casino mobile enti\u00e8rement optimis\u00e9 que vous pouvez emporter partout avec vous.<\/p>\n<p>L&rsquo;avantage d&rsquo;un PC r\u00e9side dans son grand \u00e9cran, mais toutes les fonctionnalit\u00e9s sont identiques sur PC et sur l&rsquo;application mobile. Le logiciel compense la petite taille de l&rsquo;\u00e9cran gr\u00e2ce \u00e0 une interface tactile optimis\u00e9e et des notifications push. Dans notre application, vous pouvez faire tout ce que vous pouvez faire dans un navigateur : effectuer le processus de v\u00e9rification, r\u00e9aliser des transactions, utiliser des bonus, jouer \u00e0 tous les jeux, et bien plus encore.<\/p>\n<table>\n<tbody>\n<tr>\n<td>Fonctionnalit\u00e9<\/td>\n<td>Application mobile AFK Spin<\/td>\n<td>Version PC<\/td>\n<\/tr>\n<tr>\n<td>Portabilit\u00e9<\/td>\n<td>Vous pouvez jouer n&rsquo;importe o\u00f9.<\/td>\n<td>Limit\u00e9 \u00e0 un emplacement fixe.<\/td>\n<\/tr>\n<tr>\n<td>M\u00e9canique AFK<\/td>\n<td>Permet la collecte passive de r\u00e9compenses.<\/td>\n<td>N\u00e9cessite que le jeu soit activement en cours d&rsquo;ex\u00e9cution.<\/td>\n<\/tr>\n<tr>\n<td>Interface<\/td>\n<td>Commandes tactiles optimis\u00e9es.<\/td>\n<td>\u00c9cran plus grand, traditionnellement, souris\/clavier.<\/td>\n<\/tr>\n<tr>\n<td>Notifications<\/td>\n<td>Alertes push pour les gains\/promotions.<\/td>\n<td>N\u00e9cessite la surveillance du navigateur.<\/td>\n<\/tr>\n<tr>\n<td>Connectivit\u00e9<\/td>\n<td>Chargement rapide, acc\u00e8s en un seul clic.<\/td>\n<td>D\u00e9pendant du lancement d&rsquo;un navigateur\/logiciel.<\/td>\n<\/tr>\n<\/tbody>\n<\/table>\n<p><div style=\"clear: both\"><\/div><div class=\"d-flex justify-content-center\"><button data-item=\"decouvrez_link\" data-group=\"website_links\" class=\"goto fw-bold rounded-pill btn btn-orange\" aria-label=\"T\u00e9l\u00e9chargez l&#039;application AFKspin\" >T\u00e9l\u00e9chargez l&#039;application AFKspin<\/button><\/div><div class=\"scrollable-content-wrap my-5\"><div class=\"scrollable-content-inner\"><h2>Application Web AFKSpin pour Windows et Mac<\/h2>\n<p>Les applications web AFKSpin Casino lancent le casino directement sur votre bureau sans aucune installation compliqu\u00e9e. Les utilisateurs Windows et Mac peuvent acc\u00e9der rapidement \u00e0 AFKSpin Casino sans processus d&rsquo;installation fastidieux. Il vous suffit de vous rendre sur notre site web et de cr\u00e9er un raccourci sur votre bureau pour y acc\u00e9der rapidement en un seul clic. Ce raccourci convertit l&rsquo;application en une application web distincte, qui fonctionne comme un programme classique. Vous pourrez lancer AFKSpin depuis le bureau de votre PC. Les applications Mac et Windows disposent d&rsquo;une interface optimis\u00e9e qui s&rsquo;adapte \u00e0 la taille de l&rsquo;\u00e9cran de votre ordinateur.<\/p>\n<p><img loading=\"lazy\" decoding=\"async\" src=\"https:\/\/afk-spin.net\/wp-content\/uploads\/2025\/12\/AFKspin-Desktop.webp\" alt=\"AFKspin Desktop\" width=\"1248\" height=\"536\" \/><\/p>\n<\/div><\/div><div style=\"clear: both\"><\/div><div class=\"d-flex justify-content-center\"><button data-item=\"decouvrez_link\" data-group=\"website_links\" class=\"goto fw-bold rounded-pill btn btn-orange\" aria-label=\"T\u00e9l\u00e9charger AFKspin\" >T\u00e9l\u00e9charger AFKspin<\/button><\/div><div class=\"scrollable-content-wrap my-5\"><div class=\"scrollable-content-inner\"><h2>Installer une application Android<\/h2>\n<p>Le moyen le plus rapide de profiter de tous les avantages d&rsquo;un casino sur votre appareil mobile est d&rsquo;utiliser AFKSpin pour Android. Le logiciel AFKSpin pour Android est une application web moderne et progressive (PWA). Nous avons cr\u00e9\u00e9 ce logiciel pour qu&rsquo;il fonctionne sur n&rsquo;importe quel appareil mobile et offre un acc\u00e8s instantan\u00e9. Notre application web progressive ne n\u00e9cessite aucune installation compliqu\u00e9e, aucun fichier APK ni aucun t\u00e9l\u00e9chargement fastidieux. La PWA est rapide et s&rsquo;int\u00e8gre facilement \u00e0 votre t\u00e9l\u00e9phone.<\/p>\n<h3>Comment t\u00e9l\u00e9charger l&rsquo;APK<\/h3>\n<p>Il n&rsquo;est pas n\u00e9cessaire de se rendre sur le Play Store ou de t\u00e9l\u00e9charger le fichier AFKSpin APK. L&rsquo;installation de la PWA AFKSpin est simple et ne prend que quelques secondes.<\/p>\n<ol>\n<li>Faites d\u00e9filer la page principale du site Web AFKSpin sur votre appareil Android.<\/li>\n<li>Appuyez sur le bouton \u00ab Application Casino \u00bb.<\/li>\n<li>S\u00e9lectionnez \u00ab Installer \u00bb.<\/li>\n<\/ol>\n<p>L&rsquo;application AFKSpin sera alors imm\u00e9diatement ajout\u00e9e \u00e0 votre \u00e9cran d&rsquo;accueil et \u00e0 votre tiroir d&rsquo;applications, pr\u00eate \u00e0 \u00eatre lanc\u00e9e d&rsquo;un simple clic.<\/p>\n<p><img loading=\"lazy\" decoding=\"async\" src=\"https:\/\/afk-spin.net\/wp-content\/uploads\/2025\/12\/AFKspin-Android-App.webp\" alt=\"AFKspin Android App\" width=\"1248\" height=\"536\" \/><\/p>\n<\/div><\/div><div style=\"clear: both\"><\/div><div class=\"d-flex justify-content-center\"><button data-item=\"decouvrez_link\" data-group=\"website_links\" class=\"goto fw-bold rounded-pill btn btn-orange\" aria-label=\"T\u00e9l\u00e9chargez l&#039;application AFKspin\" >T\u00e9l\u00e9chargez l&#039;application AFKspin<\/button><\/div><div class=\"scrollable-content-wrap my-5\"><div class=\"scrollable-content-inner\"><h2>Application AFK Spin pour iOS<\/h2>\n<p>Pour les utilisateurs Apple, l&rsquo;application AFKSpin pour iOS est enti\u00e8rement optimis\u00e9e. Elle dispose d&rsquo;une interface native qui fonctionne via le navigateur Safari. Notre logiciel peut \u00eatre t\u00e9l\u00e9charg\u00e9 sur votre appareil mobile sans passer par l&rsquo;App Store. Aucun t\u00e9l\u00e9chargement ni installation n&rsquo;est n\u00e9cessaire. Cette m\u00e9thode se charge rapidement et prend en charge les notifications push. Une ic\u00f4ne sp\u00e9ciale appara\u00eetra sur votre \u00e9cran d&rsquo;accueil, vous permettant d&rsquo;acc\u00e9der rapidement \u00e0 vos jeux de casino pr\u00e9f\u00e9r\u00e9s.<\/p>\n<h3>Installez l&rsquo;application sur un appareil iOS<\/h3>\n<ol>\n<li>Ouvrez le site web AFKSpin dans votre navigateur Safari.<\/li>\n<li>Appuyez sur l&rsquo;ic\u00f4ne \u00ab Partager \u00bb situ\u00e9e en bas de l&rsquo;\u00e9cran.<\/li>\n<li>S\u00e9lectionnez \u00ab Ajouter \u00e0 l&rsquo;\u00e9cran d&rsquo;accueil \u00bb.<\/li>\n<li>Confirmez \u00ab Ajouter \u00bb dans le coin sup\u00e9rieur droit.<\/li>\n<\/ol>\n<p>Apr\u00e8s cela, l&rsquo;application AFKSpin est pr\u00eate \u00e0 \u00eatre utilis\u00e9e et appara\u00eetra sur votre \u00e9cran d&rsquo;accueil. Si vous avez des questions concernant l&rsquo;installation ou tout autre sujet, contactez notre \u00e9quipe d&rsquo;assistance via le chat en direct ou par e-mail.<\/p>\n<p><img loading=\"lazy\" decoding=\"async\" src=\"https:\/\/afk-spin.net\/wp-content\/uploads\/2025\/12\/AFKspin-iOS-App.webp\" alt=\"AFKspin iOS App\" width=\"1248\" height=\"536\" \/><\/p>\n<\/div><\/div><div style=\"clear: both\"><\/div><div class=\"d-flex justify-content-center\"><button data-item=\"decouvrez_link\" data-group=\"website_links\" class=\"goto fw-bold rounded-pill btn btn-orange\" aria-label=\"T\u00e9l\u00e9charger AFKspin\" >T\u00e9l\u00e9charger AFKspin<\/button><\/div><div class=\"scrollable-content-wrap my-5\"><div class=\"scrollable-content-inner\"><h2>FAQ<\/h2>\n<h3>L&rsquo;application AFKspin Casino est-elle t\u00e9l\u00e9chargeable gratuitement ?<\/h3>\n<p>Oui, l&rsquo;application AFKSpin Casino peut \u00eatre t\u00e9l\u00e9charg\u00e9e et install\u00e9e gratuitement sur les appareils Android et iOS. Notre logiciel ne n\u00e9cessite aucun paiement suppl\u00e9mentaire ni t\u00e9l\u00e9chargement compliqu\u00e9 de fichiers APK pour Android. Il est facile \u00e0 installer sur les appareils iOS \u00e0 partir de notre site web.<\/p>\n<h3>Puis-je utiliser Face ID ou mon empreinte digitale pour me connecter et b\u00e9n\u00e9ficier d&rsquo;un acc\u00e8s plus rapide et plus s\u00e9curis\u00e9 ?<\/h3>\n<p>Bien s\u00fbr. L&rsquo;application AFKSpin prend en charge les m\u00e9thodes de connexion biom\u00e9triques telles que Face ID et l&#8217;empreinte digitale (Touch ID). Cette fonction est disponible sur tous les appareils. Vous pouvez l&rsquo;activer dans les param\u00e8tres de l&rsquo;application. Cette m\u00e9thode de connexion \u00e0 l&rsquo;application peut constituer une mesure suppl\u00e9mentaire pour prot\u00e9ger vos donn\u00e9es.<\/p>\n<h3>Si j&rsquo;ai d\u00e9j\u00e0 un compte sur le site Web, puis-je utiliser les m\u00eames identifiants pour l&rsquo;application ?<\/h3>\n<p>Oui, votre compte peut \u00eatre associ\u00e9 \u00e0 plusieurs appareils. Vous pouvez vous connecter \u00e0 votre compte \u00e0 la fois depuis votre navigateur et depuis l&rsquo;application. Utilisez le m\u00eame nom d&rsquo;utilisateur et le m\u00eame mot de passe pour vous connecter \u00e0 l&rsquo;application. Votre solde, votre progression, vos bonus et l&rsquo;int\u00e9gralit\u00e9 de votre historique seront synchronis\u00e9s sur tous vos appareils.<\/p>\n<h3>L&rsquo;application propose-t-elle toute la gamme de jeux et d&rsquo;options de paiement ?<\/h3>\n<p>Oui, l&rsquo;application AFKSpin prend en charge toutes les fonctionnalit\u00e9s du casino disponibles sur le navigateur. Elle propose toute la gamme de jeux disponibles sur le site web, tels que les machines \u00e0 sous en ligne, les jeux de table et les jeux avec croupier en direct. L&rsquo;application propose les m\u00eames m\u00e9thodes de paiement que le navigateur.<\/p>\n<\/div><\/div><\/p>\n","protected":false},"excerpt":{"rendered":"<p>Application AFKSpin pour iOS et Android AFKSpin App est notre version mobile pour les joueurs qui pr\u00e9f\u00e8rent une interface claire, proche d\u2019une application. Nous gardons l\u2019accueil structur\u00e9 et les pages de jeux faciles \u00e0 parcourir, afin que la navigation reste pr\u00e9visible. Beaucoup de joueurs l\u2019utilisent lorsqu\u2019ils veulent une partie rapide et ne veulent pas d\u2019\u00e9tapes [&hellip;]<\/p>\n","protected":false},"author":1,"featured_media":0,"parent":0,"menu_order":0,"comment_status":"closed","ping_status":"closed","template":"template-builder.php","meta":{"_acf_changed":false,"inline_featured_image":false,"footnotes":""},"class_list":["post-1412","page","type-page","status-publish","hentry"],"acf":[],"yoast_head":"<!-- This site is optimized with the Yoast SEO plugin v27.3 - https:\/\/yoast.com\/product\/yoast-seo-wordpress\/ -->\n<title>AFKSpin App pour iOS et Android : application de casino PWA<\/title>\n<meta name=\"description\" content=\"AFKSpin app pour iOS et Android est une PWA avec une interface \u00e9pur\u00e9e et un acc\u00e8s en un clic. Installez-la directement depuis le site web : aucun fichier APK, ni Play Store, ni App Store. Connectez-vous avec les m\u00eames identifiants sur tous vos appareils et recevez des notifications push pour vos gains et promotions.\" \/>\n<meta name=\"robots\" content=\"index, follow, max-snippet:-1, max-image-preview:large, max-video-preview:-1\" \/>\n<link rel=\"canonical\" href=\"https:\/\/afk-spin.net\/fr\/app\/\" \/>\n<meta property=\"og:locale\" content=\"fr_FR\" \/>\n<meta property=\"og:type\" content=\"article\" \/>\n<meta property=\"og:title\" content=\"AFKSpin App pour iOS et Android : application de casino PWA\" \/>\n<meta property=\"og:description\" content=\"AFKSpin app pour iOS et Android est une PWA avec une interface \u00e9pur\u00e9e et un acc\u00e8s en un clic. Installez-la directement depuis le site web : aucun fichier APK, ni Play Store, ni App Store. Connectez-vous avec les m\u00eames identifiants sur tous vos appareils et recevez des notifications push pour vos gains et promotions.\" \/>\n<meta property=\"og:url\" content=\"https:\/\/afk-spin.net\/fr\/app\/\" \/>\n<meta property=\"og:site_name\" content=\"afkspin\" \/>\n<meta property=\"article:modified_time\" content=\"2026-03-06T06:58:53+00:00\" \/>\n<meta name=\"twitter:card\" content=\"summary_large_image\" \/>\n<meta name=\"twitter:label1\" content=\"Dur\u00e9e de lecture estim\u00e9e\" \/>\n\t<meta name=\"twitter:data1\" content=\"2 minutes\" \/>\n<script type=\"application\/ld+json\" class=\"yoast-schema-graph\">{\"@context\":\"https:\\\/\\\/schema.org\",\"@graph\":[{\"@type\":\"WebPage\",\"@id\":\"https:\\\/\\\/afk-spin.net\\\/fr\\\/app\\\/\",\"url\":\"https:\\\/\\\/afk-spin.net\\\/fr\\\/app\\\/\",\"name\":\"AFKSpin App pour iOS et Android : application de casino PWA\",\"isPartOf\":{\"@id\":\"https:\\\/\\\/afk-spin.net\\\/fr\\\/#website\"},\"datePublished\":\"2025-12-05T06:06:35+00:00\",\"dateModified\":\"2026-03-06T06:58:53+00:00\",\"description\":\"AFKSpin app pour iOS et Android est une PWA avec une interface \u00e9pur\u00e9e et un acc\u00e8s en un clic. Installez-la directement depuis le site web : aucun fichier APK, ni Play Store, ni App Store. Connectez-vous avec les m\u00eames identifiants sur tous vos appareils et recevez des notifications push pour vos gains et promotions.\",\"breadcrumb\":{\"@id\":\"https:\\\/\\\/afk-spin.net\\\/fr\\\/app\\\/#breadcrumb\"},\"inLanguage\":\"fr-FR\",\"potentialAction\":[{\"@type\":\"ReadAction\",\"target\":[\"https:\\\/\\\/afk-spin.net\\\/fr\\\/app\\\/\"]}]},{\"@type\":\"BreadcrumbList\",\"@id\":\"https:\\\/\\\/afk-spin.net\\\/fr\\\/app\\\/#breadcrumb\",\"itemListElement\":[{\"@type\":\"ListItem\",\"position\":1,\"name\":\"Afkspin\",\"item\":\"https:\\\/\\\/afk-spin.net\\\/fr\\\/\"},{\"@type\":\"ListItem\",\"position\":2,\"name\":\"App\"}]},{\"@type\":\"WebSite\",\"@id\":\"https:\\\/\\\/afk-spin.net\\\/fr\\\/#website\",\"url\":\"https:\\\/\\\/afk-spin.net\\\/fr\\\/\",\"name\":\"Afkspin\",\"description\":\"\",\"publisher\":{\"@id\":\"https:\\\/\\\/afk-spin.net\\\/fr\\\/#organization\"},\"potentialAction\":[{\"@type\":\"SearchAction\",\"target\":{\"@type\":\"EntryPoint\",\"urlTemplate\":\"https:\\\/\\\/afk-spin.net\\\/fr\\\/?s={search_term_string}\"},\"query-input\":{\"@type\":\"PropertyValueSpecification\",\"valueRequired\":true,\"valueName\":\"search_term_string\"}}],\"inLanguage\":\"fr-FR\"},{\"@type\":\"Organization\",\"@id\":\"https:\\\/\\\/afk-spin.net\\\/fr\\\/#organization\",\"name\":\"Afkspin\",\"url\":\"https:\\\/\\\/afk-spin.net\\\/fr\\\/\",\"logo\":{\"@type\":\"ImageObject\",\"inLanguage\":\"fr-FR\",\"@id\":\"https:\\\/\\\/afk-spin.net\\\/fr\\\/#\\\/schema\\\/logo\\\/image\\\/\",\"url\":\"https:\\\/\\\/afk-spin.net\\\/wp-content\\\/uploads\\\/2025\\\/12\\\/logo.svg\",\"contentUrl\":\"https:\\\/\\\/afk-spin.net\\\/wp-content\\\/uploads\\\/2025\\\/12\\\/logo.svg\",\"width\":84,\"height\":24,\"caption\":\"Afkspin\"},\"image\":{\"@id\":\"https:\\\/\\\/afk-spin.net\\\/fr\\\/#\\\/schema\\\/logo\\\/image\\\/\"}}]}<\/script>\n<!-- \/ Yoast SEO plugin. -->","yoast_head_json":{"title":"AFKSpin App pour iOS et Android : application de casino PWA","description":"AFKSpin app pour iOS et Android est une PWA avec une interface \u00e9pur\u00e9e et un acc\u00e8s en un clic. Installez-la directement depuis le site web : aucun fichier APK, ni Play Store, ni App Store. Connectez-vous avec les m\u00eames identifiants sur tous vos appareils et recevez des notifications push pour vos gains et promotions.","robots":{"index":"index","follow":"follow","max-snippet":"max-snippet:-1","max-image-preview":"max-image-preview:large","max-video-preview":"max-video-preview:-1"},"canonical":"https:\/\/afk-spin.net\/fr\/app\/","og_locale":"fr_FR","og_type":"article","og_title":"AFKSpin App pour iOS et Android : application de casino PWA","og_description":"AFKSpin app pour iOS et Android est une PWA avec une interface \u00e9pur\u00e9e et un acc\u00e8s en un clic. Installez-la directement depuis le site web : aucun fichier APK, ni Play Store, ni App Store. Connectez-vous avec les m\u00eames identifiants sur tous vos appareils et recevez des notifications push pour vos gains et promotions.","og_url":"https:\/\/afk-spin.net\/fr\/app\/","og_site_name":"afkspin","article_modified_time":"2026-03-06T06:58:53+00:00","twitter_card":"summary_large_image","twitter_misc":{"Dur\u00e9e de lecture estim\u00e9e":"2 minutes"},"schema":{"@context":"https:\/\/schema.org","@graph":[{"@type":"WebPage","@id":"https:\/\/afk-spin.net\/fr\/app\/","url":"https:\/\/afk-spin.net\/fr\/app\/","name":"AFKSpin App pour iOS et Android : application de casino PWA","isPartOf":{"@id":"https:\/\/afk-spin.net\/fr\/#website"},"datePublished":"2025-12-05T06:06:35+00:00","dateModified":"2026-03-06T06:58:53+00:00","description":"AFKSpin app pour iOS et Android est une PWA avec une interface \u00e9pur\u00e9e et un acc\u00e8s en un clic. Installez-la directement depuis le site web : aucun fichier APK, ni Play Store, ni App Store. Connectez-vous avec les m\u00eames identifiants sur tous vos appareils et recevez des notifications push pour vos gains et promotions.","breadcrumb":{"@id":"https:\/\/afk-spin.net\/fr\/app\/#breadcrumb"},"inLanguage":"fr-FR","potentialAction":[{"@type":"ReadAction","target":["https:\/\/afk-spin.net\/fr\/app\/"]}]},{"@type":"BreadcrumbList","@id":"https:\/\/afk-spin.net\/fr\/app\/#breadcrumb","itemListElement":[{"@type":"ListItem","position":1,"name":"Afkspin","item":"https:\/\/afk-spin.net\/fr\/"},{"@type":"ListItem","position":2,"name":"App"}]},{"@type":"WebSite","@id":"https:\/\/afk-spin.net\/fr\/#website","url":"https:\/\/afk-spin.net\/fr\/","name":"Afkspin","description":"","publisher":{"@id":"https:\/\/afk-spin.net\/fr\/#organization"},"potentialAction":[{"@type":"SearchAction","target":{"@type":"EntryPoint","urlTemplate":"https:\/\/afk-spin.net\/fr\/?s={search_term_string}"},"query-input":{"@type":"PropertyValueSpecification","valueRequired":true,"valueName":"search_term_string"}}],"inLanguage":"fr-FR"},{"@type":"Organization","@id":"https:\/\/afk-spin.net\/fr\/#organization","name":"Afkspin","url":"https:\/\/afk-spin.net\/fr\/","logo":{"@type":"ImageObject","inLanguage":"fr-FR","@id":"https:\/\/afk-spin.net\/fr\/#\/schema\/logo\/image\/","url":"https:\/\/afk-spin.net\/wp-content\/uploads\/2025\/12\/logo.svg","contentUrl":"https:\/\/afk-spin.net\/wp-content\/uploads\/2025\/12\/logo.svg","width":84,"height":24,"caption":"Afkspin"},"image":{"@id":"https:\/\/afk-spin.net\/fr\/#\/schema\/logo\/image\/"}}]}},"_links":{"self":[{"href":"https:\/\/afk-spin.net\/fr\/wp-json\/wp\/v2\/pages\/1412","targetHints":{"allow":["GET"]}}],"collection":[{"href":"https:\/\/afk-spin.net\/fr\/wp-json\/wp\/v2\/pages"}],"about":[{"href":"https:\/\/afk-spin.net\/fr\/wp-json\/wp\/v2\/types\/page"}],"author":[{"embeddable":true,"href":"https:\/\/afk-spin.net\/fr\/wp-json\/wp\/v2\/users\/1"}],"replies":[{"embeddable":true,"href":"https:\/\/afk-spin.net\/fr\/wp-json\/wp\/v2\/comments?post=1412"}],"version-history":[{"count":5,"href":"https:\/\/afk-spin.net\/fr\/wp-json\/wp\/v2\/pages\/1412\/revisions"}],"predecessor-version":[{"id":1973,"href":"https:\/\/afk-spin.net\/fr\/wp-json\/wp\/v2\/pages\/1412\/revisions\/1973"}],"wp:attachment":[{"href":"https:\/\/afk-spin.net\/fr\/wp-json\/wp\/v2\/media?parent=1412"}],"curies":[{"name":"wp","href":"https:\/\/api.w.org\/{rel}","templated":true}]}}