{"id":1466,"date":"2025-12-05T06:14:39","date_gmt":"2025-12-05T06:14:39","guid":{"rendered":"https:\/\/afk-spin.net\/login-and-registration\/"},"modified":"2026-03-05T09:32:21","modified_gmt":"2026-03-05T09:32:21","slug":"inicio-de-sesion-y-registro","status":"publish","type":"page","link":"https:\/\/afk-spin.net\/es\/inicio-de-sesion-y-registro\/","title":{"rendered":"Inicio de sesi\u00f3n y Registro"},"content":{"rendered":"<h1>Inicio de sesi\u00f3n y registro de cuenta en AFKSpin<\/h1>\n<p>AFKSpin Login es donde inicias sesi\u00f3n en tu cuenta del casino online y contin\u00faas justo donde lo dejaste. \u00dasalo para acceder a tu monedero y a las ofertas activas, o para volver al lobby en un par de clics.<\/p>\n<p>\u00bfEres nuevo por aqu\u00ed? Puedes crear una cuenta desde la misma secci\u00f3n. Si no puedes entrar, la opci\u00f3n de restablecer la contrase\u00f1a te ayuda a recuperar el acceso r\u00e1pidamente.<\/p>\n<p><div class=\"banner-wrap\" aria-label=\"Banner\"><img src=\"https:\/\/afk-spin.net\/wp-content\/uploads\/2025\/12\/AFK-Spins-banner-carousel-932\u0445400.webp\" class=\"w-100 d-none d-lg-block img-pc main-banner-img\" alt=\"AFKspin desktop banner\" fetchpriority=\"high\" decoding=\"async\"><img src=\"https:\/\/afk-spin.net\/wp-content\/uploads\/2025\/12\/AFKspin-mobile-banner.webp\" class=\"w-100 d-none d-md-block d-lg-none main-banner-img\" alt=\"AFKspin mobile banner\" fetchpriority=\"high\" decoding=\"async\"><img src=\"https:\/\/afk-spin.net\/wp-content\/uploads\/2025\/12\/AFKspin-mobile-banner.webp\" class=\"w-100 d-md-none\" alt=\"AFKspin mobile banner\" fetchpriority=\"high\" decoding=\"async\"><div class=\"banner-description\">\n<div class=\"banner-title\">Bonos de bienvenida<\/div>\n<p class=\"banner-header-title\">\u20ac1500<\/p>\n<div class=\"banner-header-AdditionalText\">+ 250 Giros gratis<\/div>\n<p>&nbsp;<\/p>\n<div class=\"m-button-content\"><button data-item=\"homepage_banner_link\" class=\"goto m-button m-gradient-border m-button--primary m-button--large banner-button btn-orange\">\n            <div class=\"m-button-content\">\n                <span>Reg\u00edstrate gratis ahora<\/span>\n                <span><\/span>\n            <\/div>\n        <\/button><\/div>\n<p>&nbsp;<\/p>\n<\/div>\n<div class=\"WelcomePack\">\n<p><img loading=\"lazy\" decoding=\"async\" class=\"alignnone size-full wp-image-1340\" src=\"https:\/\/afk-spin.net\/wp-content\/uploads\/2025\/12\/welcome-crown.svg\" alt=\"crown\" width=\"25\" height=\"26\" \/><\/p>\n<div class=\"WelcomePack-Info\">\n<p>Cashback semanal de hasta el 25%<\/p>\n<\/div>\n<p><img loading=\"lazy\" decoding=\"async\" class=\"alignnone size-full wp-image-1340\" src=\"https:\/\/afk-spin.net\/wp-content\/uploads\/2025\/12\/welcome-crown.svg\" alt=\"crown\" width=\"25\" height=\"26\" \/><\/p>\n<\/div>\n<\/div><div class=\"scrollable-content-wrap my-5\"><div class=\"scrollable-content-inner\"><h2>C\u00f3mo registrar una cuenta en AFK Spin<\/h2>\n<p>Para formar parte de la comunidad de jugadores de AFK Spin Casino, debes registrar una cuenta. El registro te da acceso instant\u00e1neo a todas las funciones de la plataforma. Solo los usuarios registrados pueden jugar con dinero real o en modo demo, recibir bonificaciones, depositar fondos y retirar ganancias. Tu cuenta AFKSpin combina tu progreso, saldo y configuraci\u00f3n de seguridad en todos los dispositivos en los que hayas iniciado sesi\u00f3n. Por ejemplo, dispositivos m\u00f3viles y ordenadores, en la aplicaci\u00f3n o en el navegador.<\/p>\n<h3>Configuraci\u00f3n de la cuenta<\/h3>\n<p>Crear una cuenta en AFKSpin es muy sencillo y puedes hacerlo f\u00e1cilmente por tu cuenta. Para que no te quede ninguna duda, te describiremos el proceso. Para crear una cuenta, sigue nuestras instrucciones:<\/p>\n<ol>\n<li>Haga clic en el bot\u00f3n \u00abRegistrarse\u00bb. Se encuentra en la esquina superior derecha de la p\u00e1gina de inicio de AFKSpin.<\/li>\n<li>Ver\u00e1s una ventana con el formulario de registro.<\/li>\n<li>Introduce tu direcci\u00f3n de correo electr\u00f3nico y establece una contrase\u00f1a.<\/li>\n<li>Si tienes un c\u00f3digo promocional especial, introd\u00facelo en este momento.<\/li>\n<li>Confirme que acepta nuestros T\u00e9rminos y condiciones y nuestra Pol\u00edtica de privacidad.<\/li>\n<li>Confirme que es mayor de 18 a\u00f1os.<\/li>\n<li>Haga clic en \u00abGuardar\u00bb.<\/li>\n<li>Sigue el enlace del correo electr\u00f3nico de AFK Spin.<\/li>\n<\/ol>\n<p>Tu cuenta est\u00e1 lista para usar. Has completado el proceso de inicio de sesi\u00f3n en AFKSpin.<\/p>\n<p><img loading=\"lazy\" decoding=\"async\" class=\"alignnone size-full wp-image-1944\" src=\"https:\/\/afk-spin.net\/wp-content\/uploads\/2026\/03\/Login-page-AFKspin.webp\" alt=\"Login page AFKspin\" width=\"1248\" height=\"536\" srcset=\"https:\/\/afk-spin.net\/wp-content\/uploads\/2026\/03\/Login-page-AFKspin.webp 1248w, https:\/\/afk-spin.net\/wp-content\/uploads\/2026\/03\/Login-page-AFKspin-300x129.webp 300w, https:\/\/afk-spin.net\/wp-content\/uploads\/2026\/03\/Login-page-AFKspin-1024x440.webp 1024w, https:\/\/afk-spin.net\/wp-content\/uploads\/2026\/03\/Login-page-AFKspin-768x330.webp 768w\" sizes=\"auto, (max-width: 1248px) 100vw, 1248px\" \/><\/p>\n<h2>C\u00f3mo iniciar sesi\u00f3n con AFKSpin Login<\/h2>\n<p>El proceso de inicio de sesi\u00f3n en AFKSpin es sencillo y r\u00e1pido. Despu\u00e9s de iniciar sesi\u00f3n, tendr\u00e1s control total sobre tu perfil, pagos, bonificaciones e historial de actividad. Te describimos el proceso de inicio de sesi\u00f3n en AFKSpin espec\u00edficamente para ti.<\/p>\n<ol>\n<li>Haga clic en el bot\u00f3n \u00abIniciar sesi\u00f3n\u00bb. Se encuentra en la esquina superior derecha de nuestro sitio web.<\/li>\n<li>Introduzca su direcci\u00f3n de correo electr\u00f3nico y contrase\u00f1a.<\/li>\n<li>Haga clic en \u00abIniciar sesi\u00f3n\u00bb para confirmar.<\/li>\n<\/ol>\n<p>Solo los usuarios registrados tienen acceso a todas las funciones del casino. Adem\u00e1s de los juegos, los bonos y el retiro de ganancias, puedes gestionar tu configuraci\u00f3n una vez que inicies sesi\u00f3n en tu cuenta. Estas son algunas de las funciones de configuraci\u00f3n que estar\u00e1n disponibles para ti:<\/p>\n<table>\n<tbody>\n<tr>\n<td>Caracter\u00edstica<\/td>\n<td>Lo que te permite hacer<\/td>\n<\/tr>\n<tr>\n<td>Configuraci\u00f3n de la cuenta<\/td>\n<td>Actualiza tus datos personales, personaliza la interfaz o la configuraci\u00f3n del idioma, as\u00ed como las preferencias de seguridad.<\/td>\n<\/tr>\n<tr>\n<td>Cartera y pagos<\/td>\n<td>Gestiona dep\u00f3sitos y retiradas, revisa todas las transacciones financieras y almacena de forma segura los m\u00e9todos de pago.<\/td>\n<\/tr>\n<tr>\n<td>Recompensas y bonificaciones<\/td>\n<td>Accede a los bonos disponibles, supervisa el progreso de las apuestas y activa nuevas recompensas promocionales.<\/td>\n<\/tr>\n<tr>\n<td>Resumen de actividades<\/td>\n<td>Realiza un seguimiento de las estad\u00edsticas de juego, revisa los datos de las sesiones y analiza tu rendimiento en diferentes juegos.<\/td>\n<\/tr>\n<tr>\n<td>Herramientas para el juego responsable<\/td>\n<td>Establezca l\u00edmites de dep\u00f3sito, temporizadores de sesi\u00f3n, per\u00edodos de reflexi\u00f3n y otros controles dise\u00f1ados para favorecer un juego seguro y responsable.<\/td>\n<\/tr>\n<\/tbody>\n<\/table>\n<h3>Recuperaci\u00f3n de contrase\u00f1a<\/h3>\n<p>Es f\u00e1cil recuperar tu nombre de usuario o contrase\u00f1a en AFKSpin Casino; puedes hacerlo t\u00fa mismo en solo un par de minutos. Si has olvidado tu nombre de usuario o contrase\u00f1a, utiliza nuestro procedimiento de restablecimiento de contrase\u00f1a:<\/p>\n<ol>\n<li>Haga clic en el bot\u00f3n \u00abIniciar sesi\u00f3n\u00bb situado en la esquina superior derecha de nuestro sitio web.<\/li>\n<li>Selecciona \u00ab\u00bfOlvidaste tu contrase\u00f1a?\u00bb debajo del formulario de inicio de sesi\u00f3n.<\/li>\n<li>Introduce la direcci\u00f3n de correo electr\u00f3nico que utilizaste para registrar tu cuenta AFKSpin.<\/li>\n<li>Abre el correo electr\u00f3nico de AFKSpin y sigue el enlace para restablecer tu contrase\u00f1a.<\/li>\n<li>Crea una nueva contrase\u00f1a y vuelve a iniciar sesi\u00f3n en tu cuenta.<\/li>\n<\/ol>\n<p>Si tiene alg\u00fan problema con la recuperaci\u00f3n de contrase\u00f1a, el inicio de sesi\u00f3n, el acceso a la cuenta, etc., p\u00f3ngase en contacto con nuestro equipo de asistencia a trav\u00e9s del chat en vivo o por correo electr\u00f3nico.<\/p>\n<h2>Verificaci\u00f3n de cuenta de AFK Spin Casino<\/h2>\n<p>Protegemos a todos nuestros jugadores con los procedimientos de protecci\u00f3n de datos m\u00e1s avanzados. En AFKSpin, todos los jugadores deben someterse a la verificaci\u00f3n \u00abConozca a su cliente\u00bb (KYC) para evitar el acceso no autorizado. Este proceso est\u00e1 regulado por las normas de licencia de los casinos. El proceso de verificaci\u00f3n confirma su identidad, direcci\u00f3n y la validez de sus instrumentos de pago. Los documentos requeridos suelen ser un documento de identidad o pasaporte, datos bancarios, prueba de domicilio (por ejemplo, una factura de servicios p\u00fablicos) y, en ocasiones, un permiso de conducir.<\/p>\n<p>Todos los datos transmitidos en nuestra plataforma est\u00e1n protegidos por un cifrado SSL de 256 bits. Hemos implementado esta medida de seguridad para garantizar la total seguridad de sus datos personales. Los retiros siempre son procesados manualmente por nuestros especialistas para confirmar la correcci\u00f3n de la transferencia de fondos. Creamos un entorno de juego completamente seguro para nuestros usuarios.<\/p>\n<h2>Preguntas frecuentes<\/h2>\n<h3>\u00bfMi informaci\u00f3n personal est\u00e1 segura durante el proceso de registro?<\/h3>\n<p>S\u00ed, su informaci\u00f3n personal est\u00e1 completamente segura en AFKSpin Casino. Utilizamos cifrado SSL de 256 bits para proteger todos los datos transmitidos durante el registro. Contamos con una pol\u00edtica de privacidad. Nuestros sistemas se actualizan peri\u00f3dicamente para mantener los m\u00e1s altos est\u00e1ndares de seguridad y proteger sus datos.<\/p>\n<h3>\u00bfQu\u00e9 debo hacer si no he recibido el correo electr\u00f3nico de verificaci\u00f3n de la cuenta?<\/h3>\n<p>En primer lugar, comprueba tus carpetas de correo no deseado o spam, ya que el correo electr\u00f3nico podr\u00eda haber sido filtrado. Si no est\u00e1 all\u00ed, aseg\u00farate de que te has registrado con la direcci\u00f3n de correo electr\u00f3nico correcta. Puedes solicitar otro correo electr\u00f3nico de confirmaci\u00f3n. Si nada de esto funciona, ponte en contacto con el servicio de atenci\u00f3n al cliente 24 horas de AFK Spin Casino.<\/p>\n<h3>\u00bfQu\u00e9 debo hacer para garantizar la seguridad de mi cuenta?<\/h3>\n<p>Ya nos hemos ocupado de la seguridad de tu cuenta. Todos los mecanismos de seguridad est\u00e1n habilitados para todos los usuarios registrados. Sin embargo, para mantener tu cuenta segura, siempre debes elegir una contrase\u00f1a fuerte y \u00fanica. Completa la verificaci\u00f3n \u00abConoce a tu cliente\u00bb (KYC) y activa todas las funciones de protecci\u00f3n. No le reveles a nadie tu informaci\u00f3n de inicio de sesi\u00f3n y utiliza solo dispositivos en los que conf\u00edas para iniciar sesi\u00f3n en tu cuenta.<\/p>\n<\/div><\/div><\/p>\n","protected":false},"excerpt":{"rendered":"<p>Inicio de sesi\u00f3n y registro de cuenta en AFKSpin AFKSpin Login es donde inicias sesi\u00f3n en tu cuenta del casino online y contin\u00faas justo donde lo dejaste. \u00dasalo para acceder a tu monedero y a las ofertas activas, o para volver al lobby en un par de clics. \u00bfEres nuevo por aqu\u00ed? Puedes crear una [&hellip;]<\/p>\n","protected":false},"author":1,"featured_media":0,"parent":0,"menu_order":0,"comment_status":"closed","ping_status":"closed","template":"template-builder.php","meta":{"_acf_changed":false,"inline_featured_image":false,"footnotes":""},"class_list":["post-1466","page","type-page","status-publish","hentry"],"acf":[],"yoast_head":"<!-- This site is optimized with the Yoast SEO plugin v27.3 - https:\/\/yoast.com\/product\/yoast-seo-wordpress\/ -->\n<title>AFKSpin Login: reg\u00edstrate r\u00e1pidamente y administra tu cuenta<\/title>\n<meta name=\"description\" content=\"AFKSpin login te permite iniciar sesi\u00f3n r\u00e1pidamente, acceder a tu billetera y regresar al lobby del casino con un par de clics. Crea una cuenta desde la misma p\u00e1gina, usa &quot;\u00bfOlvidaste tu contrase\u00f1a?&quot; para restablecer el acceso y administra bonos, pagos y herramientas de juego responsable en todos tus dispositivos.\" \/>\n<meta name=\"robots\" content=\"index, follow, max-snippet:-1, max-image-preview:large, max-video-preview:-1\" \/>\n<link rel=\"canonical\" href=\"https:\/\/afk-spin.net\/es\/inicio-de-sesion-y-registro\/\" \/>\n<meta property=\"og:locale\" content=\"es_ES\" \/>\n<meta property=\"og:type\" content=\"article\" \/>\n<meta property=\"og:title\" content=\"AFKSpin Login: reg\u00edstrate r\u00e1pidamente y administra tu cuenta\" \/>\n<meta property=\"og:description\" content=\"AFKSpin login te permite iniciar sesi\u00f3n r\u00e1pidamente, acceder a tu billetera y regresar al lobby del casino con un par de clics. Crea una cuenta desde la misma p\u00e1gina, usa &quot;\u00bfOlvidaste tu contrase\u00f1a?&quot; para restablecer el acceso y administra bonos, pagos y herramientas de juego responsable en todos tus dispositivos.\" \/>\n<meta property=\"og:url\" content=\"https:\/\/afk-spin.net\/es\/inicio-de-sesion-y-registro\/\" \/>\n<meta property=\"og:site_name\" content=\"afkspin\" \/>\n<meta property=\"article:modified_time\" content=\"2026-03-05T09:32:21+00:00\" \/>\n<meta name=\"twitter:card\" content=\"summary_large_image\" \/>\n<meta name=\"twitter:label1\" content=\"Est. reading time\" \/>\n\t<meta name=\"twitter:data1\" content=\"1 minute\" \/>\n<script type=\"application\/ld+json\" class=\"yoast-schema-graph\">{\"@context\":\"https:\\\/\\\/schema.org\",\"@graph\":[{\"@type\":\"WebPage\",\"@id\":\"https:\\\/\\\/afk-spin.net\\\/es\\\/inicio-de-sesion-y-registro\\\/\",\"url\":\"https:\\\/\\\/afk-spin.net\\\/es\\\/inicio-de-sesion-y-registro\\\/\",\"name\":\"AFKSpin Login: reg\u00edstrate r\u00e1pidamente y administra tu cuenta\",\"isPartOf\":{\"@id\":\"https:\\\/\\\/afk-spin.net\\\/es\\\/#website\"},\"datePublished\":\"2025-12-05T06:14:39+00:00\",\"dateModified\":\"2026-03-05T09:32:21+00:00\",\"description\":\"AFKSpin login te permite iniciar sesi\u00f3n r\u00e1pidamente, acceder a tu billetera y regresar al lobby del casino con un par de clics. Crea una cuenta desde la misma p\u00e1gina, usa \\\"\u00bfOlvidaste tu contrase\u00f1a?\\\" para restablecer el acceso y administra bonos, pagos y herramientas de juego responsable en todos tus dispositivos.\",\"breadcrumb\":{\"@id\":\"https:\\\/\\\/afk-spin.net\\\/es\\\/inicio-de-sesion-y-registro\\\/#breadcrumb\"},\"inLanguage\":\"es-ES\",\"potentialAction\":[{\"@type\":\"ReadAction\",\"target\":[\"https:\\\/\\\/afk-spin.net\\\/es\\\/inicio-de-sesion-y-registro\\\/\"]}]},{\"@type\":\"BreadcrumbList\",\"@id\":\"https:\\\/\\\/afk-spin.net\\\/es\\\/inicio-de-sesion-y-registro\\\/#breadcrumb\",\"itemListElement\":[{\"@type\":\"ListItem\",\"position\":1,\"name\":\"Afkspin\",\"item\":\"https:\\\/\\\/afk-spin.net\\\/es\\\/\"},{\"@type\":\"ListItem\",\"position\":2,\"name\":\"Inicio de sesi\u00f3n y Registro\"}]},{\"@type\":\"WebSite\",\"@id\":\"https:\\\/\\\/afk-spin.net\\\/es\\\/#website\",\"url\":\"https:\\\/\\\/afk-spin.net\\\/es\\\/\",\"name\":\"Afkspin\",\"description\":\"\",\"publisher\":{\"@id\":\"https:\\\/\\\/afk-spin.net\\\/es\\\/#organization\"},\"potentialAction\":[{\"@type\":\"SearchAction\",\"target\":{\"@type\":\"EntryPoint\",\"urlTemplate\":\"https:\\\/\\\/afk-spin.net\\\/es\\\/?s={search_term_string}\"},\"query-input\":{\"@type\":\"PropertyValueSpecification\",\"valueRequired\":true,\"valueName\":\"search_term_string\"}}],\"inLanguage\":\"es-ES\"},{\"@type\":\"Organization\",\"@id\":\"https:\\\/\\\/afk-spin.net\\\/es\\\/#organization\",\"name\":\"Afkspin\",\"url\":\"https:\\\/\\\/afk-spin.net\\\/es\\\/\",\"logo\":{\"@type\":\"ImageObject\",\"inLanguage\":\"es-ES\",\"@id\":\"https:\\\/\\\/afk-spin.net\\\/es\\\/#\\\/schema\\\/logo\\\/image\\\/\",\"url\":\"https:\\\/\\\/afk-spin.net\\\/wp-content\\\/uploads\\\/2025\\\/12\\\/logo.svg\",\"contentUrl\":\"https:\\\/\\\/afk-spin.net\\\/wp-content\\\/uploads\\\/2025\\\/12\\\/logo.svg\",\"width\":84,\"height\":24,\"caption\":\"Afkspin\"},\"image\":{\"@id\":\"https:\\\/\\\/afk-spin.net\\\/es\\\/#\\\/schema\\\/logo\\\/image\\\/\"}}]}<\/script>\n<!-- \/ Yoast SEO plugin. -->","yoast_head_json":{"title":"AFKSpin Login: reg\u00edstrate r\u00e1pidamente y administra tu cuenta","description":"AFKSpin login te permite iniciar sesi\u00f3n r\u00e1pidamente, acceder a tu billetera y regresar al lobby del casino con un par de clics. Crea una cuenta desde la misma p\u00e1gina, usa \"\u00bfOlvidaste tu contrase\u00f1a?\" para restablecer el acceso y administra bonos, pagos y herramientas de juego responsable en todos tus dispositivos.","robots":{"index":"index","follow":"follow","max-snippet":"max-snippet:-1","max-image-preview":"max-image-preview:large","max-video-preview":"max-video-preview:-1"},"canonical":"https:\/\/afk-spin.net\/es\/inicio-de-sesion-y-registro\/","og_locale":"es_ES","og_type":"article","og_title":"AFKSpin Login: reg\u00edstrate r\u00e1pidamente y administra tu cuenta","og_description":"AFKSpin login te permite iniciar sesi\u00f3n r\u00e1pidamente, acceder a tu billetera y regresar al lobby del casino con un par de clics. Crea una cuenta desde la misma p\u00e1gina, usa \"\u00bfOlvidaste tu contrase\u00f1a?\" para restablecer el acceso y administra bonos, pagos y herramientas de juego responsable en todos tus dispositivos.","og_url":"https:\/\/afk-spin.net\/es\/inicio-de-sesion-y-registro\/","og_site_name":"afkspin","article_modified_time":"2026-03-05T09:32:21+00:00","twitter_card":"summary_large_image","twitter_misc":{"Est. reading time":"1 minute"},"schema":{"@context":"https:\/\/schema.org","@graph":[{"@type":"WebPage","@id":"https:\/\/afk-spin.net\/es\/inicio-de-sesion-y-registro\/","url":"https:\/\/afk-spin.net\/es\/inicio-de-sesion-y-registro\/","name":"AFKSpin Login: reg\u00edstrate r\u00e1pidamente y administra tu cuenta","isPartOf":{"@id":"https:\/\/afk-spin.net\/es\/#website"},"datePublished":"2025-12-05T06:14:39+00:00","dateModified":"2026-03-05T09:32:21+00:00","description":"AFKSpin login te permite iniciar sesi\u00f3n r\u00e1pidamente, acceder a tu billetera y regresar al lobby del casino con un par de clics. Crea una cuenta desde la misma p\u00e1gina, usa \"\u00bfOlvidaste tu contrase\u00f1a?\" para restablecer el acceso y administra bonos, pagos y herramientas de juego responsable en todos tus dispositivos.","breadcrumb":{"@id":"https:\/\/afk-spin.net\/es\/inicio-de-sesion-y-registro\/#breadcrumb"},"inLanguage":"es-ES","potentialAction":[{"@type":"ReadAction","target":["https:\/\/afk-spin.net\/es\/inicio-de-sesion-y-registro\/"]}]},{"@type":"BreadcrumbList","@id":"https:\/\/afk-spin.net\/es\/inicio-de-sesion-y-registro\/#breadcrumb","itemListElement":[{"@type":"ListItem","position":1,"name":"Afkspin","item":"https:\/\/afk-spin.net\/es\/"},{"@type":"ListItem","position":2,"name":"Inicio de sesi\u00f3n y Registro"}]},{"@type":"WebSite","@id":"https:\/\/afk-spin.net\/es\/#website","url":"https:\/\/afk-spin.net\/es\/","name":"Afkspin","description":"","publisher":{"@id":"https:\/\/afk-spin.net\/es\/#organization"},"potentialAction":[{"@type":"SearchAction","target":{"@type":"EntryPoint","urlTemplate":"https:\/\/afk-spin.net\/es\/?s={search_term_string}"},"query-input":{"@type":"PropertyValueSpecification","valueRequired":true,"valueName":"search_term_string"}}],"inLanguage":"es-ES"},{"@type":"Organization","@id":"https:\/\/afk-spin.net\/es\/#organization","name":"Afkspin","url":"https:\/\/afk-spin.net\/es\/","logo":{"@type":"ImageObject","inLanguage":"es-ES","@id":"https:\/\/afk-spin.net\/es\/#\/schema\/logo\/image\/","url":"https:\/\/afk-spin.net\/wp-content\/uploads\/2025\/12\/logo.svg","contentUrl":"https:\/\/afk-spin.net\/wp-content\/uploads\/2025\/12\/logo.svg","width":84,"height":24,"caption":"Afkspin"},"image":{"@id":"https:\/\/afk-spin.net\/es\/#\/schema\/logo\/image\/"}}]}},"_links":{"self":[{"href":"https:\/\/afk-spin.net\/es\/wp-json\/wp\/v2\/pages\/1466","targetHints":{"allow":["GET"]}}],"collection":[{"href":"https:\/\/afk-spin.net\/es\/wp-json\/wp\/v2\/pages"}],"about":[{"href":"https:\/\/afk-spin.net\/es\/wp-json\/wp\/v2\/types\/page"}],"author":[{"embeddable":true,"href":"https:\/\/afk-spin.net\/es\/wp-json\/wp\/v2\/users\/1"}],"replies":[{"embeddable":true,"href":"https:\/\/afk-spin.net\/es\/wp-json\/wp\/v2\/comments?post=1466"}],"version-history":[{"count":4,"href":"https:\/\/afk-spin.net\/es\/wp-json\/wp\/v2\/pages\/1466\/revisions"}],"predecessor-version":[{"id":1953,"href":"https:\/\/afk-spin.net\/es\/wp-json\/wp\/v2\/pages\/1466\/revisions\/1953"}],"wp:attachment":[{"href":"https:\/\/afk-spin.net\/es\/wp-json\/wp\/v2\/media?parent=1466"}],"curies":[{"name":"wp","href":"https:\/\/api.w.org\/{rel}","templated":true}]}}