{"id":1421,"date":"2025-12-05T06:06:35","date_gmt":"2025-12-05T06:06:35","guid":{"rendered":"https:\/\/afk-spin.net\/app-2\/"},"modified":"2026-03-05T09:02:49","modified_gmt":"2026-03-05T09:02:49","slug":"aplicacion","status":"publish","type":"page","link":"https:\/\/afk-spin.net\/es\/aplicacion\/","title":{"rendered":"Aplicaci\u00f3n"},"content":{"rendered":"<h1>Aplicaci\u00f3n AFKSpin para iOS y Android<\/h1>\n<p>AFKSpin App es nuestro formato m\u00f3vil para quienes prefieren un dise\u00f1o limpio, similar al de una app. Mantenemos la zona de inicio ordenada y las p\u00e1ginas de juego f\u00e1ciles de revisar de un vistazo, para que la navegaci\u00f3n sea predecible. Muchos jugadores la usan cuando buscan una partida r\u00e1pida y no quieren pasos innecesarios entre abrir la plataforma y empezar a jugar.<\/p>\n<div class=\"banner-wrap\" aria-label=\"Banner\"><img src=\"https:\/\/afk-spin.net\/wp-content\/uploads\/2025\/12\/AFK-Spins-banner-carousel-932\u0445400.webp\" class=\"w-100 d-none d-lg-block img-pc main-banner-img\" alt=\"AFKspin desktop banner\" fetchpriority=\"high\" decoding=\"async\"><img src=\"https:\/\/afk-spin.net\/wp-content\/uploads\/2025\/12\/AFKspin-mobile-banner.webp\" class=\"w-100 d-none d-md-block d-lg-none main-banner-img\" alt=\"AFKspin mobile banner\" fetchpriority=\"high\" decoding=\"async\"><img src=\"https:\/\/afk-spin.net\/wp-content\/uploads\/2025\/12\/AFKspin-mobile-banner.webp\" class=\"w-100 d-md-none\" alt=\"AFKspin mobile banner\" fetchpriority=\"high\" decoding=\"async\"><div class=\"banner-description\">\n<div class=\"banner-title\">Bonos de bienvenida<\/div>\n<p class=\"banner-header-title\">\u20ac1500<\/p>\n<div class=\"banner-header-AdditionalText\">+ 250 giros gratis<\/div>\n<p>&nbsp;<\/p>\n<div class=\"m-button-content\"><button data-item=\"homepage_banner_link\" class=\"goto m-button m-gradient-border m-button--primary m-button--large banner-button btn-orange\">\n            <div class=\"m-button-content\">\n                <span>Reg\u00edstrate gratis ahora<\/span>\n                <span><\/span>\n            <\/div>\n        <\/button><\/div>\n<p>&nbsp;<\/p>\n<\/div>\n<div class=\"WelcomePack\">\n<p><img loading=\"lazy\" decoding=\"async\" class=\"alignnone size-full wp-image-1340\" src=\"https:\/\/afk-spin.net\/wp-content\/uploads\/2025\/12\/welcome-crown.svg\" alt=\"crown\" width=\"25\" height=\"26\" \/><\/p>\n<div class=\"WelcomePack-Info\">\n<p>Cashback semanal de hasta el 25%<\/p>\n<\/div>\n<p><img loading=\"lazy\" decoding=\"async\" class=\"alignnone size-full wp-image-1340\" src=\"https:\/\/afk-spin.net\/wp-content\/uploads\/2025\/12\/welcome-crown.svg\" alt=\"crown\" width=\"25\" height=\"26\" \/><\/p>\n<\/div>\n<\/div>\n<h2>\u00bfPor qu\u00e9 elegir la aplicaci\u00f3n AFK Spin Casino?<\/h2>\n<p>La aplicaci\u00f3n AFK Spin optimiza todos los juegos y funciones del casino para tu dispositivo m\u00f3vil. La principal diferencia entre el software m\u00f3vil y la versi\u00f3n para PC es su portabilidad. Otra caracter\u00edstica distintiva del software es nuestra mec\u00e1nica patentada \u00absin teclado\u00bb (AFK) para ajustar la configuraci\u00f3n e iniciar los juegos. Por lo tanto, es un casino m\u00f3vil totalmente optimizado que puedes llevar en el bolsillo.<\/p>\n<p>La ventaja de un PC es su gran pantalla, pero todas las funciones son las mismas tanto en el PC como en la aplicaci\u00f3n m\u00f3vil. El software compensa la peque\u00f1a pantalla con una interfaz t\u00e1ctil optimizada y notificaciones push. En nuestra aplicaci\u00f3n, puedes hacer todo lo que se puede hacer en un navegador: completar el proceso de verificaci\u00f3n, realizar transacciones, utilizar bonificaciones, jugar a todos los juegos y mucho m\u00e1s.<\/p>\n<table>\n<tbody>\n<tr>\n<td>Caracter\u00edstica<\/td>\n<td>Aplicaci\u00f3n m\u00f3vil AFK Spin<\/td>\n<td>Versi\u00f3n para PC<\/td>\n<\/tr>\n<tr>\n<td>Portabilidad<\/td>\n<td>Puedes jugar en cualquier lugar.<\/td>\n<td>Limitado a una ubicaci\u00f3n fija.<\/td>\n<\/tr>\n<tr>\n<td>Mec\u00e1nica AFK<\/td>\n<td>Permite la recolecci\u00f3n pasiva de recompensas.<\/td>\n<td>Requiere que el juego est\u00e9 ejecut\u00e1ndose activamente.<\/td>\n<\/tr>\n<tr>\n<td>Interfaz<\/td>\n<td>Controles t\u00e1ctiles optimizados.<\/td>\n<td>Pantalla m\u00e1s grande, tradicionalmente, rat\u00f3n\/teclado.<\/td>\n<\/tr>\n<tr>\n<td>Notificaciones<\/td>\n<td>Alertas push para victorias\/promociones.<\/td>\n<td>Requiere supervisi\u00f3n del navegador.<\/td>\n<\/tr>\n<tr>\n<td>Conectividad<\/td>\n<td>Carga r\u00e1pida, acceso con un solo toque.<\/td>\n<td>Depende del inicio de un navegador\/software.<\/td>\n<\/tr>\n<\/tbody>\n<\/table>\n<p><div style=\"clear: both\"><\/div><div class=\"d-flex justify-content-center\"><button data-item=\"decouvrez_link\" data-group=\"website_links\" class=\"goto fw-bold rounded-pill btn btn-orange\" aria-label=\"Descarga la aplicaci\u00f3n AFKspin\" >Descarga la aplicaci\u00f3n AFKspin<\/button><\/div><div class=\"scrollable-content-wrap my-5\"><div class=\"scrollable-content-inner\"><h2>Aplicaci\u00f3n web AFKSpin para Windows y Mac<\/h2>\n<p>Las aplicaciones web AFKSpin Casino inician el casino directamente en tu escritorio sin necesidad de realizar instalaciones complicadas. Tanto los usuarios de Windows como los de Mac pueden acceder r\u00e1pidamente a AFKSpin Casino sin necesidad de realizar un largo proceso de instalaci\u00f3n. Solo tienes que visitar nuestro sitio web y crear un acceso directo en tu escritorio para acceder r\u00e1pidamente con un solo clic. Este acceso directo convierte la aplicaci\u00f3n en una aplicaci\u00f3n web independiente y funciona como un programa normal. Podr\u00e1s iniciar AFKSpin desde el escritorio de tu PC. Las aplicaciones para Mac y Windows tienen una interfaz optimizada que se adapta al tama\u00f1o de la pantalla de tu ordenador.<\/p>\n<p><img loading=\"lazy\" decoding=\"async\" src=\"https:\/\/afk-spin.net\/wp-content\/uploads\/2025\/12\/AFKspin-Desktop.webp\" alt=\"AFKspin Desktop\" width=\"1248\" height=\"536\" \/><\/p>\n<\/div><\/div><div style=\"clear: both\"><\/div><div class=\"d-flex justify-content-center\"><button data-item=\"decouvrez_link\" data-group=\"website_links\" class=\"goto fw-bold rounded-pill btn btn-orange\" aria-label=\"Descargar AFKspin\" >Descargar AFKspin<\/button><\/div><div class=\"scrollable-content-wrap my-5\"><div class=\"scrollable-content-inner\"><h2>Instalar una aplicaci\u00f3n Android<\/h2>\n<p>La forma m\u00e1s r\u00e1pida de disfrutar de todas las ventajas de un casino en tu dispositivo m\u00f3vil es utilizar AFKSpin para Android. El software AFKSpin para Android es una aplicaci\u00f3n web progresiva (PWA) moderna. Hemos creado este software para que funcione en cualquier dispositivo m\u00f3vil y proporcione acceso instant\u00e1neo. Nuestra aplicaci\u00f3n web progresiva no requiere ninguna instalaci\u00f3n complicada, sin archivos APK ni descargas largas. La PWA es r\u00e1pida y se integra f\u00e1cilmente con tu tel\u00e9fono.<\/p>\n<h3>C\u00f3mo descargar el APK<\/h3>\n<p>No es necesario ir a Play Store ni descargar el archivo AFKSpin APK. Instalar la PWA AFKSpin es muy sencillo y solo lleva unos segundos.<\/p>\n<ol>\n<li>Despl\u00e1zate hacia abajo en la p\u00e1gina principal del sitio web AFKSpin en tu dispositivo Android.<\/li>\n<li>Pulsa el bot\u00f3n \u00abAplicaci\u00f3n del casino\u00bb.<\/li>\n<li>Seleccione \u00abInstalar\u00bb.<\/li>\n<\/ol>\n<p>La aplicaci\u00f3n AFKSpin se a\u00f1adir\u00e1 inmediatamente a tu pantalla de inicio y a tu caj\u00f3n de aplicaciones, lista para iniciarse con un solo toque.<\/p>\n<p><img loading=\"lazy\" decoding=\"async\" src=\"https:\/\/afk-spin.net\/wp-content\/uploads\/2025\/12\/AFKspin-Android-App.webp\" alt=\"AFKspin Android App\" width=\"1248\" height=\"536\" \/><\/p>\n<\/div><\/div><div style=\"clear: both\"><\/div><div class=\"d-flex justify-content-center\"><button data-item=\"decouvrez_link\" data-group=\"website_links\" class=\"goto fw-bold rounded-pill btn btn-orange\" aria-label=\"Descarga la aplicaci\u00f3n AFKspin\" >Descarga la aplicaci\u00f3n AFKspin<\/button><\/div><div class=\"scrollable-content-wrap my-5\"><div class=\"scrollable-content-inner\"><h2>Aplicaci\u00f3n AFK Spin para iOS<\/h2>\n<p>Para los usuarios de Apple, la aplicaci\u00f3n AFKSpin para iOS est\u00e1 totalmente optimizada. Cuenta con una interfaz nativa que funciona a trav\u00e9s del navegador Safari. Nuestro software se puede descargar en su dispositivo m\u00f3vil sin necesidad de visitar la App Store. No es necesario descargar ni instalar nada. Este m\u00e9todo se carga r\u00e1pidamente y admite notificaciones push. Ver\u00e1 un icono especial en su pantalla de inicio con acceso r\u00e1pido a sus juegos de casino favoritos.<\/p>\n<h3>Instalar la aplicaci\u00f3n en un dispositivo iOS<\/h3>\n<ol>\n<li>Abre el sitio web de AFKSpin en tu navegador Safari.<\/li>\n<li>Pulsa el icono \u00abCompartir\u00bb situado en la parte inferior de la pantalla.<\/li>\n<li>Selecciona \u00abA\u00f1adir a la pantalla de inicio\u00bb.<\/li>\n<li>Confirma \u00abA\u00f1adir\u00bb en la esquina superior derecha.<\/li>\n<\/ol>\n<p>Despu\u00e9s de eso, la aplicaci\u00f3n AFKSpin estar\u00e1 lista para usar y aparecer\u00e1 en tu pantalla de inicio. Si tienes alguna pregunta sobre la instalaci\u00f3n o cualquier otra cosa, ponte en contacto con nuestro equipo de asistencia a trav\u00e9s del chat en vivo o por correo electr\u00f3nico.<\/p>\n<p><img loading=\"lazy\" decoding=\"async\" src=\"https:\/\/afk-spin.net\/wp-content\/uploads\/2025\/12\/AFKspin-iOS-App.webp\" alt=\"AFKspin iOS App\" width=\"1248\" height=\"536\" \/><\/p>\n<\/div><\/div><div style=\"clear: both\"><\/div><div class=\"d-flex justify-content-center\"><button data-item=\"decouvrez_link\" data-group=\"website_links\" class=\"goto fw-bold rounded-pill btn btn-orange\" aria-label=\"Descargar AFKspin\" >Descargar AFKspin<\/button><\/div><div class=\"scrollable-content-wrap my-5\"><div class=\"scrollable-content-inner\"><h2>Preguntas frecuentes<\/h2>\n<h3>\u00bfLa aplicaci\u00f3n AFKspin Casino se puede descargar gratis?<\/h3>\n<p>S\u00ed, la aplicaci\u00f3n AFKSpin Casino se puede descargar e instalar de forma totalmente gratuita en dispositivos Android e iOS. Nuestro software no requiere ning\u00fan pago adicional ni descargas complicadas de archivos APK para Android. Se instala f\u00e1cilmente en dispositivos iOS desde nuestro sitio web.<\/p>\n<h3>\u00bfPuedo usar Face ID o la huella dactilar para iniciar sesi\u00f3n y obtener un acceso m\u00e1s r\u00e1pido y seguro?<\/h3>\n<p>Por supuesto. La aplicaci\u00f3n AFKSpin admite m\u00e9todos de inicio de sesi\u00f3n biom\u00e9tricos, como Face ID y huella dactilar (Touch ID). Esta funci\u00f3n est\u00e1 disponible en todos los dispositivos. Puedes habilitar esta funci\u00f3n en la configuraci\u00f3n de la aplicaci\u00f3n. Este m\u00e9todo de inicio de sesi\u00f3n en la aplicaci\u00f3n puede ser una medida adicional para proteger tus datos.<\/p>\n<h3>Si ya tengo una cuenta en el sitio web, \u00bfpuedo usar el mismo nombre de usuario para la aplicaci\u00f3n?<\/h3>\n<p>S\u00ed, tu cuenta se puede vincular a varios dispositivos. Puedes iniciar sesi\u00f3n en tu cuenta tanto en el navegador como en la aplicaci\u00f3n. Utiliza el mismo nombre de usuario y contrase\u00f1a para iniciar sesi\u00f3n en la aplicaci\u00f3n. Tu saldo, progreso, bonificaciones y todo tu historial se sincronizar\u00e1n en todos los dispositivos.<\/p>\n<h3>\u00bfLa aplicaci\u00f3n ofrece toda la gama de juegos y opciones de pago?<\/h3>\n<p>S\u00ed, la aplicaci\u00f3n AFKSpin es compatible con todas las funciones del casino que ofrece el navegador. Ofrece toda la gama de juegos disponibles en el sitio web, como tragamonedas en l\u00ednea, juegos de mesa y juegos con crupier en vivo. La aplicaci\u00f3n ofrece los mismos m\u00e9todos de pago que el navegador.<\/p>\n<\/div><\/div><\/p>\n","protected":false},"excerpt":{"rendered":"<p>Aplicaci\u00f3n AFKSpin para iOS y Android AFKSpin App es nuestro formato m\u00f3vil para quienes prefieren un dise\u00f1o limpio, similar al de una app. Mantenemos la zona de inicio ordenada y las p\u00e1ginas de juego f\u00e1ciles de revisar de un vistazo, para que la navegaci\u00f3n sea predecible. Muchos jugadores la usan cuando buscan una partida r\u00e1pida [&hellip;]<\/p>\n","protected":false},"author":1,"featured_media":0,"parent":0,"menu_order":0,"comment_status":"closed","ping_status":"closed","template":"template-builder.php","meta":{"_acf_changed":false,"inline_featured_image":false,"footnotes":""},"class_list":["post-1421","page","type-page","status-publish","hentry"],"acf":[],"yoast_head":"<!-- This site is optimized with the Yoast SEO plugin v27.3 - https:\/\/yoast.com\/product\/yoast-seo-wordpress\/ -->\n<title>AFKSpin App para iOS y Android: Aplicaci\u00f3n de casino PWA<\/title>\n<meta name=\"description\" content=\"AFKSpin app para iOS y Android es una PWA con una interfaz clara y acceso con un solo toque. Se instala desde el sitio web sin archivos APK ni Play Store ni App Store. Usa el mismo inicio de sesi\u00f3n en todos tus dispositivos y recibe notificaciones push sobre premios y promociones.\" \/>\n<meta name=\"robots\" content=\"index, follow, max-snippet:-1, max-image-preview:large, max-video-preview:-1\" \/>\n<link rel=\"canonical\" href=\"https:\/\/afk-spin.net\/es\/aplicacion\/\" \/>\n<meta property=\"og:locale\" content=\"es_ES\" \/>\n<meta property=\"og:type\" content=\"article\" \/>\n<meta property=\"og:title\" content=\"AFKSpin App para iOS y Android: Aplicaci\u00f3n de casino PWA\" \/>\n<meta property=\"og:description\" content=\"AFKSpin app para iOS y Android es una PWA con una interfaz clara y acceso con un solo toque. Se instala desde el sitio web sin archivos APK ni Play Store ni App Store. Usa el mismo inicio de sesi\u00f3n en todos tus dispositivos y recibe notificaciones push sobre premios y promociones.\" \/>\n<meta property=\"og:url\" content=\"https:\/\/afk-spin.net\/es\/aplicacion\/\" \/>\n<meta property=\"og:site_name\" content=\"afkspin\" \/>\n<meta property=\"article:modified_time\" content=\"2026-03-05T09:02:49+00:00\" \/>\n<meta name=\"twitter:card\" content=\"summary_large_image\" \/>\n<meta name=\"twitter:label1\" content=\"Est. reading time\" \/>\n\t<meta name=\"twitter:data1\" content=\"2 minutes\" \/>\n<script type=\"application\/ld+json\" class=\"yoast-schema-graph\">{\"@context\":\"https:\\\/\\\/schema.org\",\"@graph\":[{\"@type\":\"WebPage\",\"@id\":\"https:\\\/\\\/afk-spin.net\\\/es\\\/aplicacion\\\/\",\"url\":\"https:\\\/\\\/afk-spin.net\\\/es\\\/aplicacion\\\/\",\"name\":\"AFKSpin App para iOS y Android: Aplicaci\u00f3n de casino PWA\",\"isPartOf\":{\"@id\":\"https:\\\/\\\/afk-spin.net\\\/es\\\/#website\"},\"datePublished\":\"2025-12-05T06:06:35+00:00\",\"dateModified\":\"2026-03-05T09:02:49+00:00\",\"description\":\"AFKSpin app para iOS y Android es una PWA con una interfaz clara y acceso con un solo toque. Se instala desde el sitio web sin archivos APK ni Play Store ni App Store. Usa el mismo inicio de sesi\u00f3n en todos tus dispositivos y recibe notificaciones push sobre premios y promociones.\",\"breadcrumb\":{\"@id\":\"https:\\\/\\\/afk-spin.net\\\/es\\\/aplicacion\\\/#breadcrumb\"},\"inLanguage\":\"es-ES\",\"potentialAction\":[{\"@type\":\"ReadAction\",\"target\":[\"https:\\\/\\\/afk-spin.net\\\/es\\\/aplicacion\\\/\"]}]},{\"@type\":\"BreadcrumbList\",\"@id\":\"https:\\\/\\\/afk-spin.net\\\/es\\\/aplicacion\\\/#breadcrumb\",\"itemListElement\":[{\"@type\":\"ListItem\",\"position\":1,\"name\":\"Afkspin\",\"item\":\"https:\\\/\\\/afk-spin.net\\\/es\\\/\"},{\"@type\":\"ListItem\",\"position\":2,\"name\":\"Aplicaci\u00f3n\"}]},{\"@type\":\"WebSite\",\"@id\":\"https:\\\/\\\/afk-spin.net\\\/es\\\/#website\",\"url\":\"https:\\\/\\\/afk-spin.net\\\/es\\\/\",\"name\":\"Afkspin\",\"description\":\"\",\"publisher\":{\"@id\":\"https:\\\/\\\/afk-spin.net\\\/es\\\/#organization\"},\"potentialAction\":[{\"@type\":\"SearchAction\",\"target\":{\"@type\":\"EntryPoint\",\"urlTemplate\":\"https:\\\/\\\/afk-spin.net\\\/es\\\/?s={search_term_string}\"},\"query-input\":{\"@type\":\"PropertyValueSpecification\",\"valueRequired\":true,\"valueName\":\"search_term_string\"}}],\"inLanguage\":\"es-ES\"},{\"@type\":\"Organization\",\"@id\":\"https:\\\/\\\/afk-spin.net\\\/es\\\/#organization\",\"name\":\"Afkspin\",\"url\":\"https:\\\/\\\/afk-spin.net\\\/es\\\/\",\"logo\":{\"@type\":\"ImageObject\",\"inLanguage\":\"es-ES\",\"@id\":\"https:\\\/\\\/afk-spin.net\\\/es\\\/#\\\/schema\\\/logo\\\/image\\\/\",\"url\":\"https:\\\/\\\/afk-spin.net\\\/wp-content\\\/uploads\\\/2025\\\/12\\\/logo.svg\",\"contentUrl\":\"https:\\\/\\\/afk-spin.net\\\/wp-content\\\/uploads\\\/2025\\\/12\\\/logo.svg\",\"width\":84,\"height\":24,\"caption\":\"Afkspin\"},\"image\":{\"@id\":\"https:\\\/\\\/afk-spin.net\\\/es\\\/#\\\/schema\\\/logo\\\/image\\\/\"}}]}<\/script>\n<!-- \/ Yoast SEO plugin. -->","yoast_head_json":{"title":"AFKSpin App para iOS y Android: Aplicaci\u00f3n de casino PWA","description":"AFKSpin app para iOS y Android es una PWA con una interfaz clara y acceso con un solo toque. Se instala desde el sitio web sin archivos APK ni Play Store ni App Store. Usa el mismo inicio de sesi\u00f3n en todos tus dispositivos y recibe notificaciones push sobre premios y promociones.","robots":{"index":"index","follow":"follow","max-snippet":"max-snippet:-1","max-image-preview":"max-image-preview:large","max-video-preview":"max-video-preview:-1"},"canonical":"https:\/\/afk-spin.net\/es\/aplicacion\/","og_locale":"es_ES","og_type":"article","og_title":"AFKSpin App para iOS y Android: Aplicaci\u00f3n de casino PWA","og_description":"AFKSpin app para iOS y Android es una PWA con una interfaz clara y acceso con un solo toque. Se instala desde el sitio web sin archivos APK ni Play Store ni App Store. Usa el mismo inicio de sesi\u00f3n en todos tus dispositivos y recibe notificaciones push sobre premios y promociones.","og_url":"https:\/\/afk-spin.net\/es\/aplicacion\/","og_site_name":"afkspin","article_modified_time":"2026-03-05T09:02:49+00:00","twitter_card":"summary_large_image","twitter_misc":{"Est. reading time":"2 minutes"},"schema":{"@context":"https:\/\/schema.org","@graph":[{"@type":"WebPage","@id":"https:\/\/afk-spin.net\/es\/aplicacion\/","url":"https:\/\/afk-spin.net\/es\/aplicacion\/","name":"AFKSpin App para iOS y Android: Aplicaci\u00f3n de casino PWA","isPartOf":{"@id":"https:\/\/afk-spin.net\/es\/#website"},"datePublished":"2025-12-05T06:06:35+00:00","dateModified":"2026-03-05T09:02:49+00:00","description":"AFKSpin app para iOS y Android es una PWA con una interfaz clara y acceso con un solo toque. Se instala desde el sitio web sin archivos APK ni Play Store ni App Store. Usa el mismo inicio de sesi\u00f3n en todos tus dispositivos y recibe notificaciones push sobre premios y promociones.","breadcrumb":{"@id":"https:\/\/afk-spin.net\/es\/aplicacion\/#breadcrumb"},"inLanguage":"es-ES","potentialAction":[{"@type":"ReadAction","target":["https:\/\/afk-spin.net\/es\/aplicacion\/"]}]},{"@type":"BreadcrumbList","@id":"https:\/\/afk-spin.net\/es\/aplicacion\/#breadcrumb","itemListElement":[{"@type":"ListItem","position":1,"name":"Afkspin","item":"https:\/\/afk-spin.net\/es\/"},{"@type":"ListItem","position":2,"name":"Aplicaci\u00f3n"}]},{"@type":"WebSite","@id":"https:\/\/afk-spin.net\/es\/#website","url":"https:\/\/afk-spin.net\/es\/","name":"Afkspin","description":"","publisher":{"@id":"https:\/\/afk-spin.net\/es\/#organization"},"potentialAction":[{"@type":"SearchAction","target":{"@type":"EntryPoint","urlTemplate":"https:\/\/afk-spin.net\/es\/?s={search_term_string}"},"query-input":{"@type":"PropertyValueSpecification","valueRequired":true,"valueName":"search_term_string"}}],"inLanguage":"es-ES"},{"@type":"Organization","@id":"https:\/\/afk-spin.net\/es\/#organization","name":"Afkspin","url":"https:\/\/afk-spin.net\/es\/","logo":{"@type":"ImageObject","inLanguage":"es-ES","@id":"https:\/\/afk-spin.net\/es\/#\/schema\/logo\/image\/","url":"https:\/\/afk-spin.net\/wp-content\/uploads\/2025\/12\/logo.svg","contentUrl":"https:\/\/afk-spin.net\/wp-content\/uploads\/2025\/12\/logo.svg","width":84,"height":24,"caption":"Afkspin"},"image":{"@id":"https:\/\/afk-spin.net\/es\/#\/schema\/logo\/image\/"}}]}},"_links":{"self":[{"href":"https:\/\/afk-spin.net\/es\/wp-json\/wp\/v2\/pages\/1421","targetHints":{"allow":["GET"]}}],"collection":[{"href":"https:\/\/afk-spin.net\/es\/wp-json\/wp\/v2\/pages"}],"about":[{"href":"https:\/\/afk-spin.net\/es\/wp-json\/wp\/v2\/types\/page"}],"author":[{"embeddable":true,"href":"https:\/\/afk-spin.net\/es\/wp-json\/wp\/v2\/users\/1"}],"replies":[{"embeddable":true,"href":"https:\/\/afk-spin.net\/es\/wp-json\/wp\/v2\/comments?post=1421"}],"version-history":[{"count":3,"href":"https:\/\/afk-spin.net\/es\/wp-json\/wp\/v2\/pages\/1421\/revisions"}],"predecessor-version":[{"id":1872,"href":"https:\/\/afk-spin.net\/es\/wp-json\/wp\/v2\/pages\/1421\/revisions\/1872"}],"wp:attachment":[{"href":"https:\/\/afk-spin.net\/es\/wp-json\/wp\/v2\/media?parent=1421"}],"curies":[{"name":"wp","href":"https:\/\/api.w.org\/{rel}","templated":true}]}}