{"id":1462,"date":"2025-12-05T06:14:39","date_gmt":"2025-12-05T06:14:39","guid":{"rendered":"https:\/\/afk-spin.net\/login-and-registration\/"},"modified":"2026-03-05T09:30:35","modified_gmt":"2026-03-05T09:30:35","slug":"anmeldung-und-registrierung","status":"publish","type":"page","link":"https:\/\/afk-spin.net\/de\/anmeldung-und-registrierung\/","title":{"rendered":"Anmeldung und Registrierung"},"content":{"rendered":"<h1>AFKSpin Anmeldung und Kontoerstellung<\/h1>\n<p>AFKSpin Login ist der Bereich, in dem Sie sich in Ihr Online-Casino-Konto einloggen und dort weitermachen, wo Sie aufgeh\u00f6rt haben. Nutzen Sie ihn, um auf Ihre Wallet und aktive Angebote zuzugreifen oder mit wenigen Klicks zur\u00fcck in die Lobby zu gelangen.<\/p>\n<p>Neu hier? Sie k\u00f6nnen im selben Bereich ein Konto erstellen. Wenn Sie sich nicht einloggen k\u00f6nnen, hilft Ihnen die Option zum Zur\u00fccksetzen des Passworts dabei, den Zugriff schnell wiederherzustellen.<\/p>\n<p><div class=\"banner-wrap\" aria-label=\"Banner\"><img src=\"https:\/\/afk-spin.net\/wp-content\/uploads\/2025\/12\/AFK-Spins-banner-carousel-932\u0445400.webp\" class=\"w-100 d-none d-lg-block img-pc main-banner-img\" alt=\"AFKspin desktop banner\" fetchpriority=\"high\" decoding=\"async\"><img src=\"https:\/\/afk-spin.net\/wp-content\/uploads\/2025\/12\/AFKspin-mobile-banner.webp\" class=\"w-100 d-none d-md-block d-lg-none main-banner-img\" alt=\"AFKspin mobile banner\" fetchpriority=\"high\" decoding=\"async\"><img src=\"https:\/\/afk-spin.net\/wp-content\/uploads\/2025\/12\/AFKspin-mobile-banner.webp\" class=\"w-100 d-md-none\" alt=\"AFKspin mobile banner\" fetchpriority=\"high\" decoding=\"async\"><div class=\"banner-description\">\n<div class=\"banner-title\">Willkommensboni<\/div>\n<p class=\"banner-header-title\">1500 \u20ac<\/p>\n<div class=\"banner-header-AdditionalText\">+ 250 Freispiele<\/div>\n<button data-item=\"homepage_banner_link\" class=\"goto m-button m-gradient-border m-button--primary m-button--large banner-button btn-orange\">\n            <div class=\"m-button-content\">\n                <span>Melden Sie sich jetzt an<\/span>\n                <span><\/span>\n            <\/div>\n        <\/button>\n<\/div>\n<div class=\"WelcomePack\">\n<p><img loading=\"lazy\" decoding=\"async\" class=\"alignnone size-full wp-image-1339\" src=\"https:\/\/afk-spin.net\/wp-content\/uploads\/2025\/12\/welcome-crown.svg\" alt=\"crown\" width=\"25\" height=\"26\" \/><\/p>\n<div class=\"WelcomePack-Info\">W\u00f6chentliches Cashback bis zu 25 %<\/div>\n<p><img loading=\"lazy\" decoding=\"async\" class=\"alignnone size-full wp-image-1339\" src=\"https:\/\/afk-spin.net\/wp-content\/uploads\/2025\/12\/welcome-crown.svg\" alt=\"crown\" width=\"25\" height=\"26\" \/><\/p>\n<\/div>\n<\/div><div class=\"scrollable-content-wrap my-5\"><div class=\"scrollable-content-inner\"><h2>So registrieren Sie ein Konto bei AFK Spin<\/h2>\n<p>Um Teil der Gaming-Community von AFK Spin Casino zu werden, m\u00fcssen Sie ein Konto registrieren. Durch die Registrierung erhalten Sie sofortigen Zugriff auf alle Funktionen der Plattform. Nur registrierte Benutzer k\u00f6nnen um echtes Geld oder im Demo-Modus spielen, Boni erhalten, Geld einzahlen und Gewinne auszahlen lassen. Ihr AFKSpin-Konto vereint Ihren Fortschritt, Ihren Kontostand und Ihre Sicherheitseinstellungen auf allen Ger\u00e4ten, auf denen Sie angemeldet sind. Dazu geh\u00f6ren beispielsweise Mobilger\u00e4te und Computer, in der App oder im Browser.<\/p>\n<h3>Einrichtung eines Kontos<\/h3>\n<p>Die Erstellung eines Kontos bei AFKSpin ist ganz einfach und Sie k\u00f6nnen es leicht selbst herausfinden. Um sicherzustellen, dass Sie keine Zweifel haben, beschreiben wir Ihnen den Vorgang. Befolgen Sie unsere Anweisungen, um ein Konto zu erstellen:<\/p>\n<ol>\n<li>Klicken Sie auf die Schaltfl\u00e4che \u201eRegistrieren\u201c. Diese befindet sich in der oberen rechten Ecke der AFKSpin-Homepage.<\/li>\n<li>Es erscheint ein Fenster mit einem Registrierungsformular.<\/li>\n<li>Geben Sie Ihre E-Mail-Adresse ein und legen Sie ein Passwort fest.<\/li>\n<li>Wenn Sie einen speziellen Aktionscode haben, geben Sie ihn an dieser Stelle ein.<\/li>\n<li>Best\u00e4tigen Sie, dass Sie unsere Allgemeinen Gesch\u00e4ftsbedingungen und Datenschutzrichtlinien akzeptieren.<\/li>\n<li>Best\u00e4tigen Sie, dass Sie \u00fcber 18 Jahre alt sind.<\/li>\n<li>Klicken Sie auf \u201eSpeichern\u201c.<\/li>\n<li>Folgen Sie dem Link in der E-Mail von AFK Spin.<\/li>\n<\/ol>\n<p>Ihr Konto ist nun einsatzbereit. Sie haben den AFKSpin-Anmeldeprozess abgeschlossen.<\/p>\n<p><img loading=\"lazy\" decoding=\"async\" class=\"alignnone size-full wp-image-1939\" src=\"https:\/\/afk-spin.net\/wp-content\/uploads\/2026\/03\/Login-page-AFKspin.webp\" alt=\"Login page AFKspin\" width=\"1248\" height=\"536\" srcset=\"https:\/\/afk-spin.net\/wp-content\/uploads\/2026\/03\/Login-page-AFKspin.webp 1248w, https:\/\/afk-spin.net\/wp-content\/uploads\/2026\/03\/Login-page-AFKspin-300x129.webp 300w, https:\/\/afk-spin.net\/wp-content\/uploads\/2026\/03\/Login-page-AFKspin-1024x440.webp 1024w, https:\/\/afk-spin.net\/wp-content\/uploads\/2026\/03\/Login-page-AFKspin-768x330.webp 768w\" sizes=\"auto, (max-width: 1248px) 100vw, 1248px\" \/><\/p>\n<h2>So melden Sie sich mit AFKSpin Login an<\/h2>\n<p>Der AFKSpin-Anmeldeprozess ist einfach und schnell. Nach der Anmeldung haben Sie die volle Kontrolle \u00fcber Ihr Profil, Ihre Zahlungen, Boni und Ihren Aktivit\u00e4tsverlauf. Wir beschreiben den Anmeldeprozess bei AFKSpin speziell f\u00fcr Sie.<\/p>\n<ol>\n<li>Klicken Sie auf die Schaltfl\u00e4che \u201eAnmelden\u201c. Diese befindet sich in der oberen rechten Ecke unserer Website.<\/li>\n<li>Geben Sie Ihre E-Mail-Adresse und Ihr Passwort ein.<\/li>\n<li>Klicken Sie zur Best\u00e4tigung auf \u201eAnmelden\u201c.<\/li>\n<\/ol>\n<p>Nur registrierte Benutzer haben Zugriff auf alle Casino-Funktionen. Neben Spielen, Boni und der Auszahlung von Gewinnen k\u00f6nnen Sie nach der Anmeldung in Ihrem Konto Ihre Einstellungen verwalten. Hier sind einige der Einstellungsfunktionen, die Ihnen zur Verf\u00fcgung stehen:<\/p>\n<table>\n<tbody>\n<tr>\n<td>Funktion<\/td>\n<td>Was Sie damit tun k\u00f6nnen<\/td>\n<\/tr>\n<tr>\n<td>Kontoeinstellungen<\/td>\n<td>Aktualisieren Sie Ihre pers\u00f6nlichen Daten, passen Sie die Benutzeroberfl\u00e4che oder Spracheinstellungen sowie die Sicherheitseinstellungen an.<\/td>\n<\/tr>\n<tr>\n<td>Brieftasche &amp; Zahlungen<\/td>\n<td>Verwalten Sie Ein- und Auszahlungen, \u00fcberpr\u00fcfen Sie alle Finanztransaktionen und speichern Sie Zahlungsmethoden sicher.<\/td>\n<\/tr>\n<tr>\n<td>Pr\u00e4mien &amp; Boni<\/td>\n<td>Greifen Sie auf verf\u00fcgbare Boni zu, \u00fcberwachen Sie Ihren Wettfortschritt und aktivieren Sie neue Aktionspr\u00e4mien.<\/td>\n<\/tr>\n<tr>\n<td>Aktivit\u00e4ten\u00fcbersicht<\/td>\n<td>Verfolge Spielstatistiken, \u00fcberpr\u00fcfe Sitzungsdaten und analysiere deine Leistung in verschiedenen Spielen.<\/td>\n<\/tr>\n<tr>\n<td>Tools f\u00fcr verantwortungsbewusstes Spielen<\/td>\n<td>Legen Sie Einzahlungslimits, Sitzungszeitgeber, Abk\u00fchlungsphasen und andere Kontrollmechanismen fest, die ein sicheres und verantwortungsbewusstes Spielen unterst\u00fctzen sollen.<\/td>\n<\/tr>\n<\/tbody>\n<\/table>\n<h3>Passwort wiederherstellen<\/h3>\n<p>Bei AFKSpin Casino k\u00f6nnen Sie Ihren Benutzernamen oder Ihr Passwort ganz einfach wiederherstellen. Dies k\u00f6nnen Sie in nur wenigen Minuten selbst erledigen. Wenn Sie Ihren Benutzernamen oder Ihr Passwort vergessen haben, nutzen Sie bitte unser Verfahren zum Zur\u00fccksetzen des Passworts:<\/p>\n<ol>\n<li>Klicken Sie auf die Schaltfl\u00e4che \u201eAnmelden\u201c oben rechts auf unserer Website.<\/li>\n<li>W\u00e4hlen Sie unterhalb des Anmeldeformulars \u201ePasswort vergessen?\u201c aus.<\/li>\n<li>Geben Sie die E-Mail-Adresse ein, mit der Sie Ihr AFKSpin Konto registriert haben.<\/li>\n<li>\u00d6ffnen Sie die E-Mail von AFKSpin und folgen Sie dem Link, um Ihr Passwort zur\u00fcckzusetzen.<\/li>\n<li>Erstellen Sie ein neues Passwort und melden Sie sich wieder bei Ihrem Konto an.<\/li>\n<\/ol>\n<p>Wenn Sie Probleme mit der Passwortwiederherstellung, der Anmeldung, dem Kontozugriff usw. haben, wenden Sie sich bitte \u00fcber den Live-Chat oder per E-Mail an unser Support-Team.<\/p>\n<h2>AFK Spin Casino Kontoverifizierung<\/h2>\n<p>Wir sch\u00fctzen alle unsere Spieler mit den fortschrittlichsten Datenschutzverfahren. Bei AFKSpin m\u00fcssen sich alle Spieler einer Know-Your-Customer-Pr\u00fcfung (KYC) unterziehen, um unbefugten Zugriff zu verhindern. Dieser Prozess wird durch die Lizenzierungsstandards f\u00fcr Casinos geregelt. Der Verifizierungsprozess best\u00e4tigt Ihre Identit\u00e4t, Ihre Adresse und die G\u00fcltigkeit Ihrer Zahlungsmittel. Die erforderlichen Dokumente sind in der Regel ein Personalausweis oder Reisepass, Bankdaten, ein Adressnachweis (z. B. eine Stromrechnung) und manchmal ein F\u00fchrerschein.<\/p>\n<p>Alle auf unserer Plattform \u00fcbertragenen Daten sind durch eine 256-Bit-SSL-Verschl\u00fcsselung gesch\u00fctzt. Wir haben diese Sicherheitsma\u00dfnahme implementiert, um die vollst\u00e4ndige Sicherheit Ihrer pers\u00f6nlichen Daten zu gew\u00e4hrleisten. Auszahlungen werden immer manuell von unseren Spezialisten bearbeitet, um die Richtigkeit der \u00dcberweisung zu best\u00e4tigen. Wir schaffen eine absolut sichere Spielumgebung f\u00fcr unsere Nutzer.<\/p>\n<h2>H\u00e4ufig gestellte Fragen<\/h2>\n<h3>Sind meine pers\u00f6nlichen Daten w\u00e4hrend des Registrierungsprozesses sicher?<\/h3>\n<p>Ja, Ihre pers\u00f6nlichen Daten sind bei AFKSpin Casino absolut sicher. Wir verwenden eine 256-Bit-SSL-Verschl\u00fcsselung, um alle bei der Registrierung \u00fcbermittelten Daten zu sch\u00fctzen. Wir verf\u00fcgen \u00fcber eine Datenschutzrichtlinie. Unsere Systeme werden regelm\u00e4\u00dfig aktualisiert, um die h\u00f6chsten Sicherheitsstandards zum Schutz Ihrer Daten zu gew\u00e4hrleisten.<\/p>\n<h3>Was soll ich tun, wenn ich die E-Mail zur Kontobest\u00e4tigung nicht erhalten habe?<\/h3>\n<p>\u00dcberpr\u00fcfen Sie zun\u00e4chst Ihren Spam- oder Junk-Mail-Ordner, da die E-Mail m\u00f6glicherweise dort gelandet ist. Wenn Sie die E-Mail dort nicht finden, vergewissern Sie sich, dass Sie sich mit der richtigen E-Mail-Adresse registriert haben. Sie k\u00f6nnen eine weitere Best\u00e4tigungs-E-Mail anfordern. Wenn all dies nicht hilft, wenden Sie sich bitte an den 24-Stunden-Kundendienst von AFK Spin Casino.<\/p>\n<h3>Was muss ich tun, um sicherzustellen, dass mein Konto sicher ist?<\/h3>\n<p>Wir haben bereits f\u00fcr die Sicherheit Ihres Kontos gesorgt. Alle Sicherheitsmechanismen sind f\u00fcr alle registrierten Benutzer aktiviert. Um Ihr Konto zu sch\u00fctzen, sollten Sie jedoch immer ein starkes, einzigartiges Passwort w\u00e4hlen. Schlie\u00dfen Sie die Know-Your-Customer-Pr\u00fcfung (KYC) ab und aktivieren Sie alle Schutzfunktionen. Geben Sie Ihre Anmeldedaten nicht an Dritte weiter und verwenden Sie nur Ger\u00e4te, denen Sie vertrauen, um sich bei Ihrem Konto anzumelden.<\/p>\n<\/div><\/div><\/p>\n","protected":false},"excerpt":{"rendered":"<p>AFKSpin Anmeldung und Kontoerstellung AFKSpin Login ist der Bereich, in dem Sie sich in Ihr Online-Casino-Konto einloggen und dort weitermachen, wo Sie aufgeh\u00f6rt haben. Nutzen Sie ihn, um auf Ihre Wallet und aktive Angebote zuzugreifen oder mit wenigen Klicks zur\u00fcck in die Lobby zu gelangen. Neu hier? Sie k\u00f6nnen im selben Bereich ein Konto erstellen. [&hellip;]<\/p>\n","protected":false},"author":1,"featured_media":0,"parent":0,"menu_order":0,"comment_status":"closed","ping_status":"closed","template":"template-builder.php","meta":{"_acf_changed":false,"inline_featured_image":false,"footnotes":""},"class_list":["post-1462","page","type-page","status-publish","hentry"],"acf":[],"yoast_head":"<!-- This site is optimized with the Yoast SEO plugin v27.3 - https:\/\/yoast.com\/product\/yoast-seo-wordpress\/ -->\n<title>AFKSpin Login: Schnell registrieren &amp; Konto verwalten<\/title>\n<meta name=\"description\" content=\"Mit AFKSpin Login k\u00f6nnen Sie sich schnell anmelden, auf Ihre Wallet zugreifen und mit wenigen Klicks zur Casino-Lobby zur\u00fcckkehren. Erstellen Sie direkt auf dieser Seite ein Konto, nutzen Sie \u201ePasswort vergessen?\u201c, um Ihren Zugang wiederherzustellen, und verwalten Sie Boni und Zahlungen ger\u00e4te\u00fcbergreifend.\" \/>\n<meta name=\"robots\" content=\"index, follow, max-snippet:-1, max-image-preview:large, max-video-preview:-1\" \/>\n<link rel=\"canonical\" href=\"https:\/\/afk-spin.net\/de\/anmeldung-und-registrierung\/\" \/>\n<meta property=\"og:locale\" content=\"de_DE\" \/>\n<meta property=\"og:type\" content=\"article\" \/>\n<meta property=\"og:title\" content=\"AFKSpin Login: Schnell registrieren &amp; Konto verwalten\" \/>\n<meta property=\"og:description\" content=\"Mit AFKSpin Login k\u00f6nnen Sie sich schnell anmelden, auf Ihre Wallet zugreifen und mit wenigen Klicks zur Casino-Lobby zur\u00fcckkehren. Erstellen Sie direkt auf dieser Seite ein Konto, nutzen Sie \u201ePasswort vergessen?\u201c, um Ihren Zugang wiederherzustellen, und verwalten Sie Boni und Zahlungen ger\u00e4te\u00fcbergreifend.\" \/>\n<meta property=\"og:url\" content=\"https:\/\/afk-spin.net\/de\/anmeldung-und-registrierung\/\" \/>\n<meta property=\"og:site_name\" content=\"afkspin\" \/>\n<meta property=\"article:modified_time\" content=\"2026-03-05T09:30:35+00:00\" \/>\n<meta name=\"twitter:card\" content=\"summary_large_image\" \/>\n<meta name=\"twitter:label1\" content=\"Gesch\u00e4tzte Lesezeit\" \/>\n\t<meta name=\"twitter:data1\" content=\"1\u00a0Minute\" \/>\n<script type=\"application\/ld+json\" class=\"yoast-schema-graph\">{\"@context\":\"https:\\\/\\\/schema.org\",\"@graph\":[{\"@type\":\"WebPage\",\"@id\":\"https:\\\/\\\/afk-spin.net\\\/de\\\/anmeldung-und-registrierung\\\/\",\"url\":\"https:\\\/\\\/afk-spin.net\\\/de\\\/anmeldung-und-registrierung\\\/\",\"name\":\"AFKSpin Login: Schnell registrieren & Konto verwalten\",\"isPartOf\":{\"@id\":\"https:\\\/\\\/afk-spin.net\\\/de\\\/#website\"},\"datePublished\":\"2025-12-05T06:14:39+00:00\",\"dateModified\":\"2026-03-05T09:30:35+00:00\",\"description\":\"Mit AFKSpin Login k\u00f6nnen Sie sich schnell anmelden, auf Ihre Wallet zugreifen und mit wenigen Klicks zur Casino-Lobby zur\u00fcckkehren. Erstellen Sie direkt auf dieser Seite ein Konto, nutzen Sie \u201ePasswort vergessen?\u201c, um Ihren Zugang wiederherzustellen, und verwalten Sie Boni und Zahlungen ger\u00e4te\u00fcbergreifend.\",\"breadcrumb\":{\"@id\":\"https:\\\/\\\/afk-spin.net\\\/de\\\/anmeldung-und-registrierung\\\/#breadcrumb\"},\"inLanguage\":\"de\",\"potentialAction\":[{\"@type\":\"ReadAction\",\"target\":[\"https:\\\/\\\/afk-spin.net\\\/de\\\/anmeldung-und-registrierung\\\/\"]}]},{\"@type\":\"BreadcrumbList\",\"@id\":\"https:\\\/\\\/afk-spin.net\\\/de\\\/anmeldung-und-registrierung\\\/#breadcrumb\",\"itemListElement\":[{\"@type\":\"ListItem\",\"position\":1,\"name\":\"Afkspin\",\"item\":\"https:\\\/\\\/afk-spin.net\\\/de\\\/\"},{\"@type\":\"ListItem\",\"position\":2,\"name\":\"Anmeldung und Registrierung\"}]},{\"@type\":\"WebSite\",\"@id\":\"https:\\\/\\\/afk-spin.net\\\/de\\\/#website\",\"url\":\"https:\\\/\\\/afk-spin.net\\\/de\\\/\",\"name\":\"Afkspin\",\"description\":\"\",\"publisher\":{\"@id\":\"https:\\\/\\\/afk-spin.net\\\/de\\\/#organization\"},\"potentialAction\":[{\"@type\":\"SearchAction\",\"target\":{\"@type\":\"EntryPoint\",\"urlTemplate\":\"https:\\\/\\\/afk-spin.net\\\/de\\\/?s={search_term_string}\"},\"query-input\":{\"@type\":\"PropertyValueSpecification\",\"valueRequired\":true,\"valueName\":\"search_term_string\"}}],\"inLanguage\":\"de\"},{\"@type\":\"Organization\",\"@id\":\"https:\\\/\\\/afk-spin.net\\\/de\\\/#organization\",\"name\":\"Afkspin\",\"url\":\"https:\\\/\\\/afk-spin.net\\\/de\\\/\",\"logo\":{\"@type\":\"ImageObject\",\"inLanguage\":\"de\",\"@id\":\"https:\\\/\\\/afk-spin.net\\\/de\\\/#\\\/schema\\\/logo\\\/image\\\/\",\"url\":\"https:\\\/\\\/afk-spin.net\\\/wp-content\\\/uploads\\\/2025\\\/12\\\/logo.svg\",\"contentUrl\":\"https:\\\/\\\/afk-spin.net\\\/wp-content\\\/uploads\\\/2025\\\/12\\\/logo.svg\",\"width\":84,\"height\":24,\"caption\":\"Afkspin\"},\"image\":{\"@id\":\"https:\\\/\\\/afk-spin.net\\\/de\\\/#\\\/schema\\\/logo\\\/image\\\/\"}}]}<\/script>\n<!-- \/ Yoast SEO plugin. -->","yoast_head_json":{"title":"AFKSpin Login: Schnell registrieren & Konto verwalten","description":"Mit AFKSpin Login k\u00f6nnen Sie sich schnell anmelden, auf Ihre Wallet zugreifen und mit wenigen Klicks zur Casino-Lobby zur\u00fcckkehren. Erstellen Sie direkt auf dieser Seite ein Konto, nutzen Sie \u201ePasswort vergessen?\u201c, um Ihren Zugang wiederherzustellen, und verwalten Sie Boni und Zahlungen ger\u00e4te\u00fcbergreifend.","robots":{"index":"index","follow":"follow","max-snippet":"max-snippet:-1","max-image-preview":"max-image-preview:large","max-video-preview":"max-video-preview:-1"},"canonical":"https:\/\/afk-spin.net\/de\/anmeldung-und-registrierung\/","og_locale":"de_DE","og_type":"article","og_title":"AFKSpin Login: Schnell registrieren & Konto verwalten","og_description":"Mit AFKSpin Login k\u00f6nnen Sie sich schnell anmelden, auf Ihre Wallet zugreifen und mit wenigen Klicks zur Casino-Lobby zur\u00fcckkehren. Erstellen Sie direkt auf dieser Seite ein Konto, nutzen Sie \u201ePasswort vergessen?\u201c, um Ihren Zugang wiederherzustellen, und verwalten Sie Boni und Zahlungen ger\u00e4te\u00fcbergreifend.","og_url":"https:\/\/afk-spin.net\/de\/anmeldung-und-registrierung\/","og_site_name":"afkspin","article_modified_time":"2026-03-05T09:30:35+00:00","twitter_card":"summary_large_image","twitter_misc":{"Gesch\u00e4tzte Lesezeit":"1\u00a0Minute"},"schema":{"@context":"https:\/\/schema.org","@graph":[{"@type":"WebPage","@id":"https:\/\/afk-spin.net\/de\/anmeldung-und-registrierung\/","url":"https:\/\/afk-spin.net\/de\/anmeldung-und-registrierung\/","name":"AFKSpin Login: Schnell registrieren & Konto verwalten","isPartOf":{"@id":"https:\/\/afk-spin.net\/de\/#website"},"datePublished":"2025-12-05T06:14:39+00:00","dateModified":"2026-03-05T09:30:35+00:00","description":"Mit AFKSpin Login k\u00f6nnen Sie sich schnell anmelden, auf Ihre Wallet zugreifen und mit wenigen Klicks zur Casino-Lobby zur\u00fcckkehren. Erstellen Sie direkt auf dieser Seite ein Konto, nutzen Sie \u201ePasswort vergessen?\u201c, um Ihren Zugang wiederherzustellen, und verwalten Sie Boni und Zahlungen ger\u00e4te\u00fcbergreifend.","breadcrumb":{"@id":"https:\/\/afk-spin.net\/de\/anmeldung-und-registrierung\/#breadcrumb"},"inLanguage":"de","potentialAction":[{"@type":"ReadAction","target":["https:\/\/afk-spin.net\/de\/anmeldung-und-registrierung\/"]}]},{"@type":"BreadcrumbList","@id":"https:\/\/afk-spin.net\/de\/anmeldung-und-registrierung\/#breadcrumb","itemListElement":[{"@type":"ListItem","position":1,"name":"Afkspin","item":"https:\/\/afk-spin.net\/de\/"},{"@type":"ListItem","position":2,"name":"Anmeldung und Registrierung"}]},{"@type":"WebSite","@id":"https:\/\/afk-spin.net\/de\/#website","url":"https:\/\/afk-spin.net\/de\/","name":"Afkspin","description":"","publisher":{"@id":"https:\/\/afk-spin.net\/de\/#organization"},"potentialAction":[{"@type":"SearchAction","target":{"@type":"EntryPoint","urlTemplate":"https:\/\/afk-spin.net\/de\/?s={search_term_string}"},"query-input":{"@type":"PropertyValueSpecification","valueRequired":true,"valueName":"search_term_string"}}],"inLanguage":"de"},{"@type":"Organization","@id":"https:\/\/afk-spin.net\/de\/#organization","name":"Afkspin","url":"https:\/\/afk-spin.net\/de\/","logo":{"@type":"ImageObject","inLanguage":"de","@id":"https:\/\/afk-spin.net\/de\/#\/schema\/logo\/image\/","url":"https:\/\/afk-spin.net\/wp-content\/uploads\/2025\/12\/logo.svg","contentUrl":"https:\/\/afk-spin.net\/wp-content\/uploads\/2025\/12\/logo.svg","width":84,"height":24,"caption":"Afkspin"},"image":{"@id":"https:\/\/afk-spin.net\/de\/#\/schema\/logo\/image\/"}}]}},"_links":{"self":[{"href":"https:\/\/afk-spin.net\/de\/wp-json\/wp\/v2\/pages\/1462","targetHints":{"allow":["GET"]}}],"collection":[{"href":"https:\/\/afk-spin.net\/de\/wp-json\/wp\/v2\/pages"}],"about":[{"href":"https:\/\/afk-spin.net\/de\/wp-json\/wp\/v2\/types\/page"}],"author":[{"embeddable":true,"href":"https:\/\/afk-spin.net\/de\/wp-json\/wp\/v2\/users\/1"}],"replies":[{"embeddable":true,"href":"https:\/\/afk-spin.net\/de\/wp-json\/wp\/v2\/comments?post=1462"}],"version-history":[{"count":3,"href":"https:\/\/afk-spin.net\/de\/wp-json\/wp\/v2\/pages\/1462\/revisions"}],"predecessor-version":[{"id":1948,"href":"https:\/\/afk-spin.net\/de\/wp-json\/wp\/v2\/pages\/1462\/revisions\/1948"}],"wp:attachment":[{"href":"https:\/\/afk-spin.net\/de\/wp-json\/wp\/v2\/media?parent=1462"}],"curies":[{"name":"wp","href":"https:\/\/api.w.org\/{rel}","templated":true}]}}