{"id":1414,"date":"2025-12-05T06:06:35","date_gmt":"2025-12-05T06:06:35","guid":{"rendered":"https:\/\/afk-spin.net\/app-2\/"},"modified":"2026-03-05T08:47:35","modified_gmt":"2026-03-05T08:47:35","slug":"app","status":"publish","type":"page","link":"https:\/\/afk-spin.net\/de\/app\/","title":{"rendered":"App"},"content":{"rendered":"<h1>AFKSpin App f\u00fcr iOS und Android<\/h1>\n<p>AFKSpin App ist unser mobiles Format f\u00fcr Spieler, die ein klares, anwendungs\u00e4hnliche Gestaltung bevorzugen. Wir halten den Startbereich strukturiert und die Spielseiten leicht zu \u00fcberblicken, damit die Men\u00fcf\u00fchrung nachvollziehbar bleibt. Viele Spieler nutzen sie, wenn sie eine kurze Spielrunde m\u00f6chten und keine unn\u00f6tigen H\u00fcrden zwischen dem \u00d6ffnen der Plattform und dem Start eines Spiels wollen.<\/p>\n<div class=\"banner-wrap\" aria-label=\"Banner\"><img src=\"https:\/\/afk-spin.net\/wp-content\/uploads\/2025\/12\/AFK-Spins-banner-carousel-932\u0445400.webp\" class=\"w-100 d-none d-lg-block img-pc main-banner-img\" alt=\"AFKspin desktop banner\" fetchpriority=\"high\" decoding=\"async\"><img src=\"https:\/\/afk-spin.net\/wp-content\/uploads\/2025\/12\/AFKspin-mobile-banner.webp\" class=\"w-100 d-none d-md-block d-lg-none main-banner-img\" alt=\"AFKspin mobile banner\" fetchpriority=\"high\" decoding=\"async\"><img src=\"https:\/\/afk-spin.net\/wp-content\/uploads\/2025\/12\/AFKspin-mobile-banner.webp\" class=\"w-100 d-md-none\" alt=\"AFKspin mobile banner\" fetchpriority=\"high\" decoding=\"async\"><div class=\"banner-description\">\n<div class=\"banner-title\">Willkommensboni<\/div>\n<p class=\"banner-header-title\">1500 \u20ac<\/p>\n<div class=\"banner-header-AdditionalText\">+ 250 Freispiele<\/div>\n<button data-item=\"homepage_banner_link\" class=\"goto m-button m-gradient-border m-button--primary m-button--large banner-button btn-orange\">\n            <div class=\"m-button-content\">\n                <span>Melden Sie sich jetzt an<\/span>\n                <span><\/span>\n            <\/div>\n        <\/button>\n<\/div>\n<div class=\"WelcomePack\">\n<p><img loading=\"lazy\" decoding=\"async\" class=\"alignnone size-full wp-image-1339\" src=\"https:\/\/afk-spin.net\/wp-content\/uploads\/2025\/12\/welcome-crown.svg\" alt=\"crown\" width=\"25\" height=\"26\" \/><\/p>\n<div class=\"WelcomePack-Info\">W\u00f6chentliches Cashback bis zu 25 %<\/div>\n<p><img loading=\"lazy\" decoding=\"async\" class=\"alignnone size-full wp-image-1339\" src=\"https:\/\/afk-spin.net\/wp-content\/uploads\/2025\/12\/welcome-crown.svg\" alt=\"crown\" width=\"25\" height=\"26\" \/><\/p>\n<\/div>\n<\/div>\n<h2>Warum sollten Sie sich f\u00fcr die AFK Spin Casino App entscheiden?<\/h2>\n<p>Die AFK Spin App optimiert alle Casinospiele und Funktionen f\u00fcr Ihr Mobilger\u00e4t. Der Hauptunterschied zwischen der mobilen Software und der PC-Version ist ihre Portabilit\u00e4t. Eine weitere Besonderheit der Software ist unsere firmeneigene \u201eNo Keyboard\u201d-Mechanik (AFK) zum Anpassen der Einstellungen und Starten der Spiele. Es handelt sich also um ein vollst\u00e4ndig optimiertes mobiles Casino in Ihrer Tasche.<\/p>\n<p>Der Vorteil eines PCs ist sein gro\u00dfer Bildschirm, aber alle Funktionen sind auf dem PC und in der mobilen App identisch. Die Software gleicht den kleinen Bildschirm durch eine optimierte Touch-Oberfl\u00e4che und Push-Benachrichtigungen aus. In unserer Anwendung k\u00f6nnen Sie alles tun, was Sie auch in einem Browser tun k\u00f6nnen: den Verifizierungsprozess abschlie\u00dfen, Transaktionen durchf\u00fchren, Boni nutzen, alle Spiele spielen und vieles mehr.<\/p>\n<table>\n<tbody>\n<tr>\n<td>Funktion<\/td>\n<td>Mobile AFK Spin App<\/td>\n<td>PC-Version<\/td>\n<\/tr>\n<tr>\n<td>Portabilit\u00e4t<\/td>\n<td>Sie k\u00f6nnen \u00fcberall spielen.<\/td>\n<td>Auf einen festen Standort beschr\u00e4nkt.<\/td>\n<\/tr>\n<tr>\n<td>AFK-Mechanik<\/td>\n<td>Erm\u00f6glicht das passive Sammeln von Belohnungen.<\/td>\n<td>Das Spiel muss aktiv ausgef\u00fchrt werden.<\/td>\n<\/tr>\n<tr>\n<td>Schnittstelle<\/td>\n<td>Optimierte Touch-Steuerung.<\/td>\n<td>Gr\u00f6\u00dferer Bildschirm, traditionell Maus\/Tastatur.<\/td>\n<\/tr>\n<tr>\n<td>Benachrichtigungen<\/td>\n<td>Push-Benachrichtigungen f\u00fcr Gewinne\/Bef\u00f6rderungen.<\/td>\n<td>Erfordert Browser\u00fcberwachung.<\/td>\n<\/tr>\n<tr>\n<td>Konnektivit\u00e4t<\/td>\n<td>Schnelles Laden, Zugriff mit einem Fingertipp.<\/td>\n<td>Abh\u00e4ngig vom Starten eines Browsers\/einer Software.<\/td>\n<\/tr>\n<\/tbody>\n<\/table>\n<p><div style=\"clear: both\"><\/div><div class=\"d-flex justify-content-center\"><button data-item=\"decouvrez_link\" data-group=\"website_links\" class=\"goto fw-bold rounded-pill btn btn-orange\" aria-label=\"Laden Sie die AFKspin-App herunter\" >Laden Sie die AFKspin-App herunter<\/button><\/div><div class=\"scrollable-content-wrap my-5\"><div class=\"scrollable-content-inner\"><h2>AFKSpin Web-App f\u00fcr Windows und Mac<\/h2>\n<p>Die Webanwendungen von AFKSpin Casino starten das Casino direkt auf Ihrem Desktop, ohne dass eine komplizierte Installation erforderlich ist. Sowohl Windows- als auch Mac-Benutzer k\u00f6nnen schnell auf AFKSpin Casino zugreifen, ohne einen langwierigen Installationsprozess durchlaufen zu m\u00fcssen. Besuchen Sie einfach unsere Website und erstellen Sie eine Verkn\u00fcpfung auf Ihrem Desktop, um mit einem Klick schnell darauf zugreifen zu k\u00f6nnen. Diese Verkn\u00fcpfung wandelt die Anwendung in eine separate Webanwendung um, die wie ein normales Programm funktioniert. Sie k\u00f6nnen AFKSpin von Ihrem PC-Desktop aus starten. Die Mac- und Windows-Anwendungen verf\u00fcgen \u00fcber eine optimierte Benutzeroberfl\u00e4che, die an die Gr\u00f6\u00dfe Ihres Computerbildschirms angepasst ist.<\/p>\n<p><img loading=\"lazy\" decoding=\"async\" src=\"https:\/\/afk-spin.net\/wp-content\/uploads\/2025\/12\/AFKspin-Desktop.webp\" alt=\"AFKspin Desktop\" width=\"1248\" height=\"536\" \/><\/p>\n<\/div><\/div><div style=\"clear: both\"><\/div><div class=\"d-flex justify-content-center\"><button data-item=\"decouvrez_link\" data-group=\"website_links\" class=\"goto fw-bold rounded-pill btn btn-orange\" aria-label=\"AFKspin herunterladen\" >AFKspin herunterladen<\/button><\/div><div class=\"scrollable-content-wrap my-5\"><div class=\"scrollable-content-inner\"><h2>Installieren Sie eine Android-Anwendung<\/h2>\n<p>Der schnellste Weg, alle Vorteile eines Casinos auf Ihrem Mobilger\u00e4t zu genie\u00dfen, ist die Verwendung von AFKSpin f\u00fcr Android. Die AFKSpin Android-Software ist eine moderne, progressive Web-App (PWA). Wir haben diese Software so entwickelt, dass sie auf jedem Mobilger\u00e4t funktioniert und sofortigen Zugriff bietet. Unsere Progressive Web App erfordert keine komplizierte Installation \u2013 keine APK-Dateien oder lange Downloads. PWA ist schnell und l\u00e4sst sich leicht in Ihr Smartphone integrieren.<\/p>\n<h3>So laden Sie die APK herunter<\/h3>\n<p>Sie m\u00fcssen nicht zum Play Store gehen oder die Datei AFKSpin APK herunterladen. Die Installation der PWA AFKSpin ist ganz einfach und dauert nur wenige Sekunden.<\/p>\n<ol>\n<li>Scrollen Sie auf Ihrem Android-Ger\u00e4t auf der Hauptseite der Website AFKSpin nach unten.<\/li>\n<li>Tippen Sie auf die Schaltfl\u00e4che \u201eCasino-App\u201c.<\/li>\n<li>W\u00e4hlen Sie \u201eInstallieren\u201c.<\/li>\n<\/ol>\n<p>Die AFKSpin-App wird dann sofort zu Ihrem Startbildschirm und Ihrem App-Drawer hinzugef\u00fcgt und kann mit einem einzigen Fingertipp gestartet werden.<\/p>\n<p><img loading=\"lazy\" decoding=\"async\" src=\"https:\/\/afk-spin.net\/wp-content\/uploads\/2025\/12\/AFKspin-Android-App.webp\" alt=\"AFKspin Android App\" width=\"1248\" height=\"536\" \/><\/p>\n<\/div><\/div><div style=\"clear: both\"><\/div><div class=\"d-flex justify-content-center\"><button data-item=\"decouvrez_link\" data-group=\"website_links\" class=\"goto fw-bold rounded-pill btn btn-orange\" aria-label=\"Laden Sie die AFKspin-App herunter\" >Laden Sie die AFKspin-App herunter<\/button><\/div><div class=\"scrollable-content-wrap my-5\"><div class=\"scrollable-content-inner\"><h2>AFK Spin-Anwendung f\u00fcr iOS<\/h2>\n<p>F\u00fcr Apple-Nutzer ist die AFKSpin-App f\u00fcr iOS vollst\u00e4ndig optimiert. Sie verf\u00fcgt \u00fcber eine native Schnittstelle, die \u00fcber den Safari-Browser funktioniert. Unsere Software kann auf Ihr Mobilger\u00e4t heruntergeladen werden, ohne dass Sie den App Store besuchen m\u00fcssen. Sie m\u00fcssen nichts herunterladen oder installieren. Diese Methode l\u00e4dt schnell und unterst\u00fctzt Push-Benachrichtigungen. Auf Ihrem Startbildschirm sehen Sie ein spezielles Symbol, \u00fcber das Sie schnell auf Ihre Lieblings-Casinospiele zugreifen k\u00f6nnen.<\/p>\n<h3>Installieren Sie die App auf einem iOS-Ger\u00e4t.<\/h3>\n<ol>\n<li>\u00d6ffnen Sie die AFKSpin Website in Ihrem Safari-Browser.<\/li>\n<li>Tippen Sie auf das Symbol \u201eTeilen\u201c am unteren Bildschirmrand.<\/li>\n<li>W\u00e4hlen Sie \u201eZum Startbildschirm hinzuf\u00fcgen\u201d.<\/li>\n<li>Best\u00e4tigen Sie \u201eHinzuf\u00fcgen\u201c in der oberen rechten Ecke.<\/li>\n<\/ol>\n<p>Danach ist die AFKSpin-App einsatzbereit und wird auf Ihrem Startbildschirm angezeigt. Wenn Sie Fragen zur Installation oder zu anderen Themen haben, wenden Sie sich bitte \u00fcber den Live-Chat oder per E-Mail an unser Support-Team.<\/p>\n<p><img loading=\"lazy\" decoding=\"async\" src=\"https:\/\/afk-spin.net\/wp-content\/uploads\/2025\/12\/AFKspin-iOS-App.webp\" alt=\"AFKspin iOS App\" width=\"1248\" height=\"536\" \/><\/p>\n<\/div><\/div><div style=\"clear: both\"><\/div><div class=\"d-flex justify-content-center\"><button data-item=\"decouvrez_link\" data-group=\"website_links\" class=\"goto fw-bold rounded-pill btn btn-orange\" aria-label=\"AFKspin herunterladen\" >AFKspin herunterladen<\/button><\/div><div class=\"scrollable-content-wrap my-5\"><div class=\"scrollable-content-inner\"><h2>H\u00e4ufig gestellte Fragen<\/h2>\n<h3>Ist die AFKspin Casino App kostenlos zum Herunterladen?<\/h3>\n<p>Ja, die AFKSpin Casino App kann v\u00f6llig kostenlos auf Android- und iOS-Ger\u00e4te heruntergeladen und installiert werden. Unsere Software erfordert keine separate Zahlung oder komplizierte APK-Datei-Downloads f\u00fcr Android. Sie l\u00e4sst sich ganz einfach von unserer Website auf iOS-Ger\u00e4te installieren.<\/p>\n<h3>Kann ich mich mit Face ID oder Fingerabdruck anmelden, um einen schnelleren und sichereren Zugriff zu erhalten?<\/h3>\n<p>Selbstverst\u00e4ndlich. Die AFKSpin-App unterst\u00fctzt biometrische Anmeldemethoden wie Face ID und Fingerabdruck (Touch ID). Diese Funktion ist auf allen Ger\u00e4ten verf\u00fcgbar. Sie k\u00f6nnen diese Funktion in den App-Einstellungen aktivieren. Diese Methode zur Anmeldung in der App kann eine zus\u00e4tzliche Ma\u00dfnahme zum Schutz Ihrer Daten sein.<\/p>\n<h3>Wenn ich bereits ein Konto auf der Website habe, kann ich dann dieselben Anmeldedaten f\u00fcr die App verwenden?<\/h3>\n<p>Ja, Ihr Konto kann mit mehreren Ger\u00e4ten verkn\u00fcpft werden. Sie k\u00f6nnen sich sowohl in Ihrem Browser als auch in der App in Ihr Konto einloggen. Verwenden Sie denselben Benutzernamen und dasselbe Passwort, um sich in der App anzumelden. Ihr Guthaben, Ihr Fortschritt, Ihre Boni und Ihr gesamter Verlauf werden auf allen Ger\u00e4ten synchronisiert.<\/p>\n<h3>Bietet die App die gesamte Palette an Spielen und Zahlungsoptionen?<\/h3>\n<p>Ja, die AFKSpin-App unterst\u00fctzt dieselben Casino-Funktionen wie der Browser. Sie bietet die gesamte Palette der auf der Website verf\u00fcgbaren Spiele, wie z. B. Online-Slots, Tischspiele und Live-Dealer-Spiele. Die App bietet dieselben Zahlungsmethoden wie der Browser.<\/p>\n<\/div><\/div><\/p>\n","protected":false},"excerpt":{"rendered":"<p>AFKSpin App f\u00fcr iOS und Android AFKSpin App ist unser mobiles Format f\u00fcr Spieler, die ein klares, anwendungs\u00e4hnliche Gestaltung bevorzugen. Wir halten den Startbereich strukturiert und die Spielseiten leicht zu \u00fcberblicken, damit die Men\u00fcf\u00fchrung nachvollziehbar bleibt. Viele Spieler nutzen sie, wenn sie eine kurze Spielrunde m\u00f6chten und keine unn\u00f6tigen H\u00fcrden zwischen dem \u00d6ffnen der Plattform [&hellip;]<\/p>\n","protected":false},"author":1,"featured_media":0,"parent":0,"menu_order":0,"comment_status":"closed","ping_status":"closed","template":"template-builder.php","meta":{"_acf_changed":false,"inline_featured_image":false,"footnotes":""},"class_list":["post-1414","page","type-page","status-publish","hentry"],"acf":[],"yoast_head":"<!-- This site is optimized with the Yoast SEO plugin v27.3 - https:\/\/yoast.com\/product\/yoast-seo-wordpress\/ -->\n<title>AFKSpin App f\u00fcr iOS &amp; Android: PWA Casino App<\/title>\n<meta name=\"description\" content=\"Die AFKSpin App f\u00fcr iOS und Android ist eine PWA mit \u00fcbersichtlicher Lobby und Direktzugriff. Die Installation erfolgt \u00fcber die Website \u2013 ganz ohne APK-Dateien, Play Store oder App Store. Melden Sie sich ger\u00e4te\u00fcbergreifend mit denselben Anmeldedaten an und erhalten Sie Push-Benachrichtigungen zu Gewinnen und Aktionen.\" \/>\n<meta name=\"robots\" content=\"index, follow, max-snippet:-1, max-image-preview:large, max-video-preview:-1\" \/>\n<link rel=\"canonical\" href=\"https:\/\/afk-spin.net\/de\/app\/\" \/>\n<meta property=\"og:locale\" content=\"de_DE\" \/>\n<meta property=\"og:type\" content=\"article\" \/>\n<meta property=\"og:title\" content=\"AFKSpin App f\u00fcr iOS &amp; Android: PWA Casino App\" \/>\n<meta property=\"og:description\" content=\"Die AFKSpin App f\u00fcr iOS und Android ist eine PWA mit \u00fcbersichtlicher Lobby und Direktzugriff. Die Installation erfolgt \u00fcber die Website \u2013 ganz ohne APK-Dateien, Play Store oder App Store. Melden Sie sich ger\u00e4te\u00fcbergreifend mit denselben Anmeldedaten an und erhalten Sie Push-Benachrichtigungen zu Gewinnen und Aktionen.\" \/>\n<meta property=\"og:url\" content=\"https:\/\/afk-spin.net\/de\/app\/\" \/>\n<meta property=\"og:site_name\" content=\"afkspin\" \/>\n<meta property=\"article:modified_time\" content=\"2026-03-05T08:47:35+00:00\" \/>\n<meta name=\"twitter:card\" content=\"summary_large_image\" \/>\n<meta name=\"twitter:label1\" content=\"Gesch\u00e4tzte Lesezeit\" \/>\n\t<meta name=\"twitter:data1\" content=\"2\u00a0Minuten\" \/>\n<script type=\"application\/ld+json\" class=\"yoast-schema-graph\">{\"@context\":\"https:\\\/\\\/schema.org\",\"@graph\":[{\"@type\":\"WebPage\",\"@id\":\"https:\\\/\\\/afk-spin.net\\\/de\\\/app\\\/\",\"url\":\"https:\\\/\\\/afk-spin.net\\\/de\\\/app\\\/\",\"name\":\"AFKSpin App f\u00fcr iOS & Android: PWA Casino App\",\"isPartOf\":{\"@id\":\"https:\\\/\\\/afk-spin.net\\\/de\\\/#website\"},\"datePublished\":\"2025-12-05T06:06:35+00:00\",\"dateModified\":\"2026-03-05T08:47:35+00:00\",\"description\":\"Die AFKSpin App f\u00fcr iOS und Android ist eine PWA mit \u00fcbersichtlicher Lobby und Direktzugriff. Die Installation erfolgt \u00fcber die Website \u2013 ganz ohne APK-Dateien, Play Store oder App Store. Melden Sie sich ger\u00e4te\u00fcbergreifend mit denselben Anmeldedaten an und erhalten Sie Push-Benachrichtigungen zu Gewinnen und Aktionen.\",\"breadcrumb\":{\"@id\":\"https:\\\/\\\/afk-spin.net\\\/de\\\/app\\\/#breadcrumb\"},\"inLanguage\":\"de\",\"potentialAction\":[{\"@type\":\"ReadAction\",\"target\":[\"https:\\\/\\\/afk-spin.net\\\/de\\\/app\\\/\"]}]},{\"@type\":\"BreadcrumbList\",\"@id\":\"https:\\\/\\\/afk-spin.net\\\/de\\\/app\\\/#breadcrumb\",\"itemListElement\":[{\"@type\":\"ListItem\",\"position\":1,\"name\":\"Afkspin\",\"item\":\"https:\\\/\\\/afk-spin.net\\\/de\\\/\"},{\"@type\":\"ListItem\",\"position\":2,\"name\":\"App\"}]},{\"@type\":\"WebSite\",\"@id\":\"https:\\\/\\\/afk-spin.net\\\/de\\\/#website\",\"url\":\"https:\\\/\\\/afk-spin.net\\\/de\\\/\",\"name\":\"Afkspin\",\"description\":\"\",\"publisher\":{\"@id\":\"https:\\\/\\\/afk-spin.net\\\/de\\\/#organization\"},\"potentialAction\":[{\"@type\":\"SearchAction\",\"target\":{\"@type\":\"EntryPoint\",\"urlTemplate\":\"https:\\\/\\\/afk-spin.net\\\/de\\\/?s={search_term_string}\"},\"query-input\":{\"@type\":\"PropertyValueSpecification\",\"valueRequired\":true,\"valueName\":\"search_term_string\"}}],\"inLanguage\":\"de\"},{\"@type\":\"Organization\",\"@id\":\"https:\\\/\\\/afk-spin.net\\\/de\\\/#organization\",\"name\":\"Afkspin\",\"url\":\"https:\\\/\\\/afk-spin.net\\\/de\\\/\",\"logo\":{\"@type\":\"ImageObject\",\"inLanguage\":\"de\",\"@id\":\"https:\\\/\\\/afk-spin.net\\\/de\\\/#\\\/schema\\\/logo\\\/image\\\/\",\"url\":\"https:\\\/\\\/afk-spin.net\\\/wp-content\\\/uploads\\\/2025\\\/12\\\/logo.svg\",\"contentUrl\":\"https:\\\/\\\/afk-spin.net\\\/wp-content\\\/uploads\\\/2025\\\/12\\\/logo.svg\",\"width\":84,\"height\":24,\"caption\":\"Afkspin\"},\"image\":{\"@id\":\"https:\\\/\\\/afk-spin.net\\\/de\\\/#\\\/schema\\\/logo\\\/image\\\/\"}}]}<\/script>\n<!-- \/ Yoast SEO plugin. -->","yoast_head_json":{"title":"AFKSpin App f\u00fcr iOS & Android: PWA Casino App","description":"Die AFKSpin App f\u00fcr iOS und Android ist eine PWA mit \u00fcbersichtlicher Lobby und Direktzugriff. Die Installation erfolgt \u00fcber die Website \u2013 ganz ohne APK-Dateien, Play Store oder App Store. Melden Sie sich ger\u00e4te\u00fcbergreifend mit denselben Anmeldedaten an und erhalten Sie Push-Benachrichtigungen zu Gewinnen und Aktionen.","robots":{"index":"index","follow":"follow","max-snippet":"max-snippet:-1","max-image-preview":"max-image-preview:large","max-video-preview":"max-video-preview:-1"},"canonical":"https:\/\/afk-spin.net\/de\/app\/","og_locale":"de_DE","og_type":"article","og_title":"AFKSpin App f\u00fcr iOS & Android: PWA Casino App","og_description":"Die AFKSpin App f\u00fcr iOS und Android ist eine PWA mit \u00fcbersichtlicher Lobby und Direktzugriff. Die Installation erfolgt \u00fcber die Website \u2013 ganz ohne APK-Dateien, Play Store oder App Store. Melden Sie sich ger\u00e4te\u00fcbergreifend mit denselben Anmeldedaten an und erhalten Sie Push-Benachrichtigungen zu Gewinnen und Aktionen.","og_url":"https:\/\/afk-spin.net\/de\/app\/","og_site_name":"afkspin","article_modified_time":"2026-03-05T08:47:35+00:00","twitter_card":"summary_large_image","twitter_misc":{"Gesch\u00e4tzte Lesezeit":"2\u00a0Minuten"},"schema":{"@context":"https:\/\/schema.org","@graph":[{"@type":"WebPage","@id":"https:\/\/afk-spin.net\/de\/app\/","url":"https:\/\/afk-spin.net\/de\/app\/","name":"AFKSpin App f\u00fcr iOS & Android: PWA Casino App","isPartOf":{"@id":"https:\/\/afk-spin.net\/de\/#website"},"datePublished":"2025-12-05T06:06:35+00:00","dateModified":"2026-03-05T08:47:35+00:00","description":"Die AFKSpin App f\u00fcr iOS und Android ist eine PWA mit \u00fcbersichtlicher Lobby und Direktzugriff. Die Installation erfolgt \u00fcber die Website \u2013 ganz ohne APK-Dateien, Play Store oder App Store. Melden Sie sich ger\u00e4te\u00fcbergreifend mit denselben Anmeldedaten an und erhalten Sie Push-Benachrichtigungen zu Gewinnen und Aktionen.","breadcrumb":{"@id":"https:\/\/afk-spin.net\/de\/app\/#breadcrumb"},"inLanguage":"de","potentialAction":[{"@type":"ReadAction","target":["https:\/\/afk-spin.net\/de\/app\/"]}]},{"@type":"BreadcrumbList","@id":"https:\/\/afk-spin.net\/de\/app\/#breadcrumb","itemListElement":[{"@type":"ListItem","position":1,"name":"Afkspin","item":"https:\/\/afk-spin.net\/de\/"},{"@type":"ListItem","position":2,"name":"App"}]},{"@type":"WebSite","@id":"https:\/\/afk-spin.net\/de\/#website","url":"https:\/\/afk-spin.net\/de\/","name":"Afkspin","description":"","publisher":{"@id":"https:\/\/afk-spin.net\/de\/#organization"},"potentialAction":[{"@type":"SearchAction","target":{"@type":"EntryPoint","urlTemplate":"https:\/\/afk-spin.net\/de\/?s={search_term_string}"},"query-input":{"@type":"PropertyValueSpecification","valueRequired":true,"valueName":"search_term_string"}}],"inLanguage":"de"},{"@type":"Organization","@id":"https:\/\/afk-spin.net\/de\/#organization","name":"Afkspin","url":"https:\/\/afk-spin.net\/de\/","logo":{"@type":"ImageObject","inLanguage":"de","@id":"https:\/\/afk-spin.net\/de\/#\/schema\/logo\/image\/","url":"https:\/\/afk-spin.net\/wp-content\/uploads\/2025\/12\/logo.svg","contentUrl":"https:\/\/afk-spin.net\/wp-content\/uploads\/2025\/12\/logo.svg","width":84,"height":24,"caption":"Afkspin"},"image":{"@id":"https:\/\/afk-spin.net\/de\/#\/schema\/logo\/image\/"}}]}},"_links":{"self":[{"href":"https:\/\/afk-spin.net\/de\/wp-json\/wp\/v2\/pages\/1414","targetHints":{"allow":["GET"]}}],"collection":[{"href":"https:\/\/afk-spin.net\/de\/wp-json\/wp\/v2\/pages"}],"about":[{"href":"https:\/\/afk-spin.net\/de\/wp-json\/wp\/v2\/types\/page"}],"author":[{"embeddable":true,"href":"https:\/\/afk-spin.net\/de\/wp-json\/wp\/v2\/users\/1"}],"replies":[{"embeddable":true,"href":"https:\/\/afk-spin.net\/de\/wp-json\/wp\/v2\/comments?post=1414"}],"version-history":[{"count":3,"href":"https:\/\/afk-spin.net\/de\/wp-json\/wp\/v2\/pages\/1414\/revisions"}],"predecessor-version":[{"id":1856,"href":"https:\/\/afk-spin.net\/de\/wp-json\/wp\/v2\/pages\/1414\/revisions\/1856"}],"wp:attachment":[{"href":"https:\/\/afk-spin.net\/de\/wp-json\/wp\/v2\/media?parent=1414"}],"curies":[{"name":"wp","href":"https:\/\/api.w.org\/{rel}","templated":true}]}}